{"id":4034,"date":"2023-11-29T15:25:27","date_gmt":"2023-11-29T14:25:27","guid":{"rendered":"https:\/\/enjoyersworld.com\/?post_type=product&#038;p=4034"},"modified":"2024-04-08T17:04:51","modified_gmt":"2024-04-08T15:04:51","slug":"metaverso-ew-13-epic","status":"publish","type":"product","link":"https:\/\/web.enjoyersworld.com\/ar\/shop\/metaverse-pack-epic\/metaverso-ew-13-epic\/","title":{"rendered":"Metaverso EW 13 Epic"},"content":{"rendered":"<p>Descubre un entorno donde la funcionalidad coincide con la innovaci\u00f3n. Sum\u00e9rgete en un universo lleno de potencial y oportunidades dise\u00f1ado para cubrir tus necesidades reales. \u00a1Bienvenido a EnjoyersWorld!<\/p>\n<p>EW13 \u0647\u0648 \u0627\u0644\u0628\u064a\u0626\u0629 \u0627\u0644\u062a\u0642\u0646\u064a\u0629 \u0645\u0646 \u0627\u0644\u0645\u0631\u062c\u0639\u064a\u0629. \u0645\u062c\u0645\u0648\u0639\u0629 \u0648\u0627\u0633\u0639\u0629 \u0645\u0646 \u0625\u0645\u0643\u0627\u0646\u064a\u0627\u062a \u0628\u0646\u0642\u0631\u0629 \u0648\u0627\u062d\u062f\u0629. \u0641\u064a \u0627\u0644\u0647\u0648\u0627\u0621 \u0627\u0644\u0637\u0644\u0642 \u0641\u064a \u0628\u064a\u0626\u0629 \u0642\u0627\u062f\u0631\u0629 \u0639\u0644\u0649 \u0648\u0636\u0639 \u0627\u0644\u062e\u0627\u0635 \u0628\u0643 \u062a\u0635\u0644 \u0625\u0644\u0649 \u0645\u0627 \u062a\u062d\u062a\u0627\u062c \u0625\u0644\u064a\u0647. \u0647\u064a\u0627\u0643\u0644 \u0627\u0644\u0645\u0648\u0627\u062f \u0623\u0648 \u0627\u0644\u0627\u0643\u0633\u0633\u0648\u0627\u0631\u0627\u062a \u0644\u0647\u0627 \u0645\u0643\u0627\u0646 \u0641\u064a \u0627\u0644\u0645\u0644\u0627\u062d\u0629 \u0641\u0631\u064a\u062f\u0629 \u0645\u0646 \u0646\u0648\u0639\u0647\u0627 \u0645\u0646 \u0634\u0623\u0646\u0647\u0627 \u0623\u0646 \u062a\u0644\u0628\u064a \u062c\u0645\u064a\u0639 \u0627\u0644\u0627\u062d\u062a\u064a\u0627\u062c\u0627\u062a \u0627\u0644\u062e\u0627\u0635\u0629 \u0628\u0643 \u0628\u0637\u0631\u064a\u0642\u0629 \u0645\u0646\u0638\u0645\u0629 \u0648\u0628\u0633\u064a\u0637\u0629.<\/p>\n<p style=\"text-decoration: underline;\">Caracter\u00edsticas de los pack:<\/p>\n<p><strong>Epic<\/strong>:<br \/>\n<img decoding=\"async\" class=\"alignnone wp-image-4534 size-full\" src=\"https:\/\/enjoyersworld.com\/wp-content\/uploads\/2023\/12\/circulo_icon_white.png\" alt=\"\" width=\"28\" height=\"28\" \/> Elecci\u00f3n entre 26 entornos, <img decoding=\"async\" class=\"alignnone wp-image-4534 size-full\" src=\"https:\/\/enjoyersworld.com\/wp-content\/uploads\/2023\/12\/circulo_icon_white.png\" alt=\"\" width=\"28\" height=\"28\" \/> 80 puntos interactivos, <img decoding=\"async\" class=\"alignnone wp-image-4534 size-full\" src=\"https:\/\/enjoyersworld.com\/wp-content\/uploads\/2023\/12\/circulo_icon_white.png\" alt=\"\" width=\"28\" height=\"28\" \/> Gesti\u00f3n desde panel de control , <img decoding=\"async\" class=\"alignnone wp-image-4534 size-full\" src=\"https:\/\/enjoyersworld.com\/wp-content\/uploads\/2023\/12\/circulo_icon_white.png\" alt=\"\" width=\"28\" height=\"28\" \/> Posicionamiento SEO, <img decoding=\"async\" class=\"alignnone wp-image-4534 size-full\" src=\"https:\/\/enjoyersworld.com\/wp-content\/uploads\/2023\/12\/circulo_icon_white.png\" alt=\"\" width=\"28\" height=\"28\" \/> Presencia en la MetaCiudad*, <img decoding=\"async\" class=\"alignnone wp-image-4534 size-full\" src=\"https:\/\/enjoyersworld.com\/wp-content\/uploads\/2023\/12\/circulo_icon_white.png\" alt=\"\" width=\"28\" height=\"28\" \/> Zona Victory en la MetaCiudad , <img decoding=\"async\" class=\"alignnone wp-image-4534 size-full\" src=\"https:\/\/enjoyersworld.com\/wp-content\/uploads\/2023\/12\/circulo_icon_white.png\" alt=\"\" width=\"28\" height=\"28\" \/>\u00a0 3 Idiomas, <img decoding=\"async\" class=\"alignnone wp-image-4534 size-full\" src=\"https:\/\/enjoyersworld.com\/wp-content\/uploads\/2023\/12\/circulo_icon_white.png\" alt=\"\" width=\"28\" height=\"28\" \/> Logotipo en la MetaCiudad, <img decoding=\"async\" class=\"alignnone wp-image-4534 size-full\" src=\"https:\/\/enjoyersworld.com\/wp-content\/uploads\/2023\/12\/circulo_icon_white.png\" alt=\"\" width=\"28\" height=\"28\" \/> Estad\u00edsticas Google Analytics, <img decoding=\"async\" class=\"alignnone wp-image-4534 size-full\" src=\"https:\/\/enjoyersworld.com\/wp-content\/uploads\/2023\/12\/circulo_icon_white.png\" alt=\"\" width=\"28\" height=\"28\" \/> Nombre y 60 palabras clave en el buscador de la MetaCiudad, <img decoding=\"async\" class=\"alignnone wp-image-4534 size-full\" src=\"https:\/\/enjoyersworld.com\/wp-content\/uploads\/2023\/12\/circulo_icon_white.png\" alt=\"\" width=\"28\" height=\"28\" \/> 1 Mes de Publicidad en un Mupi de la MetaCiudad<\/p>\n<p>Adquiere tu espacio ahora y comienza a transformar tu forma de interactuar con el mundo digital. Eleva tus presentaciones, conecta con tu audiencia de manera inolvidable y da vida a tus proyectos con un entorno que refleja tu visi\u00f3n.<\/p>\n<p>\u00a1Bienvenido al Metaverso EnjoyersWorld!<\/p>\n<p>Enjoying the Future Together<\/p>","protected":false},"excerpt":{"rendered":"<p>EW13 \u0647\u0648 \u0627\u0644\u0628\u064a\u0626\u0629 \u0627\u0644\u062a\u0642\u0646\u064a\u0629 \u0645\u0646 \u0627\u0644\u0645\u0631\u062c\u0639\u064a\u0629. \u0645\u062c\u0645\u0648\u0639\u0629 \u0648\u0627\u0633\u0639\u0629 \u0645\u0646 \u0625\u0645\u0643\u0627\u0646\u064a\u0627\u062a \u0628\u0646\u0642\u0631\u0629 \u0648\u0627\u062d\u062f\u0629. \u0641\u064a \u0627\u0644\u0647\u0648\u0627\u0621 \u0627\u0644\u0637\u0644\u0642 \u0641\u064a \u0628\u064a\u0626\u0629 \u0642\u0627\u062f\u0631\u0629 \u0639\u0644\u0649 \u0648\u0636\u0639 \u0627\u0644\u062e\u0627\u0635 \u0628\u0643 \u062a\u0635\u0644 \u0625\u0644\u0649 \u0645\u0627 \u062a\u062d\u062a\u0627\u062c \u0625\u0644\u064a\u0647. \u0647\u064a\u0627\u0643\u0644 \u0627\u0644\u0645\u0648\u0627\u062f \u0623\u0648 \u0627\u0644\u0627\u0643\u0633\u0633\u0648\u0627\u0631\u0627\u062a \u0644\u0647\u0627 \u0645\u0643\u0627\u0646 \u0641\u064a \u0627\u0644\u0645\u0644\u0627\u062d\u0629 \u0641\u0631\u064a\u062f\u0629 \u0645\u0646 \u0646\u0648\u0639\u0647\u0627 \u0645\u0646 \u0634\u0623\u0646\u0647\u0627 \u0623\u0646 \u062a\u0644\u0628\u064a \u062c\u0645\u064a\u0639 \u0627\u0644\u0627\u062d\u062a\u064a\u0627\u062c\u0627\u062a \u0627\u0644\u062e\u0627\u0635\u0629 \u0628\u0643 \u0628\u0637\u0631\u064a\u0642\u0629 \u0645\u0646\u0638\u0645\u0629 \u0648\u0628\u0633\u064a\u0637\u0629.<\/p>","protected":false},"featured_media":6258,"template":"","meta":[],"product_brand":[],"product_cat":[53],"product_tag":[],"class_list":{"0":"post-4034","1":"product","2":"type-product","3":"status-publish","4":"has-post-thumbnail","6":"product_cat-metaverse-pack-epic","8":"first","9":"instock","10":"shipping-taxable","11":"purchasable","12":"product-type-variable"},"yoast_head":"<!-- This site is optimized with the Yoast SEO plugin v27.5 - https:\/\/yoast.com\/product\/yoast-seo-wordpress\/ -->\n<title>Metaverso EW 13 Epic - EnjoyersWorld la Plataforma del Metaverso<\/title>\n<meta name=\"robots\" content=\"index, follow, max-snippet:-1, max-image-preview:large, max-video-preview:-1\" \/>\n<link rel=\"canonical\" href=\"https:\/\/web.enjoyersworld.com\/ar\/shop\/metaverse-pack-epic\/metaverso-ew-13-epic\/\" \/>\n<meta property=\"og:locale\" content=\"ar_AR\" \/>\n<meta property=\"og:type\" content=\"article\" \/>\n<meta property=\"og:title\" content=\"Metaverso EW 13 Epic - EnjoyersWorld la Plataforma del Metaverso\" \/>\n<meta property=\"og:description\" content=\"EW13 es el entorno t\u00e9cnico de referencia. Todo un abanico de posibilidades a un solo click. Un entorno al aire libre capaz de poner a tu alcance todo aquello que necesitas. Estructuras, materiales o complementos tienen cabida en una navegaci\u00f3n exclusiva que cubrir\u00e1 todas tus exigencias de forma ordenada y sencilla.\" \/>\n<meta property=\"og:url\" content=\"https:\/\/web.enjoyersworld.com\/ar\/shop\/metaverse-pack-epic\/metaverso-ew-13-epic\/\" \/>\n<meta property=\"og:site_name\" content=\"EnjoyersWorld la Plataforma del Metaverso\" \/>\n<meta property=\"article:publisher\" content=\"https:\/\/www.facebook.com\/EnjoyersWorld\/\" \/>\n<meta property=\"article:modified_time\" content=\"2024-04-08T15:04:51+00:00\" \/>\n<meta property=\"og:image\" content=\"https:\/\/web.enjoyersworld.com\/wp-content\/uploads\/2023\/11\/metaverso_ve13_epic_web.webp\" \/>\n\t<meta property=\"og:image:width\" content=\"700\" \/>\n\t<meta property=\"og:image:height\" content=\"700\" \/>\n\t<meta property=\"og:image:type\" content=\"image\/webp\" \/>\n<meta name=\"twitter:card\" content=\"summary_large_image\" \/>\n<meta name=\"twitter:site\" content=\"@enjoyersworld_\" \/>\n<meta name=\"twitter:label1\" content=\"\u0648\u0642\u062a \u0627\u0644\u0642\u0631\u0627\u0621\u0629 \u0627\u0644\u0645\u064f\u0642\u062f\u0651\u0631\" \/>\n\t<meta name=\"twitter:data1\" content=\"4 \u062f\u0642\u0627\u0626\u0642\" \/>\n<script type=\"application\/ld+json\" class=\"yoast-schema-graph\">{\"@context\":\"https:\\\/\\\/schema.org\",\"@graph\":[{\"@type\":\"WebPage\",\"@id\":\"https:\\\/\\\/web.enjoyersworld.com\\\/fr\\\/shop\\\/metaverse-pack-epic\\\/metaverso-ew-13-epic\\\/\",\"url\":\"https:\\\/\\\/web.enjoyersworld.com\\\/fr\\\/shop\\\/metaverse-pack-epic\\\/metaverso-ew-13-epic\\\/\",\"name\":\"Metaverso EW 13 Epic - EnjoyersWorld la Plataforma del Metaverso\",\"isPartOf\":{\"@id\":\"https:\\\/\\\/web.enjoyersworld.com\\\/#website\"},\"primaryImageOfPage\":{\"@id\":\"https:\\\/\\\/web.enjoyersworld.com\\\/fr\\\/shop\\\/metaverse-pack-epic\\\/metaverso-ew-13-epic\\\/#primaryimage\"},\"image\":{\"@id\":\"https:\\\/\\\/web.enjoyersworld.com\\\/fr\\\/shop\\\/metaverse-pack-epic\\\/metaverso-ew-13-epic\\\/#primaryimage\"},\"thumbnailUrl\":\"https:\\\/\\\/web.enjoyersworld.com\\\/wp-content\\\/uploads\\\/2023\\\/11\\\/metaverso_ve13_epic_web.webp\",\"datePublished\":\"2023-11-29T14:25:27+00:00\",\"dateModified\":\"2024-04-08T15:04:51+00:00\",\"breadcrumb\":{\"@id\":\"https:\\\/\\\/web.enjoyersworld.com\\\/fr\\\/shop\\\/metaverse-pack-epic\\\/metaverso-ew-13-epic\\\/#breadcrumb\"},\"inLanguage\":\"ar\",\"potentialAction\":[{\"@type\":\"ReadAction\",\"target\":[\"https:\\\/\\\/web.enjoyersworld.com\\\/fr\\\/shop\\\/metaverse-pack-epic\\\/metaverso-ew-13-epic\\\/\"]}]},{\"@type\":\"ImageObject\",\"inLanguage\":\"ar\",\"@id\":\"https:\\\/\\\/web.enjoyersworld.com\\\/fr\\\/shop\\\/metaverse-pack-epic\\\/metaverso-ew-13-epic\\\/#primaryimage\",\"url\":\"https:\\\/\\\/web.enjoyersworld.com\\\/wp-content\\\/uploads\\\/2023\\\/11\\\/metaverso_ve13_epic_web.webp\",\"contentUrl\":\"https:\\\/\\\/web.enjoyersworld.com\\\/wp-content\\\/uploads\\\/2023\\\/11\\\/metaverso_ve13_epic_web.webp\",\"width\":700,\"height\":700},{\"@type\":\"BreadcrumbList\",\"@id\":\"https:\\\/\\\/web.enjoyersworld.com\\\/fr\\\/shop\\\/metaverse-pack-epic\\\/metaverso-ew-13-epic\\\/#breadcrumb\",\"itemListElement\":[{\"@type\":\"ListItem\",\"position\":1,\"name\":\"Portada\",\"item\":\"https:\\\/\\\/web.enjoyersworld.com\\\/\"},{\"@type\":\"ListItem\",\"position\":2,\"name\":\"Shop\",\"item\":\"https:\\\/\\\/web.enjoyersworld.com\\\/shop-old\\\/\"},{\"@type\":\"ListItem\",\"position\":3,\"name\":\"Metaverso EW 13 Epic\"}]},{\"@type\":\"WebSite\",\"@id\":\"https:\\\/\\\/web.enjoyersworld.com\\\/#website\",\"url\":\"https:\\\/\\\/web.enjoyersworld.com\\\/\",\"name\":\"EnjoyersWorld la Plataforma del Metaverso\",\"description\":\"Plataforma de Metaversos, gestiona tu propio Metaverso\",\"publisher\":{\"@id\":\"https:\\\/\\\/web.enjoyersworld.com\\\/#organization\"},\"potentialAction\":[{\"@type\":\"SearchAction\",\"target\":{\"@type\":\"EntryPoint\",\"urlTemplate\":\"https:\\\/\\\/web.enjoyersworld.com\\\/?s={search_term_string}\"},\"query-input\":{\"@type\":\"PropertyValueSpecification\",\"valueRequired\":true,\"valueName\":\"search_term_string\"}}],\"inLanguage\":\"ar\"},{\"@type\":\"Organization\",\"@id\":\"https:\\\/\\\/web.enjoyersworld.com\\\/#organization\",\"name\":\"EnjoyersWorld la Plataforma del Metaverso\",\"url\":\"https:\\\/\\\/web.enjoyersworld.com\\\/\",\"logo\":{\"@type\":\"ImageObject\",\"inLanguage\":\"ar\",\"@id\":\"https:\\\/\\\/web.enjoyersworld.com\\\/#\\\/schema\\\/logo\\\/image\\\/\",\"url\":\"https:\\\/\\\/web.enjoyersworld.com\\\/wp-content\\\/uploads\\\/2025\\\/11\\\/Logo-vertical.svg\",\"contentUrl\":\"https:\\\/\\\/web.enjoyersworld.com\\\/wp-content\\\/uploads\\\/2025\\\/11\\\/Logo-vertical.svg\",\"width\":447,\"height\":139,\"caption\":\"EnjoyersWorld la Plataforma del Metaverso\"},\"image\":{\"@id\":\"https:\\\/\\\/web.enjoyersworld.com\\\/#\\\/schema\\\/logo\\\/image\\\/\"},\"sameAs\":[\"https:\\\/\\\/www.facebook.com\\\/EnjoyersWorld\\\/\",\"https:\\\/\\\/x.com\\\/enjoyersworld_\"]}]}<\/script>\n<!-- \/ Yoast SEO plugin. -->","yoast_head_json":{"title":"Metaverso EW 13 Epic - EnjoyersWorld la Plataforma del Metaverso","robots":{"index":"index","follow":"follow","max-snippet":"max-snippet:-1","max-image-preview":"max-image-preview:large","max-video-preview":"max-video-preview:-1"},"canonical":"https:\/\/web.enjoyersworld.com\/ar\/shop\/metaverse-pack-epic\/metaverso-ew-13-epic\/","og_locale":"ar_AR","og_type":"article","og_title":"Metaverso EW 13 Epic - EnjoyersWorld la Plataforma del Metaverso","og_description":"EW13 es el entorno t\u00e9cnico de referencia. Todo un abanico de posibilidades a un solo click. Un entorno al aire libre capaz de poner a tu alcance todo aquello que necesitas. Estructuras, materiales o complementos tienen cabida en una navegaci\u00f3n exclusiva que cubrir\u00e1 todas tus exigencias de forma ordenada y sencilla.","og_url":"https:\/\/web.enjoyersworld.com\/ar\/shop\/metaverse-pack-epic\/metaverso-ew-13-epic\/","og_site_name":"EnjoyersWorld la Plataforma del Metaverso","article_publisher":"https:\/\/www.facebook.com\/EnjoyersWorld\/","article_modified_time":"2024-04-08T15:04:51+00:00","og_image":[{"width":700,"height":700,"url":"https:\/\/web.enjoyersworld.com\/wp-content\/uploads\/2023\/11\/metaverso_ve13_epic_web.webp","type":"image\/webp"}],"twitter_card":"summary_large_image","twitter_site":"@enjoyersworld_","twitter_misc":{"\u0648\u0642\u062a \u0627\u0644\u0642\u0631\u0627\u0621\u0629 \u0627\u0644\u0645\u064f\u0642\u062f\u0651\u0631":"4 \u062f\u0642\u0627\u0626\u0642"},"schema":{"@context":"https:\/\/schema.org","@graph":[{"@type":"WebPage","@id":"https:\/\/web.enjoyersworld.com\/fr\/shop\/metaverse-pack-epic\/metaverso-ew-13-epic\/","url":"https:\/\/web.enjoyersworld.com\/fr\/shop\/metaverse-pack-epic\/metaverso-ew-13-epic\/","name":"Metaverso EW 13 Epic - EnjoyersWorld la Plataforma del Metaverso","isPartOf":{"@id":"https:\/\/web.enjoyersworld.com\/#website"},"primaryImageOfPage":{"@id":"https:\/\/web.enjoyersworld.com\/fr\/shop\/metaverse-pack-epic\/metaverso-ew-13-epic\/#primaryimage"},"image":{"@id":"https:\/\/web.enjoyersworld.com\/fr\/shop\/metaverse-pack-epic\/metaverso-ew-13-epic\/#primaryimage"},"thumbnailUrl":"https:\/\/web.enjoyersworld.com\/wp-content\/uploads\/2023\/11\/metaverso_ve13_epic_web.webp","datePublished":"2023-11-29T14:25:27+00:00","dateModified":"2024-04-08T15:04:51+00:00","breadcrumb":{"@id":"https:\/\/web.enjoyersworld.com\/fr\/shop\/metaverse-pack-epic\/metaverso-ew-13-epic\/#breadcrumb"},"inLanguage":"ar","potentialAction":[{"@type":"ReadAction","target":["https:\/\/web.enjoyersworld.com\/fr\/shop\/metaverse-pack-epic\/metaverso-ew-13-epic\/"]}]},{"@type":"ImageObject","inLanguage":"ar","@id":"https:\/\/web.enjoyersworld.com\/fr\/shop\/metaverse-pack-epic\/metaverso-ew-13-epic\/#primaryimage","url":"https:\/\/web.enjoyersworld.com\/wp-content\/uploads\/2023\/11\/metaverso_ve13_epic_web.webp","contentUrl":"https:\/\/web.enjoyersworld.com\/wp-content\/uploads\/2023\/11\/metaverso_ve13_epic_web.webp","width":700,"height":700},{"@type":"BreadcrumbList","@id":"https:\/\/web.enjoyersworld.com\/fr\/shop\/metaverse-pack-epic\/metaverso-ew-13-epic\/#breadcrumb","itemListElement":[{"@type":"ListItem","position":1,"name":"Portada","item":"https:\/\/web.enjoyersworld.com\/"},{"@type":"ListItem","position":2,"name":"Shop","item":"https:\/\/web.enjoyersworld.com\/shop-old\/"},{"@type":"ListItem","position":3,"name":"Metaverso EW 13 Epic"}]},{"@type":"WebSite","@id":"https:\/\/web.enjoyersworld.com\/#website","url":"https:\/\/web.enjoyersworld.com\/","name":"EnjoyersWorld \u0645\u0646\u0635\u0629 Metaverse","description":"\u0645\u0646\u0635\u0629 Metaversos \u060c \u0648\u0625\u062f\u0627\u0631\u0629 \u0627\u0644\u062e\u0627\u0635 \u0628\u0643 Metaverse","publisher":{"@id":"https:\/\/web.enjoyersworld.com\/#organization"},"potentialAction":[{"@type":"SearchAction","target":{"@type":"EntryPoint","urlTemplate":"https:\/\/web.enjoyersworld.com\/?s={search_term_string}"},"query-input":{"@type":"PropertyValueSpecification","valueRequired":true,"valueName":"search_term_string"}}],"inLanguage":"ar"},{"@type":"Organization","@id":"https:\/\/web.enjoyersworld.com\/#organization","name":"EnjoyersWorld \u0645\u0646\u0635\u0629 Metaverse","url":"https:\/\/web.enjoyersworld.com\/","logo":{"@type":"ImageObject","inLanguage":"ar","@id":"https:\/\/web.enjoyersworld.com\/#\/schema\/logo\/image\/","url":"https:\/\/web.enjoyersworld.com\/wp-content\/uploads\/2025\/11\/Logo-vertical.svg","contentUrl":"https:\/\/web.enjoyersworld.com\/wp-content\/uploads\/2025\/11\/Logo-vertical.svg","width":447,"height":139,"caption":"EnjoyersWorld la Plataforma del Metaverso"},"image":{"@id":"https:\/\/web.enjoyersworld.com\/#\/schema\/logo\/image\/"},"sameAs":["https:\/\/www.facebook.com\/EnjoyersWorld\/","https:\/\/x.com\/enjoyersworld_"]}]}},"_links":{"self":[{"href":"https:\/\/web.enjoyersworld.com\/ar\/wp-json\/wp\/v2\/product\/4034","targetHints":{"allow":["GET"]}}],"collection":[{"href":"https:\/\/web.enjoyersworld.com\/ar\/wp-json\/wp\/v2\/product"}],"about":[{"href":"https:\/\/web.enjoyersworld.com\/ar\/wp-json\/wp\/v2\/types\/product"}],"wp:featuredmedia":[{"embeddable":true,"href":"https:\/\/web.enjoyersworld.com\/ar\/wp-json\/wp\/v2\/media\/6258"}],"wp:attachment":[{"href":"https:\/\/web.enjoyersworld.com\/ar\/wp-json\/wp\/v2\/media?parent=4034"}],"wp:term":[{"taxonomy":"product_brand","embeddable":true,"href":"https:\/\/web.enjoyersworld.com\/ar\/wp-json\/wp\/v2\/product_brand?post=4034"},{"taxonomy":"product_cat","embeddable":true,"href":"https:\/\/web.enjoyersworld.com\/ar\/wp-json\/wp\/v2\/product_cat?post=4034"},{"taxonomy":"product_tag","embeddable":true,"href":"https:\/\/web.enjoyersworld.com\/ar\/wp-json\/wp\/v2\/product_tag?post=4034"}],"curies":[{"name":"wp","href":"https:\/\/api.w.org\/{rel}","templated":true}]}}