{"id":4172,"date":"2023-11-29T15:26:40","date_gmt":"2023-11-29T14:26:40","guid":{"rendered":"https:\/\/enjoyersworld.com\/?post_type=product&#038;p=4172"},"modified":"2024-02-05T16:05:54","modified_gmt":"2024-02-05T15:05:54","slug":"metaverso-ew-5-epic","status":"publish","type":"product","link":"https:\/\/web.enjoyersworld.com\/en\/shop\/metaverse-pack-epic\/metaverso-ew-5-epic\/","title":{"rendered":"Metaverso EW 5 Epic"},"content":{"rendered":"<p>Navega en un entorno de oportunidades interminables. Explora el Metaverso dise\u00f1ado para satisfacer tus necesidades reales con innovaci\u00f3n y emoci\u00f3n.<\/p>\n<p>EW5 is the perfect environment to make a difference. Its three distinct rooms allow you to offer a nuanced experience where users can move easily and conveniently throughout. A minimalist, dynamic, balanced, fresh, and spacious environment filled with light.<\/p>\n<p style=\"text-decoration: underline;\">Caracter\u00edsticas de los pack:<\/p>\n<p><strong>Epic<\/strong>:<br \/>\n<img decoding=\"async\" class=\"alignnone wp-image-4534 size-full\" src=\"https:\/\/enjoyersworld.com\/wp-content\/uploads\/2023\/12\/circulo_icon_white.png\" alt=\"\" width=\"28\" height=\"28\" \/> Elecci\u00f3n entre 26 entornos, <img decoding=\"async\" class=\"alignnone wp-image-4534 size-full\" src=\"https:\/\/enjoyersworld.com\/wp-content\/uploads\/2023\/12\/circulo_icon_white.png\" alt=\"\" width=\"28\" height=\"28\" \/> 80 puntos interactivos, <img decoding=\"async\" class=\"alignnone wp-image-4534 size-full\" src=\"https:\/\/enjoyersworld.com\/wp-content\/uploads\/2023\/12\/circulo_icon_white.png\" alt=\"\" width=\"28\" height=\"28\" \/> Gesti\u00f3n desde panel de control , <img decoding=\"async\" class=\"alignnone wp-image-4534 size-full\" src=\"https:\/\/enjoyersworld.com\/wp-content\/uploads\/2023\/12\/circulo_icon_white.png\" alt=\"\" width=\"28\" height=\"28\" \/> Posicionamiento SEO, <img decoding=\"async\" class=\"alignnone wp-image-4534 size-full\" src=\"https:\/\/enjoyersworld.com\/wp-content\/uploads\/2023\/12\/circulo_icon_white.png\" alt=\"\" width=\"28\" height=\"28\" \/> Presencia en la MetaCiudad*, <img decoding=\"async\" class=\"alignnone wp-image-4534 size-full\" src=\"https:\/\/enjoyersworld.com\/wp-content\/uploads\/2023\/12\/circulo_icon_white.png\" alt=\"\" width=\"28\" height=\"28\" \/> Zona Victory en la MetaCiudad , <img decoding=\"async\" class=\"alignnone wp-image-4534 size-full\" src=\"https:\/\/enjoyersworld.com\/wp-content\/uploads\/2023\/12\/circulo_icon_white.png\" alt=\"\" width=\"28\" height=\"28\" \/>\u00a0 3 Idiomas, <img decoding=\"async\" class=\"alignnone wp-image-4534 size-full\" src=\"https:\/\/enjoyersworld.com\/wp-content\/uploads\/2023\/12\/circulo_icon_white.png\" alt=\"\" width=\"28\" height=\"28\" \/> Logotipo en la MetaCiudad, <img decoding=\"async\" class=\"alignnone wp-image-4534 size-full\" src=\"https:\/\/enjoyersworld.com\/wp-content\/uploads\/2023\/12\/circulo_icon_white.png\" alt=\"\" width=\"28\" height=\"28\" \/> Estad\u00edsticas Google Analytics, <img decoding=\"async\" class=\"alignnone wp-image-4534 size-full\" src=\"https:\/\/enjoyersworld.com\/wp-content\/uploads\/2023\/12\/circulo_icon_white.png\" alt=\"\" width=\"28\" height=\"28\" \/> Nombre y 60 palabras clave en el buscador de la MetaCiudad, <img decoding=\"async\" class=\"alignnone wp-image-4534 size-full\" src=\"https:\/\/enjoyersworld.com\/wp-content\/uploads\/2023\/12\/circulo_icon_white.png\" alt=\"\" width=\"28\" height=\"28\" \/> 1 Mes de Publicidad en un Mupi de la MetaCiudad<\/p>\n<p>Adquiere tu espacio ahora y comienza a transformar tu forma de interactuar con el mundo digital. Eleva tus presentaciones, conecta con tu audiencia de manera inolvidable y da vida a tus proyectos con un entorno que refleja tu visi\u00f3n.<\/p>\n<p>\u00a1Bienvenido al Metaverso EnjoyersWorld!<\/p>\n<p>Enjoying the Future Together<\/p>","protected":false},"excerpt":{"rendered":"<p>EW5 is the perfect environment to make a difference. Its three distinct rooms allow you to offer a nuanced experience where users can move easily and conveniently throughout. A minimalist, dynamic, balanced, fresh, and spacious environment filled with light.<\/p>","protected":false},"featured_media":5687,"template":"","meta":[],"product_brand":[],"product_cat":[53],"product_tag":[],"class_list":{"0":"post-4172","1":"product","2":"type-product","3":"status-publish","4":"has-post-thumbnail","6":"product_cat-metaverse-pack-epic","8":"first","9":"instock","10":"shipping-taxable","11":"purchasable","12":"product-type-variable"},"yoast_head":"<!-- This site is optimized with the Yoast SEO plugin v27.5 - https:\/\/yoast.com\/product\/yoast-seo-wordpress\/ -->\n<title>Metaverso EW 5 Epic - EnjoyersWorld la Plataforma del Metaverso<\/title>\n<meta name=\"robots\" content=\"index, follow, max-snippet:-1, max-image-preview:large, max-video-preview:-1\" \/>\n<link rel=\"canonical\" href=\"https:\/\/web.enjoyersworld.com\/en\/shop\/metaverse-pack-epic\/metaverso-ew-5-epic\/\" \/>\n<meta property=\"og:locale\" content=\"en_US\" \/>\n<meta property=\"og:type\" content=\"article\" \/>\n<meta property=\"og:title\" content=\"Metaverso EW 5 Epic - EnjoyersWorld la Plataforma del Metaverso\" \/>\n<meta property=\"og:description\" content=\"EW5 es el entorno para marcar diferencias. Sus tres salas muy bien diferenciadas te permiten ofrecer una experiencia llena de matices donde el usuario podr\u00e1 moverse por todas ellas de forma sencilla y pr\u00e1ctica.. Un entorno minimalista, din\u00e1mico, equilibrado, fresco y amplio lleno de luz.\" \/>\n<meta property=\"og:url\" content=\"https:\/\/web.enjoyersworld.com\/en\/shop\/metaverse-pack-epic\/metaverso-ew-5-epic\/\" \/>\n<meta property=\"og:site_name\" content=\"EnjoyersWorld la Plataforma del Metaverso\" \/>\n<meta property=\"article:publisher\" content=\"https:\/\/www.facebook.com\/EnjoyersWorld\/\" \/>\n<meta property=\"article:modified_time\" content=\"2024-02-05T15:05:54+00:00\" \/>\n<meta property=\"og:image\" content=\"https:\/\/web.enjoyersworld.com\/wp-content\/uploads\/2023\/11\/metaverso_ew5_epic_web.webp\" \/>\n\t<meta property=\"og:image:width\" content=\"700\" \/>\n\t<meta property=\"og:image:height\" content=\"700\" \/>\n\t<meta property=\"og:image:type\" content=\"image\/webp\" \/>\n<meta name=\"twitter:card\" content=\"summary_large_image\" \/>\n<meta name=\"twitter:site\" content=\"@enjoyersworld_\" \/>\n<meta name=\"twitter:label1\" content=\"Est. reading time\" \/>\n\t<meta name=\"twitter:data1\" content=\"3 minutes\" \/>\n<script type=\"application\/ld+json\" class=\"yoast-schema-graph\">{\"@context\":\"https:\\\/\\\/schema.org\",\"@graph\":[{\"@type\":\"WebPage\",\"@id\":\"https:\\\/\\\/web.enjoyersworld.com\\\/shop\\\/metaverse-pack-epic\\\/metaverso-ew-5-epic\\\/\",\"url\":\"https:\\\/\\\/web.enjoyersworld.com\\\/shop\\\/metaverse-pack-epic\\\/metaverso-ew-5-epic\\\/\",\"name\":\"Metaverso EW 5 Epic - EnjoyersWorld la Plataforma del Metaverso\",\"isPartOf\":{\"@id\":\"https:\\\/\\\/web.enjoyersworld.com\\\/#website\"},\"primaryImageOfPage\":{\"@id\":\"https:\\\/\\\/web.enjoyersworld.com\\\/shop\\\/metaverse-pack-epic\\\/metaverso-ew-5-epic\\\/#primaryimage\"},\"image\":{\"@id\":\"https:\\\/\\\/web.enjoyersworld.com\\\/shop\\\/metaverse-pack-epic\\\/metaverso-ew-5-epic\\\/#primaryimage\"},\"thumbnailUrl\":\"https:\\\/\\\/web.enjoyersworld.com\\\/wp-content\\\/uploads\\\/2023\\\/11\\\/metaverso_ew5_epic_web.webp\",\"datePublished\":\"2023-11-29T14:26:40+00:00\",\"dateModified\":\"2024-02-05T15:05:54+00:00\",\"breadcrumb\":{\"@id\":\"https:\\\/\\\/web.enjoyersworld.com\\\/shop\\\/metaverse-pack-epic\\\/metaverso-ew-5-epic\\\/#breadcrumb\"},\"inLanguage\":\"en-US\",\"potentialAction\":[{\"@type\":\"ReadAction\",\"target\":[\"https:\\\/\\\/web.enjoyersworld.com\\\/shop\\\/metaverse-pack-epic\\\/metaverso-ew-5-epic\\\/\"]}]},{\"@type\":\"ImageObject\",\"inLanguage\":\"en-US\",\"@id\":\"https:\\\/\\\/web.enjoyersworld.com\\\/shop\\\/metaverse-pack-epic\\\/metaverso-ew-5-epic\\\/#primaryimage\",\"url\":\"https:\\\/\\\/web.enjoyersworld.com\\\/wp-content\\\/uploads\\\/2023\\\/11\\\/metaverso_ew5_epic_web.webp\",\"contentUrl\":\"https:\\\/\\\/web.enjoyersworld.com\\\/wp-content\\\/uploads\\\/2023\\\/11\\\/metaverso_ew5_epic_web.webp\",\"width\":700,\"height\":700},{\"@type\":\"BreadcrumbList\",\"@id\":\"https:\\\/\\\/web.enjoyersworld.com\\\/shop\\\/metaverse-pack-epic\\\/metaverso-ew-5-epic\\\/#breadcrumb\",\"itemListElement\":[{\"@type\":\"ListItem\",\"position\":1,\"name\":\"Portada\",\"item\":\"https:\\\/\\\/web.enjoyersworld.com\\\/\"},{\"@type\":\"ListItem\",\"position\":2,\"name\":\"Shop\",\"item\":\"https:\\\/\\\/web.enjoyersworld.com\\\/shop-old\\\/\"},{\"@type\":\"ListItem\",\"position\":3,\"name\":\"Metaverso EW 5 Epic\"}]},{\"@type\":\"WebSite\",\"@id\":\"https:\\\/\\\/web.enjoyersworld.com\\\/#website\",\"url\":\"https:\\\/\\\/web.enjoyersworld.com\\\/\",\"name\":\"EnjoyersWorld la Plataforma del Metaverso\",\"description\":\"Plataforma de Metaversos, gestiona tu propio Metaverso\",\"publisher\":{\"@id\":\"https:\\\/\\\/web.enjoyersworld.com\\\/#organization\"},\"potentialAction\":[{\"@type\":\"SearchAction\",\"target\":{\"@type\":\"EntryPoint\",\"urlTemplate\":\"https:\\\/\\\/web.enjoyersworld.com\\\/?s={search_term_string}\"},\"query-input\":{\"@type\":\"PropertyValueSpecification\",\"valueRequired\":true,\"valueName\":\"search_term_string\"}}],\"inLanguage\":\"en-US\"},{\"@type\":\"Organization\",\"@id\":\"https:\\\/\\\/web.enjoyersworld.com\\\/#organization\",\"name\":\"EnjoyersWorld la Plataforma del Metaverso\",\"url\":\"https:\\\/\\\/web.enjoyersworld.com\\\/\",\"logo\":{\"@type\":\"ImageObject\",\"inLanguage\":\"en-US\",\"@id\":\"https:\\\/\\\/web.enjoyersworld.com\\\/#\\\/schema\\\/logo\\\/image\\\/\",\"url\":\"https:\\\/\\\/web.enjoyersworld.com\\\/wp-content\\\/uploads\\\/2025\\\/11\\\/Logo-vertical.svg\",\"contentUrl\":\"https:\\\/\\\/web.enjoyersworld.com\\\/wp-content\\\/uploads\\\/2025\\\/11\\\/Logo-vertical.svg\",\"width\":447,\"height\":139,\"caption\":\"EnjoyersWorld la Plataforma del Metaverso\"},\"image\":{\"@id\":\"https:\\\/\\\/web.enjoyersworld.com\\\/#\\\/schema\\\/logo\\\/image\\\/\"},\"sameAs\":[\"https:\\\/\\\/www.facebook.com\\\/EnjoyersWorld\\\/\",\"https:\\\/\\\/x.com\\\/enjoyersworld_\"]}]}<\/script>\n<!-- \/ Yoast SEO plugin. -->","yoast_head_json":{"title":"Metaverso EW 5 Epic - EnjoyersWorld la Plataforma del Metaverso","robots":{"index":"index","follow":"follow","max-snippet":"max-snippet:-1","max-image-preview":"max-image-preview:large","max-video-preview":"max-video-preview:-1"},"canonical":"https:\/\/web.enjoyersworld.com\/en\/shop\/metaverse-pack-epic\/metaverso-ew-5-epic\/","og_locale":"en_US","og_type":"article","og_title":"Metaverso EW 5 Epic - EnjoyersWorld la Plataforma del Metaverso","og_description":"EW5 es el entorno para marcar diferencias. Sus tres salas muy bien diferenciadas te permiten ofrecer una experiencia llena de matices donde el usuario podr\u00e1 moverse por todas ellas de forma sencilla y pr\u00e1ctica.. Un entorno minimalista, din\u00e1mico, equilibrado, fresco y amplio lleno de luz.","og_url":"https:\/\/web.enjoyersworld.com\/en\/shop\/metaverse-pack-epic\/metaverso-ew-5-epic\/","og_site_name":"EnjoyersWorld la Plataforma del Metaverso","article_publisher":"https:\/\/www.facebook.com\/EnjoyersWorld\/","article_modified_time":"2024-02-05T15:05:54+00:00","og_image":[{"width":700,"height":700,"url":"https:\/\/web.enjoyersworld.com\/wp-content\/uploads\/2023\/11\/metaverso_ew5_epic_web.webp","type":"image\/webp"}],"twitter_card":"summary_large_image","twitter_site":"@enjoyersworld_","twitter_misc":{"Est. reading time":"3 minutes"},"schema":{"@context":"https:\/\/schema.org","@graph":[{"@type":"WebPage","@id":"https:\/\/web.enjoyersworld.com\/shop\/metaverse-pack-epic\/metaverso-ew-5-epic\/","url":"https:\/\/web.enjoyersworld.com\/shop\/metaverse-pack-epic\/metaverso-ew-5-epic\/","name":"Metaverso EW 5 Epic - EnjoyersWorld la Plataforma del Metaverso","isPartOf":{"@id":"https:\/\/web.enjoyersworld.com\/#website"},"primaryImageOfPage":{"@id":"https:\/\/web.enjoyersworld.com\/shop\/metaverse-pack-epic\/metaverso-ew-5-epic\/#primaryimage"},"image":{"@id":"https:\/\/web.enjoyersworld.com\/shop\/metaverse-pack-epic\/metaverso-ew-5-epic\/#primaryimage"},"thumbnailUrl":"https:\/\/web.enjoyersworld.com\/wp-content\/uploads\/2023\/11\/metaverso_ew5_epic_web.webp","datePublished":"2023-11-29T14:26:40+00:00","dateModified":"2024-02-05T15:05:54+00:00","breadcrumb":{"@id":"https:\/\/web.enjoyersworld.com\/shop\/metaverse-pack-epic\/metaverso-ew-5-epic\/#breadcrumb"},"inLanguage":"en-US","potentialAction":[{"@type":"ReadAction","target":["https:\/\/web.enjoyersworld.com\/shop\/metaverse-pack-epic\/metaverso-ew-5-epic\/"]}]},{"@type":"ImageObject","inLanguage":"en-US","@id":"https:\/\/web.enjoyersworld.com\/shop\/metaverse-pack-epic\/metaverso-ew-5-epic\/#primaryimage","url":"https:\/\/web.enjoyersworld.com\/wp-content\/uploads\/2023\/11\/metaverso_ew5_epic_web.webp","contentUrl":"https:\/\/web.enjoyersworld.com\/wp-content\/uploads\/2023\/11\/metaverso_ew5_epic_web.webp","width":700,"height":700},{"@type":"BreadcrumbList","@id":"https:\/\/web.enjoyersworld.com\/shop\/metaverse-pack-epic\/metaverso-ew-5-epic\/#breadcrumb","itemListElement":[{"@type":"ListItem","position":1,"name":"Portada","item":"https:\/\/web.enjoyersworld.com\/"},{"@type":"ListItem","position":2,"name":"Shop","item":"https:\/\/web.enjoyersworld.com\/shop-old\/"},{"@type":"ListItem","position":3,"name":"Metaverso EW 5 Epic"}]},{"@type":"WebSite","@id":"https:\/\/web.enjoyersworld.com\/#website","url":"https:\/\/web.enjoyersworld.com\/","name":"EnjoyersWorld the Platform of the Metaverse","description":"Platform Metaversos, manage your own Metaverse","publisher":{"@id":"https:\/\/web.enjoyersworld.com\/#organization"},"potentialAction":[{"@type":"SearchAction","target":{"@type":"EntryPoint","urlTemplate":"https:\/\/web.enjoyersworld.com\/?s={search_term_string}"},"query-input":{"@type":"PropertyValueSpecification","valueRequired":true,"valueName":"search_term_string"}}],"inLanguage":"en-US"},{"@type":"Organization","@id":"https:\/\/web.enjoyersworld.com\/#organization","name":"EnjoyersWorld the Platform of the Metaverse","url":"https:\/\/web.enjoyersworld.com\/","logo":{"@type":"ImageObject","inLanguage":"en-US","@id":"https:\/\/web.enjoyersworld.com\/#\/schema\/logo\/image\/","url":"https:\/\/web.enjoyersworld.com\/wp-content\/uploads\/2025\/11\/Logo-vertical.svg","contentUrl":"https:\/\/web.enjoyersworld.com\/wp-content\/uploads\/2025\/11\/Logo-vertical.svg","width":447,"height":139,"caption":"EnjoyersWorld la Plataforma del Metaverso"},"image":{"@id":"https:\/\/web.enjoyersworld.com\/#\/schema\/logo\/image\/"},"sameAs":["https:\/\/www.facebook.com\/EnjoyersWorld\/","https:\/\/x.com\/enjoyersworld_"]}]}},"_links":{"self":[{"href":"https:\/\/web.enjoyersworld.com\/en\/wp-json\/wp\/v2\/product\/4172","targetHints":{"allow":["GET"]}}],"collection":[{"href":"https:\/\/web.enjoyersworld.com\/en\/wp-json\/wp\/v2\/product"}],"about":[{"href":"https:\/\/web.enjoyersworld.com\/en\/wp-json\/wp\/v2\/types\/product"}],"wp:featuredmedia":[{"embeddable":true,"href":"https:\/\/web.enjoyersworld.com\/en\/wp-json\/wp\/v2\/media\/5687"}],"wp:attachment":[{"href":"https:\/\/web.enjoyersworld.com\/en\/wp-json\/wp\/v2\/media?parent=4172"}],"wp:term":[{"taxonomy":"product_brand","embeddable":true,"href":"https:\/\/web.enjoyersworld.com\/en\/wp-json\/wp\/v2\/product_brand?post=4172"},{"taxonomy":"product_cat","embeddable":true,"href":"https:\/\/web.enjoyersworld.com\/en\/wp-json\/wp\/v2\/product_cat?post=4172"},{"taxonomy":"product_tag","embeddable":true,"href":"https:\/\/web.enjoyersworld.com\/en\/wp-json\/wp\/v2\/product_tag?post=4172"}],"curies":[{"name":"wp","href":"https:\/\/api.w.org\/{rel}","templated":true}]}}