{"id":4210,"date":"2023-11-29T15:27:01","date_gmt":"2023-11-29T14:27:01","guid":{"rendered":"https:\/\/enjoyersworld.com\/?post_type=product&#038;p=4210"},"modified":"2024-02-05T18:43:12","modified_gmt":"2024-02-05T17:43:12","slug":"metaverso-ew-2-win","status":"publish","type":"product","link":"https:\/\/web.enjoyersworld.com\/en\/shop\/metaverse-pack-win\/metaverso-ew-2-win\/","title":{"rendered":"Metaverso EW 2 Win"},"content":{"rendered":"<p>Explora en el nuevo universo lleno de potencial y oportunidades dise\u00f1ado espec\u00edficamente para cubrir tus necesidades reales en el Metaverso.<\/p>\n<p>EW2 is a highly accessible environment. Its square layout with a modern look facilitates quick and easy navigation for users. Its walls allow your users to access interactive points quickly and easily, and large windows bring light and brightness to the room.<\/p>\n<p style=\"text-decoration: underline;\">Caracter\u00edsticas de los pack:<\/p>\n<p><strong>Win<\/strong>:<br \/>\n<img decoding=\"async\" class=\"alignnone wp-image-4534 size-full\" src=\"https:\/\/enjoyersworld.com\/wp-content\/uploads\/2023\/12\/circulo_icon_white.png\" alt=\"\" width=\"28\" height=\"28\" \/> Elecci\u00f3n entre 20 entornos, <img decoding=\"async\" class=\"alignnone wp-image-4534 size-full\" src=\"https:\/\/enjoyersworld.com\/wp-content\/uploads\/2023\/12\/circulo_icon_white.png\" alt=\"\" width=\"28\" height=\"28\" \/> 15 puntos interactivos, <img decoding=\"async\" class=\"alignnone wp-image-4534 size-full\" src=\"https:\/\/enjoyersworld.com\/wp-content\/uploads\/2023\/12\/circulo_icon_white.png\" alt=\"\" width=\"28\" height=\"28\" \/> Gesti\u00f3n desde panel de control , <img decoding=\"async\" class=\"alignnone wp-image-4534 size-full\" src=\"https:\/\/enjoyersworld.com\/wp-content\/uploads\/2023\/12\/circulo_icon_white.png\" alt=\"\" width=\"28\" height=\"28\" \/> Posicionamiento SEO, <img decoding=\"async\" class=\"alignnone wp-image-4534 size-full\" src=\"https:\/\/enjoyersworld.com\/wp-content\/uploads\/2023\/12\/circulo_icon_white.png\" alt=\"\" width=\"28\" height=\"28\" \/> Presencia en la MetaCiudad*, <img decoding=\"async\" class=\"alignnone wp-image-4534 size-full\" src=\"https:\/\/enjoyersworld.com\/wp-content\/uploads\/2023\/12\/circulo_icon_white.png\" alt=\"\" width=\"28\" height=\"28\" \/> Zona Win en la MetaCiudad , <img decoding=\"async\" class=\"alignnone wp-image-4534 size-full\" src=\"https:\/\/enjoyersworld.com\/wp-content\/uploads\/2023\/12\/circulo_icon_white.png\" alt=\"\" width=\"28\" height=\"28\" \/>\u00a0 1 Idioma, <img decoding=\"async\" class=\"alignnone wp-image-4534 size-full\" src=\"https:\/\/enjoyersworld.com\/wp-content\/uploads\/2023\/12\/circulo_icon_white.png\" alt=\"\" width=\"28\" height=\"28\" \/> Logotipo en la MetaCiudad, <img decoding=\"async\" class=\"alignnone wp-image-4534 size-full\" src=\"https:\/\/enjoyersworld.com\/wp-content\/uploads\/2023\/12\/circulo_icon_white.png\" alt=\"\" width=\"28\" height=\"28\" \/> Nombre y 10 palabras clave en el buscador de la MetaCiudad<\/p>\n<p>Adquiere tu espacio ahora y comienza a transformar tu forma de interactuar con el mundo digital. Eleva tus presentaciones, conecta con tu audiencia de manera inolvidable y da vida a tus proyectos con un entorno que refleja tu visi\u00f3n.<\/p>\n<p>\u00a1Bienvenido al Metaverso EnjoyersWorld!<\/p>\n<p>Enjoying the Future Together<\/p>","protected":false},"excerpt":{"rendered":"<p>EW2 is a highly accessible environment. Its square layout with a modern look facilitates quick and easy navigation for users. Its walls allow your users to access interactive points quickly and easily, and large windows bring light and brightness to the room.<\/p>\n<p>&nbsp;<\/p>","protected":false},"featured_media":5646,"template":"","meta":[],"product_brand":[],"product_cat":[51],"product_tag":[],"class_list":{"0":"post-4210","1":"product","2":"type-product","3":"status-publish","4":"has-post-thumbnail","6":"product_cat-metaverse-pack-win","8":"first","9":"instock","10":"shipping-taxable","11":"purchasable","12":"product-type-variable"},"yoast_head":"<!-- This site is optimized with the Yoast SEO plugin v27.5 - https:\/\/yoast.com\/product\/yoast-seo-wordpress\/ -->\n<title>Metaverso EW 2 Win - EnjoyersWorld la Plataforma del Metaverso<\/title>\n<meta name=\"robots\" content=\"index, follow, max-snippet:-1, max-image-preview:large, max-video-preview:-1\" \/>\n<link rel=\"canonical\" href=\"https:\/\/web.enjoyersworld.com\/en\/shop\/metaverse-pack-win\/metaverso-ew-2-win\/\" \/>\n<meta property=\"og:locale\" content=\"en_US\" \/>\n<meta property=\"og:type\" content=\"article\" \/>\n<meta property=\"og:title\" content=\"Metaverso EW 2 Win - EnjoyersWorld la Plataforma del Metaverso\" \/>\n<meta property=\"og:description\" content=\"EW2 es un entorno muy accesible. Su disposici\u00f3n es cuadrada con un look moderno, lo que facilita una visi\u00f3n r\u00e1pida y sencilla a los usuarios, Sus paredes permitir\u00e1n a tus usuarios acceder a los puntos interactivos de forma r\u00e1pida y sencilla, con unos grandes ventanales que aportan luz y claridad a la sala.  &nbsp;\" \/>\n<meta property=\"og:url\" content=\"https:\/\/web.enjoyersworld.com\/en\/shop\/metaverse-pack-win\/metaverso-ew-2-win\/\" \/>\n<meta property=\"og:site_name\" content=\"EnjoyersWorld la Plataforma del Metaverso\" \/>\n<meta property=\"article:publisher\" content=\"https:\/\/www.facebook.com\/EnjoyersWorld\/\" \/>\n<meta property=\"article:modified_time\" content=\"2024-02-05T17:43:12+00:00\" \/>\n<meta property=\"og:image\" content=\"https:\/\/web.enjoyersworld.com\/wp-content\/uploads\/2023\/10\/metaverso_ew2_win_web.webp\" \/>\n\t<meta property=\"og:image:width\" content=\"700\" \/>\n\t<meta property=\"og:image:height\" content=\"700\" \/>\n\t<meta property=\"og:image:type\" content=\"image\/webp\" \/>\n<meta name=\"twitter:card\" content=\"summary_large_image\" \/>\n<meta name=\"twitter:site\" content=\"@enjoyersworld_\" \/>\n<meta name=\"twitter:label1\" content=\"Est. reading time\" \/>\n\t<meta name=\"twitter:data1\" content=\"3 minutes\" \/>\n<script type=\"application\/ld+json\" class=\"yoast-schema-graph\">{\"@context\":\"https:\\\/\\\/schema.org\",\"@graph\":[{\"@type\":\"WebPage\",\"@id\":\"https:\\\/\\\/web.enjoyersworld.com\\\/shop\\\/metaverse-pack-win\\\/metaverso-ew-2-win\\\/\",\"url\":\"https:\\\/\\\/web.enjoyersworld.com\\\/shop\\\/metaverse-pack-win\\\/metaverso-ew-2-win\\\/\",\"name\":\"Metaverso EW 2 Win - EnjoyersWorld la Plataforma del Metaverso\",\"isPartOf\":{\"@id\":\"https:\\\/\\\/web.enjoyersworld.com\\\/#website\"},\"primaryImageOfPage\":{\"@id\":\"https:\\\/\\\/web.enjoyersworld.com\\\/shop\\\/metaverse-pack-win\\\/metaverso-ew-2-win\\\/#primaryimage\"},\"image\":{\"@id\":\"https:\\\/\\\/web.enjoyersworld.com\\\/shop\\\/metaverse-pack-win\\\/metaverso-ew-2-win\\\/#primaryimage\"},\"thumbnailUrl\":\"https:\\\/\\\/web.enjoyersworld.com\\\/wp-content\\\/uploads\\\/2023\\\/10\\\/metaverso_ew2_win_web.webp\",\"datePublished\":\"2023-11-29T14:27:01+00:00\",\"dateModified\":\"2024-02-05T17:43:12+00:00\",\"breadcrumb\":{\"@id\":\"https:\\\/\\\/web.enjoyersworld.com\\\/shop\\\/metaverse-pack-win\\\/metaverso-ew-2-win\\\/#breadcrumb\"},\"inLanguage\":\"en-US\",\"potentialAction\":[{\"@type\":\"ReadAction\",\"target\":[\"https:\\\/\\\/web.enjoyersworld.com\\\/shop\\\/metaverse-pack-win\\\/metaverso-ew-2-win\\\/\"]}]},{\"@type\":\"ImageObject\",\"inLanguage\":\"en-US\",\"@id\":\"https:\\\/\\\/web.enjoyersworld.com\\\/shop\\\/metaverse-pack-win\\\/metaverso-ew-2-win\\\/#primaryimage\",\"url\":\"https:\\\/\\\/web.enjoyersworld.com\\\/wp-content\\\/uploads\\\/2023\\\/10\\\/metaverso_ew2_win_web.webp\",\"contentUrl\":\"https:\\\/\\\/web.enjoyersworld.com\\\/wp-content\\\/uploads\\\/2023\\\/10\\\/metaverso_ew2_win_web.webp\",\"width\":700,\"height\":700},{\"@type\":\"BreadcrumbList\",\"@id\":\"https:\\\/\\\/web.enjoyersworld.com\\\/shop\\\/metaverse-pack-win\\\/metaverso-ew-2-win\\\/#breadcrumb\",\"itemListElement\":[{\"@type\":\"ListItem\",\"position\":1,\"name\":\"Portada\",\"item\":\"https:\\\/\\\/web.enjoyersworld.com\\\/\"},{\"@type\":\"ListItem\",\"position\":2,\"name\":\"Shop\",\"item\":\"https:\\\/\\\/web.enjoyersworld.com\\\/shop-old\\\/\"},{\"@type\":\"ListItem\",\"position\":3,\"name\":\"Metaverso EW 2 Win\"}]},{\"@type\":\"WebSite\",\"@id\":\"https:\\\/\\\/web.enjoyersworld.com\\\/#website\",\"url\":\"https:\\\/\\\/web.enjoyersworld.com\\\/\",\"name\":\"EnjoyersWorld la Plataforma del Metaverso\",\"description\":\"Plataforma de Metaversos, gestiona tu propio Metaverso\",\"publisher\":{\"@id\":\"https:\\\/\\\/web.enjoyersworld.com\\\/#organization\"},\"potentialAction\":[{\"@type\":\"SearchAction\",\"target\":{\"@type\":\"EntryPoint\",\"urlTemplate\":\"https:\\\/\\\/web.enjoyersworld.com\\\/?s={search_term_string}\"},\"query-input\":{\"@type\":\"PropertyValueSpecification\",\"valueRequired\":true,\"valueName\":\"search_term_string\"}}],\"inLanguage\":\"en-US\"},{\"@type\":\"Organization\",\"@id\":\"https:\\\/\\\/web.enjoyersworld.com\\\/#organization\",\"name\":\"EnjoyersWorld la Plataforma del Metaverso\",\"url\":\"https:\\\/\\\/web.enjoyersworld.com\\\/\",\"logo\":{\"@type\":\"ImageObject\",\"inLanguage\":\"en-US\",\"@id\":\"https:\\\/\\\/web.enjoyersworld.com\\\/#\\\/schema\\\/logo\\\/image\\\/\",\"url\":\"https:\\\/\\\/web.enjoyersworld.com\\\/wp-content\\\/uploads\\\/2025\\\/11\\\/Logo-vertical.svg\",\"contentUrl\":\"https:\\\/\\\/web.enjoyersworld.com\\\/wp-content\\\/uploads\\\/2025\\\/11\\\/Logo-vertical.svg\",\"width\":447,\"height\":139,\"caption\":\"EnjoyersWorld la Plataforma del Metaverso\"},\"image\":{\"@id\":\"https:\\\/\\\/web.enjoyersworld.com\\\/#\\\/schema\\\/logo\\\/image\\\/\"},\"sameAs\":[\"https:\\\/\\\/www.facebook.com\\\/EnjoyersWorld\\\/\",\"https:\\\/\\\/x.com\\\/enjoyersworld_\"]}]}<\/script>\n<!-- \/ Yoast SEO plugin. -->","yoast_head_json":{"title":"Metaverso EW 2 Win - EnjoyersWorld la Plataforma del Metaverso","robots":{"index":"index","follow":"follow","max-snippet":"max-snippet:-1","max-image-preview":"max-image-preview:large","max-video-preview":"max-video-preview:-1"},"canonical":"https:\/\/web.enjoyersworld.com\/en\/shop\/metaverse-pack-win\/metaverso-ew-2-win\/","og_locale":"en_US","og_type":"article","og_title":"Metaverso EW 2 Win - EnjoyersWorld la Plataforma del Metaverso","og_description":"EW2 es un entorno muy accesible. Su disposici\u00f3n es cuadrada con un look moderno, lo que facilita una visi\u00f3n r\u00e1pida y sencilla a los usuarios, Sus paredes permitir\u00e1n a tus usuarios acceder a los puntos interactivos de forma r\u00e1pida y sencilla, con unos grandes ventanales que aportan luz y claridad a la sala.  &nbsp;","og_url":"https:\/\/web.enjoyersworld.com\/en\/shop\/metaverse-pack-win\/metaverso-ew-2-win\/","og_site_name":"EnjoyersWorld la Plataforma del Metaverso","article_publisher":"https:\/\/www.facebook.com\/EnjoyersWorld\/","article_modified_time":"2024-02-05T17:43:12+00:00","og_image":[{"width":700,"height":700,"url":"https:\/\/web.enjoyersworld.com\/wp-content\/uploads\/2023\/10\/metaverso_ew2_win_web.webp","type":"image\/webp"}],"twitter_card":"summary_large_image","twitter_site":"@enjoyersworld_","twitter_misc":{"Est. reading time":"3 minutes"},"schema":{"@context":"https:\/\/schema.org","@graph":[{"@type":"WebPage","@id":"https:\/\/web.enjoyersworld.com\/shop\/metaverse-pack-win\/metaverso-ew-2-win\/","url":"https:\/\/web.enjoyersworld.com\/shop\/metaverse-pack-win\/metaverso-ew-2-win\/","name":"Metaverso EW 2 Win - EnjoyersWorld la Plataforma del Metaverso","isPartOf":{"@id":"https:\/\/web.enjoyersworld.com\/#website"},"primaryImageOfPage":{"@id":"https:\/\/web.enjoyersworld.com\/shop\/metaverse-pack-win\/metaverso-ew-2-win\/#primaryimage"},"image":{"@id":"https:\/\/web.enjoyersworld.com\/shop\/metaverse-pack-win\/metaverso-ew-2-win\/#primaryimage"},"thumbnailUrl":"https:\/\/web.enjoyersworld.com\/wp-content\/uploads\/2023\/10\/metaverso_ew2_win_web.webp","datePublished":"2023-11-29T14:27:01+00:00","dateModified":"2024-02-05T17:43:12+00:00","breadcrumb":{"@id":"https:\/\/web.enjoyersworld.com\/shop\/metaverse-pack-win\/metaverso-ew-2-win\/#breadcrumb"},"inLanguage":"en-US","potentialAction":[{"@type":"ReadAction","target":["https:\/\/web.enjoyersworld.com\/shop\/metaverse-pack-win\/metaverso-ew-2-win\/"]}]},{"@type":"ImageObject","inLanguage":"en-US","@id":"https:\/\/web.enjoyersworld.com\/shop\/metaverse-pack-win\/metaverso-ew-2-win\/#primaryimage","url":"https:\/\/web.enjoyersworld.com\/wp-content\/uploads\/2023\/10\/metaverso_ew2_win_web.webp","contentUrl":"https:\/\/web.enjoyersworld.com\/wp-content\/uploads\/2023\/10\/metaverso_ew2_win_web.webp","width":700,"height":700},{"@type":"BreadcrumbList","@id":"https:\/\/web.enjoyersworld.com\/shop\/metaverse-pack-win\/metaverso-ew-2-win\/#breadcrumb","itemListElement":[{"@type":"ListItem","position":1,"name":"Portada","item":"https:\/\/web.enjoyersworld.com\/"},{"@type":"ListItem","position":2,"name":"Shop","item":"https:\/\/web.enjoyersworld.com\/shop-old\/"},{"@type":"ListItem","position":3,"name":"Metaverso EW 2 Win"}]},{"@type":"WebSite","@id":"https:\/\/web.enjoyersworld.com\/#website","url":"https:\/\/web.enjoyersworld.com\/","name":"EnjoyersWorld the Platform of the Metaverse","description":"Platform Metaversos, manage your own Metaverse","publisher":{"@id":"https:\/\/web.enjoyersworld.com\/#organization"},"potentialAction":[{"@type":"SearchAction","target":{"@type":"EntryPoint","urlTemplate":"https:\/\/web.enjoyersworld.com\/?s={search_term_string}"},"query-input":{"@type":"PropertyValueSpecification","valueRequired":true,"valueName":"search_term_string"}}],"inLanguage":"en-US"},{"@type":"Organization","@id":"https:\/\/web.enjoyersworld.com\/#organization","name":"EnjoyersWorld the Platform of the Metaverse","url":"https:\/\/web.enjoyersworld.com\/","logo":{"@type":"ImageObject","inLanguage":"en-US","@id":"https:\/\/web.enjoyersworld.com\/#\/schema\/logo\/image\/","url":"https:\/\/web.enjoyersworld.com\/wp-content\/uploads\/2025\/11\/Logo-vertical.svg","contentUrl":"https:\/\/web.enjoyersworld.com\/wp-content\/uploads\/2025\/11\/Logo-vertical.svg","width":447,"height":139,"caption":"EnjoyersWorld la Plataforma del Metaverso"},"image":{"@id":"https:\/\/web.enjoyersworld.com\/#\/schema\/logo\/image\/"},"sameAs":["https:\/\/www.facebook.com\/EnjoyersWorld\/","https:\/\/x.com\/enjoyersworld_"]}]}},"_links":{"self":[{"href":"https:\/\/web.enjoyersworld.com\/en\/wp-json\/wp\/v2\/product\/4210","targetHints":{"allow":["GET"]}}],"collection":[{"href":"https:\/\/web.enjoyersworld.com\/en\/wp-json\/wp\/v2\/product"}],"about":[{"href":"https:\/\/web.enjoyersworld.com\/en\/wp-json\/wp\/v2\/types\/product"}],"wp:featuredmedia":[{"embeddable":true,"href":"https:\/\/web.enjoyersworld.com\/en\/wp-json\/wp\/v2\/media\/5646"}],"wp:attachment":[{"href":"https:\/\/web.enjoyersworld.com\/en\/wp-json\/wp\/v2\/media?parent=4210"}],"wp:term":[{"taxonomy":"product_brand","embeddable":true,"href":"https:\/\/web.enjoyersworld.com\/en\/wp-json\/wp\/v2\/product_brand?post=4210"},{"taxonomy":"product_cat","embeddable":true,"href":"https:\/\/web.enjoyersworld.com\/en\/wp-json\/wp\/v2\/product_cat?post=4210"},{"taxonomy":"product_tag","embeddable":true,"href":"https:\/\/web.enjoyersworld.com\/en\/wp-json\/wp\/v2\/product_tag?post=4210"}],"curies":[{"name":"wp","href":"https:\/\/api.w.org\/{rel}","templated":true}]}}