{"id":5414,"date":"2024-02-03T14:08:40","date_gmt":"2024-02-03T13:08:40","guid":{"rendered":"https:\/\/enjoyersworld.com\/?page_id=5414"},"modified":"2024-11-16T22:43:55","modified_gmt":"2024-11-16T21:43:55","slug":"autor","status":"publish","type":"page","link":"https:\/\/web.enjoyersworld.com\/fr\/autor\/","title":{"rendered":"Autor"},"content":{"rendered":"\t\t<div data-elementor-type=\"wp-page\" data-elementor-id=\"5414\" class=\"elementor elementor-5414\" data-elementor-post-type=\"page\">\n\t\t\t\t<header class=\"elementor-element elementor-element-c782be0 e-con-full e-flex e-con e-parent\" data-id=\"c782be0\" data-element_type=\"container\" data-e-type=\"container\" data-settings=\"{&quot;background_background&quot;:&quot;classic&quot;}\">\n\t\t<div class=\"elementor-element elementor-element-1ddb24c3 e-con-full e-flex e-con e-child\" data-id=\"1ddb24c3\" data-element_type=\"container\" data-e-type=\"container\">\n\t\t\t\t<div class=\"elementor-element elementor-element-7079290 elementor-widget elementor-widget-image\" data-id=\"7079290\" data-element_type=\"widget\" data-e-type=\"widget\" data-widget_type=\"image.default\">\n\t\t\t\t<div class=\"elementor-widget-container\">\n\t\t\t\t\t\t\t\t\t\t\t\t\t\t\t\t<a href=\"https:\/\/web.enjoyersworld.com\/fr\">\n\t\t\t\t\t\t\t<img fetchpriority=\"high\" decoding=\"async\" width=\"2560\" height=\"491\" src=\"https:\/\/web.enjoyersworld.com\/wp-content\/uploads\/2023\/10\/Logo_EnjoyersWorld_White-1-scaled.png\" class=\"attachment-full size-full wp-image-3339\" alt=\"\" srcset=\"https:\/\/web.enjoyersworld.com\/wp-content\/uploads\/2023\/10\/Logo_EnjoyersWorld_White-1-scaled.png 2560w, https:\/\/web.enjoyersworld.com\/wp-content\/uploads\/2023\/10\/Logo_EnjoyersWorld_White-1-scaled-600x115.png 600w, https:\/\/web.enjoyersworld.com\/wp-content\/uploads\/2023\/10\/Logo_EnjoyersWorld_White-1-scaled-64x12.png 64w, https:\/\/web.enjoyersworld.com\/wp-content\/uploads\/2023\/10\/Logo_EnjoyersWorld_White-1-300x58.png 300w, https:\/\/web.enjoyersworld.com\/wp-content\/uploads\/2023\/10\/Logo_EnjoyersWorld_White-1-1024x197.png 1024w, https:\/\/web.enjoyersworld.com\/wp-content\/uploads\/2023\/10\/Logo_EnjoyersWorld_White-1-768x147.png 768w, https:\/\/web.enjoyersworld.com\/wp-content\/uploads\/2023\/10\/Logo_EnjoyersWorld_White-1-1536x295.png 1536w, https:\/\/web.enjoyersworld.com\/wp-content\/uploads\/2023\/10\/Logo_EnjoyersWorld_White-1-2048x393.png 2048w, https:\/\/web.enjoyersworld.com\/wp-content\/uploads\/2023\/10\/Logo_EnjoyersWorld_White-1-400x77.png 400w, https:\/\/web.enjoyersworld.com\/wp-content\/uploads\/2023\/10\/Logo_EnjoyersWorld_White-1-1120x215.png 1120w\" sizes=\"(max-width: 2560px) 100vw, 2560px\" \/>\t\t\t\t\t\t\t\t<\/a>\n\t\t\t\t\t\t\t\t\t\t\t\t\t\t\t<\/div>\n\t\t\t\t<\/div>\n\t\t\t\t<\/div>\n\t\t<div class=\"elementor-element elementor-element-58f4a554 e-con-full e-flex e-con e-child\" data-id=\"58f4a554\" data-element_type=\"container\" data-e-type=\"container\">\n\t\t\t\t<div class=\"elementor-element elementor-element-299c4a69 elementor-nav-menu--stretch elementor-widget__width-auto elementor-nav-menu__text-align-center elementor-nav-menu--dropdown-tablet elementor-nav-menu--toggle elementor-nav-menu--burger elementor-widget elementor-widget-nav-menu\" data-id=\"299c4a69\" data-element_type=\"widget\" data-e-type=\"widget\" data-settings=\"{&quot;full_width&quot;:&quot;stretch&quot;,&quot;layout&quot;:&quot;horizontal&quot;,&quot;submenu_icon&quot;:{&quot;value&quot;:&quot;&lt;i class=\\&quot;fas fa-caret-down\\&quot; aria-hidden=\\&quot;true\\&quot;&gt;&lt;\\\/i&gt;&quot;,&quot;library&quot;:&quot;fa-solid&quot;},&quot;toggle&quot;:&quot;burger&quot;}\" data-widget_type=\"nav-menu.default\">\n\t\t\t\t<div class=\"elementor-widget-container\">\n\t\t\t\t\t\t\t\t<nav aria-label=\"Menu\" class=\"elementor-nav-menu--main elementor-nav-menu__container elementor-nav-menu--layout-horizontal e--pointer-none\">\n\t\t\t\t<ul id=\"menu-1-299c4a69\" class=\"elementor-nav-menu\"><li class=\"menu-item menu-item-type-post_type menu-item-object-page menu-item-home menu-item-7420\"><a href=\"https:\/\/web.enjoyersworld.com\/fr\/\" class=\"elementor-item\">Home 2026<\/a><\/li>\n<li class=\"menu-item menu-item-type-post_type menu-item-object-page menu-item-7422\"><a href=\"https:\/\/web.enjoyersworld.com\/fr\/?page_id=6949\" class=\"elementor-item\">Realidad Aumentada<\/a><\/li>\n<li class=\"menu-item menu-item-type-post_type menu-item-object-page menu-item-7421\"><a href=\"https:\/\/web.enjoyersworld.com\/fr\/sobre-nosotros\/\" class=\"elementor-item\">Sobre nosotros 2025<\/a><\/li>\n<li class=\"menu-item menu-item-type-post_type menu-item-object-page menu-item-7423\"><a href=\"https:\/\/web.enjoyersworld.com\/fr\/ficha-proyecto\/\" class=\"elementor-item\">Ficha proyecto<\/a><\/li>\n<li class=\"menu-item menu-item-type-post_type menu-item-object-page menu-item-7424\"><a href=\"https:\/\/web.enjoyersworld.com\/fr\/faqs\/\" class=\"elementor-item\">FAQs<\/a><\/li>\n<li class=\"menu-item menu-item-type-post_type menu-item-object-page menu-item-7426\"><a href=\"https:\/\/web.enjoyersworld.com\/fr\/?page_id=7127\" class=\"elementor-item\">Entornos \/ Ficha entorno<\/a><\/li>\n<li class=\"menu-item menu-item-type-post_type menu-item-object-page menu-item-7428\"><a href=\"https:\/\/web.enjoyersworld.com\/fr\/?page_id=6960\" class=\"elementor-item\">Blog<\/a><\/li>\n<li class=\"menu-item menu-item-type-post_type menu-item-object-page menu-item-7427\"><a href=\"https:\/\/web.enjoyersworld.com\/fr\/?page_id=3246\" class=\"elementor-item\">Contacto<\/a><\/li>\n<\/ul>\t\t\t<\/nav>\n\t\t\t\t\t<div class=\"elementor-menu-toggle\" role=\"button\" tabindex=\"0\" aria-label=\"Permuter le menu\" aria-expanded=\"false\">\n\t\t\t<i aria-hidden=\"true\" role=\"presentation\" class=\"elementor-menu-toggle__icon--open eicon-menu-bar\"><\/i><i aria-hidden=\"true\" role=\"presentation\" class=\"elementor-menu-toggle__icon--close eicon-close\"><\/i>\t\t<\/div>\n\t\t\t\t\t<nav class=\"elementor-nav-menu--dropdown elementor-nav-menu__container\" aria-hidden=\"true\">\n\t\t\t\t<ul id=\"menu-2-299c4a69\" class=\"elementor-nav-menu\"><li class=\"menu-item menu-item-type-post_type menu-item-object-page menu-item-home menu-item-7420\"><a href=\"https:\/\/web.enjoyersworld.com\/fr\/\" class=\"elementor-item\" tabindex=\"-1\">Home 2026<\/a><\/li>\n<li class=\"menu-item menu-item-type-post_type menu-item-object-page menu-item-7422\"><a href=\"https:\/\/web.enjoyersworld.com\/fr\/?page_id=6949\" class=\"elementor-item\" tabindex=\"-1\">Realidad Aumentada<\/a><\/li>\n<li class=\"menu-item menu-item-type-post_type menu-item-object-page menu-item-7421\"><a href=\"https:\/\/web.enjoyersworld.com\/fr\/sobre-nosotros\/\" class=\"elementor-item\" tabindex=\"-1\">Sobre nosotros 2025<\/a><\/li>\n<li class=\"menu-item menu-item-type-post_type menu-item-object-page menu-item-7423\"><a href=\"https:\/\/web.enjoyersworld.com\/fr\/ficha-proyecto\/\" class=\"elementor-item\" tabindex=\"-1\">Ficha proyecto<\/a><\/li>\n<li class=\"menu-item menu-item-type-post_type menu-item-object-page menu-item-7424\"><a href=\"https:\/\/web.enjoyersworld.com\/fr\/faqs\/\" class=\"elementor-item\" tabindex=\"-1\">FAQs<\/a><\/li>\n<li class=\"menu-item menu-item-type-post_type menu-item-object-page menu-item-7426\"><a href=\"https:\/\/web.enjoyersworld.com\/fr\/?page_id=7127\" class=\"elementor-item\" tabindex=\"-1\">Entornos \/ Ficha entorno<\/a><\/li>\n<li class=\"menu-item menu-item-type-post_type menu-item-object-page menu-item-7428\"><a href=\"https:\/\/web.enjoyersworld.com\/fr\/?page_id=6960\" class=\"elementor-item\" tabindex=\"-1\">Blog<\/a><\/li>\n<li class=\"menu-item menu-item-type-post_type menu-item-object-page menu-item-7427\"><a href=\"https:\/\/web.enjoyersworld.com\/fr\/?page_id=3246\" class=\"elementor-item\" tabindex=\"-1\">Contacto<\/a><\/li>\n<\/ul>\t\t\t<\/nav>\n\t\t\t\t\t\t<\/div>\n\t\t\t\t<\/div>\n\t\t\t\t<div class=\"elementor-element elementor-element-39d1c57d elementor-widget elementor-widget-shortcode\" data-id=\"39d1c57d\" data-element_type=\"widget\" data-e-type=\"widget\" data-widget_type=\"shortcode.default\">\n\t\t\t\t<div class=\"elementor-widget-container\">\n\t\t\t\t\t\t\t<div class=\"elementor-shortcode\">[gtranslate]<\/div>\n\t\t\t\t\t\t<\/div>\n\t\t\t\t<\/div>\n\t\t\t\t<div class=\"elementor-element elementor-element-7c17f3ea elementor-widget elementor-widget-spacer\" data-id=\"7c17f3ea\" data-element_type=\"widget\" data-e-type=\"widget\" data-widget_type=\"spacer.default\">\n\t\t\t\t<div class=\"elementor-widget-container\">\n\t\t\t\t\t\t\t<div class=\"elementor-spacer\">\n\t\t\t<div class=\"elementor-spacer-inner\"><\/div>\n\t\t<\/div>\n\t\t\t\t\t\t<\/div>\n\t\t\t\t<\/div>\n\t\t\t\t<div class=\"elementor-element elementor-element-21c7534f elementor-widget__width-auto elementor-widget elementor-widget-button\" data-id=\"21c7534f\" data-element_type=\"widget\" data-e-type=\"widget\" data-widget_type=\"button.default\">\n\t\t\t\t<div class=\"elementor-widget-container\">\n\t\t\t\t\t\t\t\t\t<div class=\"elementor-button-wrapper\">\n\t\t\t\t\t<a class=\"elementor-button elementor-button-link elementor-size-sm\" href=\"#\">\n\t\t\t\t\t\t<span class=\"elementor-button-content-wrapper\">\n\t\t\t\t\t\t\t\t\t<span class=\"elementor-button-text\">ENJOYERSWORLD 3D<\/span>\n\t\t\t\t\t<\/span>\n\t\t\t\t\t<\/a>\n\t\t\t\t<\/div>\n\t\t\t\t\t\t\t\t<\/div>\n\t\t\t\t<\/div>\n\t\t\t\t<\/div>\n\t\t\t\t<\/header>\n\t\t\t\t<section class=\"elementor-section elementor-top-section elementor-element elementor-element-a341ae8 elementor-section-full_width elementor-section-height-default elementor-section-height-default\" data-id=\"a341ae8\" data-element_type=\"section\" data-e-type=\"section\" data-settings=\"{&quot;background_background&quot;:&quot;classic&quot;}\">\n\t\t\t\t\t\t<div class=\"elementor-container elementor-column-gap-extended\">\n\t\t\t\t\t<div class=\"elementor-column elementor-col-100 elementor-top-column elementor-element elementor-element-b4a2f21\" data-id=\"b4a2f21\" data-element_type=\"column\" data-e-type=\"column\">\n\t\t\t<div class=\"elementor-widget-wrap\">\n\t\t\t\t\t\t\t<\/div>\n\t\t<\/div>\n\t\t\t\t\t<\/div>\n\t\t<\/section>\n\t\t<div class=\"elementor-element elementor-element-5c4c7ad e-flex e-con-boxed e-con e-parent\" data-id=\"5c4c7ad\" data-element_type=\"container\" data-e-type=\"container\">\n\t\t\t\t\t<div class=\"e-con-inner\">\n\t\t\t\t<div class=\"elementor-element elementor-element-941423f elementor-widget elementor-widget-spacer\" data-id=\"941423f\" data-element_type=\"widget\" data-e-type=\"widget\" data-widget_type=\"spacer.default\">\n\t\t\t\t<div class=\"elementor-widget-container\">\n\t\t\t\t\t\t\t<div class=\"elementor-spacer\">\n\t\t\t<div class=\"elementor-spacer-inner\"><\/div>\n\t\t<\/div>\n\t\t\t\t\t\t<\/div>\n\t\t\t\t<\/div>\n\t\t\t\t<div class=\"elementor-element elementor-element-5856ee0 elementor-widget elementor-widget-heading\" data-id=\"5856ee0\" data-element_type=\"widget\" data-e-type=\"widget\" data-widget_type=\"heading.default\">\n\t\t\t\t<div class=\"elementor-widget-container\">\n\t\t\t\t\t<h6 class=\"elementor-heading-title elementor-size-default\">DERECHOS DE AUTOR<\/h6>\t\t\t\t<\/div>\n\t\t\t\t<\/div>\n\t\t\t\t\t<\/div>\n\t\t\t\t<\/div>\n\t\t<div class=\"elementor-element elementor-element-02d93e0 e-flex e-con-boxed e-con e-parent\" data-id=\"02d93e0\" data-element_type=\"container\" data-e-type=\"container\">\n\t\t\t\t\t<div class=\"e-con-inner\">\n\t\t\t\t<div class=\"elementor-element elementor-element-dec3d38 elementor-widget elementor-widget-spacer\" data-id=\"dec3d38\" data-element_type=\"widget\" data-e-type=\"widget\" data-widget_type=\"spacer.default\">\n\t\t\t\t<div class=\"elementor-widget-container\">\n\t\t\t\t\t\t\t<div class=\"elementor-spacer\">\n\t\t\t<div class=\"elementor-spacer-inner\"><\/div>\n\t\t<\/div>\n\t\t\t\t\t\t<\/div>\n\t\t\t\t<\/div>\n\t\t\t\t<div class=\"elementor-element elementor-element-adf9294 elementor-widget elementor-widget-text-editor\" data-id=\"adf9294\" data-element_type=\"widget\" data-e-type=\"widget\" data-widget_type=\"text-editor.default\">\n\t\t\t\t<div class=\"elementor-widget-container\">\n\t\t\t\t\t\t\t\t\tAunque tenemos nuestra sede fuera de Am\u00e9rica del Norte y no nos regimos por las leyes de EE. UU. o Canad\u00e1, hemos adoptado e implementado pol\u00edticas razonables en un esfuerzo por cumplir voluntariamente con las leyes contra la infracci\u00f3n, como la Ley de Derechos de Autor del Milenio Digital (\u00abDMCA\u00bb) o la Ley de Modernizaci\u00f3n de Derechos de Autor (\u00abCMA\u00bb). De conformidad con dichas pol\u00edticas, hacemos valer la responsabilidad relacionada con la presunta infracci\u00f3n de derechos de autor cometida por terceros. Por lo tanto, en las circunstancias apropiadas, cancelaremos las cuentas de los usuarios que creemos, a nuestra entera y absoluta discreci\u00f3n, que son infractores reincidentes de derechos de autor, de conformidad con nuestro cumplimiento voluntario de leyes como la DMCA o la CMA. <br> <br>\n \nPuedes reportar cualquier incidencia en https:\/\/enjoyersworld.com\/reportar\/\n\t\t\t\t\t\t\t\t<\/div>\n\t\t\t\t<\/div>\n\t\t\t\t<div class=\"elementor-element elementor-element-a346903 elementor-widget elementor-widget-spacer\" data-id=\"a346903\" data-element_type=\"widget\" data-e-type=\"widget\" data-widget_type=\"spacer.default\">\n\t\t\t\t<div class=\"elementor-widget-container\">\n\t\t\t\t\t\t\t<div class=\"elementor-spacer\">\n\t\t\t<div class=\"elementor-spacer-inner\"><\/div>\n\t\t<\/div>\n\t\t\t\t\t\t<\/div>\n\t\t\t\t<\/div>\n\t\t\t\t\t<\/div>\n\t\t\t\t<\/div>\n\t\t<div class=\"elementor-element elementor-element-73da1600 e-con-full e-flex e-con e-parent\" data-id=\"73da1600\" data-element_type=\"container\" data-e-type=\"container\" data-settings=\"{&quot;background_background&quot;:&quot;classic&quot;}\">\n\t\t<div class=\"elementor-element elementor-element-4508c626 e-con-full e-flex e-con e-child\" data-id=\"4508c626\" data-element_type=\"container\" data-e-type=\"container\">\n\t\t\t\t<div class=\"elementor-element elementor-element-27746055 elementor-widget elementor-widget-text-editor\" data-id=\"27746055\" data-element_type=\"widget\" data-e-type=\"widget\" data-widget_type=\"text-editor.default\">\n\t\t\t\t<div class=\"elementor-widget-container\">\n\t\t\t\t\t\t\t\t\t<h6 class=\"elementor-heading-title elementor-size-default\">\u00a92024 EnjoyersWorld, All Rights Reserved.<\/h6>\t\t\t\t\t\t\t\t<\/div>\n\t\t\t\t<\/div>\n\t\t\t\t<\/div>\n\t\t<div class=\"elementor-element elementor-element-67262f61 e-con-full e-flex e-con e-child\" data-id=\"67262f61\" data-element_type=\"container\" data-e-type=\"container\">\n\t\t\t\t<div class=\"elementor-element elementor-element-1838324a elementor-widget elementor-widget-text-editor\" data-id=\"1838324a\" data-element_type=\"widget\" data-e-type=\"widget\" data-widget_type=\"text-editor.default\">\n\t\t\t\t<div class=\"elementor-widget-container\">\n\t\t\t\t\t\t\t\t\t<h6 class=\"elementor-heading-title elementor-size-default\">Powered by TWO ENJOYERS<\/h6>\t\t\t\t\t\t\t\t<\/div>\n\t\t\t\t<\/div>\n\t\t\t\t<\/div>\n\t\t\t\t<\/div>\n\t\t\t\t<\/div>\n\t\t","protected":false},"excerpt":{"rendered":"<p>[gtranslate] ENJOYERSWORLD 3D DERECHOS DE AUTOR Aunque tenemos nuestra sede fuera de Am\u00e9rica del Norte y no nos regimos por las leyes de EE. UU. o Canad\u00e1, hemos adoptado e implementado pol\u00edticas razonables en un esfuerzo por cumplir voluntariamente con las leyes contra la infracci\u00f3n, como la Ley de Derechos de Autor del Milenio Digital [&hellip;]<\/p>\n","protected":false},"author":1,"featured_media":0,"parent":0,"menu_order":0,"comment_status":"closed","ping_status":"closed","template":"elementor_header_footer","meta":{"footnotes":""},"class_list":["post-5414","page","type-page","status-publish","hentry"],"yoast_head":"<!-- This site is optimized with the Yoast SEO plugin v27.5 - https:\/\/yoast.com\/product\/yoast-seo-wordpress\/ -->\n<title>Autor - EnjoyersWorld la Plataforma del Metaverso<\/title>\n<meta name=\"robots\" content=\"index, follow, max-snippet:-1, max-image-preview:large, max-video-preview:-1\" \/>\n<link rel=\"canonical\" href=\"https:\/\/web.enjoyersworld.com\/fr\/autor\/\" \/>\n<meta property=\"og:locale\" content=\"fr_FR\" \/>\n<meta property=\"og:type\" content=\"article\" \/>\n<meta property=\"og:title\" content=\"Autor - EnjoyersWorld la Plataforma del Metaverso\" \/>\n<meta property=\"og:description\" content=\"[gtranslate] ENJOYERSWORLD 3D DERECHOS DE AUTOR Aunque tenemos nuestra sede fuera de Am\u00e9rica del Norte y no nos regimos por las leyes de EE. UU. o Canad\u00e1, hemos adoptado e implementado pol\u00edticas razonables en un esfuerzo por cumplir voluntariamente con las leyes contra la infracci\u00f3n, como la Ley de Derechos de Autor del Milenio Digital [&hellip;]\" \/>\n<meta property=\"og:url\" content=\"https:\/\/web.enjoyersworld.com\/fr\/autor\/\" \/>\n<meta property=\"og:site_name\" content=\"EnjoyersWorld la Plataforma del Metaverso\" \/>\n<meta property=\"article:publisher\" content=\"https:\/\/www.facebook.com\/EnjoyersWorld\/\" \/>\n<meta property=\"article:modified_time\" content=\"2024-11-16T21:43:55+00:00\" \/>\n<meta property=\"og:image\" content=\"https:\/\/enjoyersworld.com\/wp-content\/uploads\/2023\/10\/Logo_EnjoyersWorld_White-1.png\" \/>\n<meta name=\"twitter:card\" content=\"summary_large_image\" \/>\n<meta name=\"twitter:site\" content=\"@enjoyersworld_\" \/>\n<meta name=\"twitter:label1\" content=\"Dur\u00e9e de lecture estim\u00e9e\" \/>\n\t<meta name=\"twitter:data1\" content=\"7 minutes\" \/>\n<script type=\"application\/ld+json\" class=\"yoast-schema-graph\">{\"@context\":\"https:\\\/\\\/schema.org\",\"@graph\":[{\"@type\":\"WebPage\",\"@id\":\"https:\\\/\\\/web.enjoyersworld.com\\\/autor\\\/\",\"url\":\"https:\\\/\\\/web.enjoyersworld.com\\\/autor\\\/\",\"name\":\"Autor - EnjoyersWorld la Plataforma del Metaverso\",\"isPartOf\":{\"@id\":\"https:\\\/\\\/web.enjoyersworld.com\\\/#website\"},\"primaryImageOfPage\":{\"@id\":\"https:\\\/\\\/web.enjoyersworld.com\\\/autor\\\/#primaryimage\"},\"image\":{\"@id\":\"https:\\\/\\\/web.enjoyersworld.com\\\/autor\\\/#primaryimage\"},\"thumbnailUrl\":\"https:\\\/\\\/enjoyersworld.com\\\/wp-content\\\/uploads\\\/2023\\\/10\\\/Logo_EnjoyersWorld_White-1.png\",\"datePublished\":\"2024-02-03T13:08:40+00:00\",\"dateModified\":\"2024-11-16T21:43:55+00:00\",\"breadcrumb\":{\"@id\":\"https:\\\/\\\/web.enjoyersworld.com\\\/autor\\\/#breadcrumb\"},\"inLanguage\":\"fr-FR\",\"potentialAction\":[{\"@type\":\"ReadAction\",\"target\":[\"https:\\\/\\\/web.enjoyersworld.com\\\/autor\\\/\"]}]},{\"@type\":\"ImageObject\",\"inLanguage\":\"fr-FR\",\"@id\":\"https:\\\/\\\/web.enjoyersworld.com\\\/autor\\\/#primaryimage\",\"url\":\"https:\\\/\\\/enjoyersworld.com\\\/wp-content\\\/uploads\\\/2023\\\/10\\\/Logo_EnjoyersWorld_White-1.png\",\"contentUrl\":\"https:\\\/\\\/enjoyersworld.com\\\/wp-content\\\/uploads\\\/2023\\\/10\\\/Logo_EnjoyersWorld_White-1.png\"},{\"@type\":\"BreadcrumbList\",\"@id\":\"https:\\\/\\\/web.enjoyersworld.com\\\/autor\\\/#breadcrumb\",\"itemListElement\":[{\"@type\":\"ListItem\",\"position\":1,\"name\":\"Portada\",\"item\":\"https:\\\/\\\/web.enjoyersworld.com\\\/\"},{\"@type\":\"ListItem\",\"position\":2,\"name\":\"Autor\"}]},{\"@type\":\"WebSite\",\"@id\":\"https:\\\/\\\/web.enjoyersworld.com\\\/#website\",\"url\":\"https:\\\/\\\/web.enjoyersworld.com\\\/\",\"name\":\"EnjoyersWorld la Plataforma del Metaverso\",\"description\":\"Plataforma de Metaversos, gestiona tu propio Metaverso\",\"publisher\":{\"@id\":\"https:\\\/\\\/web.enjoyersworld.com\\\/#organization\"},\"potentialAction\":[{\"@type\":\"SearchAction\",\"target\":{\"@type\":\"EntryPoint\",\"urlTemplate\":\"https:\\\/\\\/web.enjoyersworld.com\\\/?s={search_term_string}\"},\"query-input\":{\"@type\":\"PropertyValueSpecification\",\"valueRequired\":true,\"valueName\":\"search_term_string\"}}],\"inLanguage\":\"fr-FR\"},{\"@type\":\"Organization\",\"@id\":\"https:\\\/\\\/web.enjoyersworld.com\\\/#organization\",\"name\":\"EnjoyersWorld la Plataforma del Metaverso\",\"url\":\"https:\\\/\\\/web.enjoyersworld.com\\\/\",\"logo\":{\"@type\":\"ImageObject\",\"inLanguage\":\"fr-FR\",\"@id\":\"https:\\\/\\\/web.enjoyersworld.com\\\/#\\\/schema\\\/logo\\\/image\\\/\",\"url\":\"https:\\\/\\\/web.enjoyersworld.com\\\/wp-content\\\/uploads\\\/2025\\\/11\\\/Logo-vertical.svg\",\"contentUrl\":\"https:\\\/\\\/web.enjoyersworld.com\\\/wp-content\\\/uploads\\\/2025\\\/11\\\/Logo-vertical.svg\",\"width\":447,\"height\":139,\"caption\":\"EnjoyersWorld la Plataforma del Metaverso\"},\"image\":{\"@id\":\"https:\\\/\\\/web.enjoyersworld.com\\\/#\\\/schema\\\/logo\\\/image\\\/\"},\"sameAs\":[\"https:\\\/\\\/www.facebook.com\\\/EnjoyersWorld\\\/\",\"https:\\\/\\\/x.com\\\/enjoyersworld_\"]}]}<\/script>\n<!-- \/ Yoast SEO plugin. -->","yoast_head_json":{"title":"Autor - EnjoyersWorld la Plataforma del Metaverso","robots":{"index":"index","follow":"follow","max-snippet":"max-snippet:-1","max-image-preview":"max-image-preview:large","max-video-preview":"max-video-preview:-1"},"canonical":"https:\/\/web.enjoyersworld.com\/fr\/autor\/","og_locale":"fr_FR","og_type":"article","og_title":"Autor - EnjoyersWorld la Plataforma del Metaverso","og_description":"[gtranslate] ENJOYERSWORLD 3D DERECHOS DE AUTOR Aunque tenemos nuestra sede fuera de Am\u00e9rica del Norte y no nos regimos por las leyes de EE. UU. o Canad\u00e1, hemos adoptado e implementado pol\u00edticas razonables en un esfuerzo por cumplir voluntariamente con las leyes contra la infracci\u00f3n, como la Ley de Derechos de Autor del Milenio Digital [&hellip;]","og_url":"https:\/\/web.enjoyersworld.com\/fr\/autor\/","og_site_name":"EnjoyersWorld la Plataforma del Metaverso","article_publisher":"https:\/\/www.facebook.com\/EnjoyersWorld\/","article_modified_time":"2024-11-16T21:43:55+00:00","og_image":[{"url":"https:\/\/enjoyersworld.com\/wp-content\/uploads\/2023\/10\/Logo_EnjoyersWorld_White-1.png","type":"","width":"","height":""}],"twitter_card":"summary_large_image","twitter_site":"@enjoyersworld_","twitter_misc":{"Dur\u00e9e de lecture estim\u00e9e":"7 minutes"},"schema":{"@context":"https:\/\/schema.org","@graph":[{"@type":"WebPage","@id":"https:\/\/web.enjoyersworld.com\/autor\/","url":"https:\/\/web.enjoyersworld.com\/autor\/","name":"Autor - EnjoyersWorld la Plataforma del Metaverso","isPartOf":{"@id":"https:\/\/web.enjoyersworld.com\/#website"},"primaryImageOfPage":{"@id":"https:\/\/web.enjoyersworld.com\/autor\/#primaryimage"},"image":{"@id":"https:\/\/web.enjoyersworld.com\/autor\/#primaryimage"},"thumbnailUrl":"https:\/\/enjoyersworld.com\/wp-content\/uploads\/2023\/10\/Logo_EnjoyersWorld_White-1.png","datePublished":"2024-02-03T13:08:40+00:00","dateModified":"2024-11-16T21:43:55+00:00","breadcrumb":{"@id":"https:\/\/web.enjoyersworld.com\/autor\/#breadcrumb"},"inLanguage":"fr-FR","potentialAction":[{"@type":"ReadAction","target":["https:\/\/web.enjoyersworld.com\/autor\/"]}]},{"@type":"ImageObject","inLanguage":"fr-FR","@id":"https:\/\/web.enjoyersworld.com\/autor\/#primaryimage","url":"https:\/\/enjoyersworld.com\/wp-content\/uploads\/2023\/10\/Logo_EnjoyersWorld_White-1.png","contentUrl":"https:\/\/enjoyersworld.com\/wp-content\/uploads\/2023\/10\/Logo_EnjoyersWorld_White-1.png"},{"@type":"BreadcrumbList","@id":"https:\/\/web.enjoyersworld.com\/autor\/#breadcrumb","itemListElement":[{"@type":"ListItem","position":1,"name":"Portada","item":"https:\/\/web.enjoyersworld.com\/"},{"@type":"ListItem","position":2,"name":"Autor"}]},{"@type":"WebSite","@id":"https:\/\/web.enjoyersworld.com\/#website","url":"https:\/\/web.enjoyersworld.com\/","name":"EnjoyersWorld la Plate-forme de l'M\u00e9taverse","description":"Plate-forme Metaversos, de g\u00e9rer votre propre M\u00e9taverse","publisher":{"@id":"https:\/\/web.enjoyersworld.com\/#organization"},"potentialAction":[{"@type":"SearchAction","target":{"@type":"EntryPoint","urlTemplate":"https:\/\/web.enjoyersworld.com\/?s={search_term_string}"},"query-input":{"@type":"PropertyValueSpecification","valueRequired":true,"valueName":"search_term_string"}}],"inLanguage":"fr-FR"},{"@type":"Organization","@id":"https:\/\/web.enjoyersworld.com\/#organization","name":"EnjoyersWorld la Plate-forme de l'M\u00e9taverse","url":"https:\/\/web.enjoyersworld.com\/","logo":{"@type":"ImageObject","inLanguage":"fr-FR","@id":"https:\/\/web.enjoyersworld.com\/#\/schema\/logo\/image\/","url":"https:\/\/web.enjoyersworld.com\/wp-content\/uploads\/2025\/11\/Logo-vertical.svg","contentUrl":"https:\/\/web.enjoyersworld.com\/wp-content\/uploads\/2025\/11\/Logo-vertical.svg","width":447,"height":139,"caption":"EnjoyersWorld la Plataforma del Metaverso"},"image":{"@id":"https:\/\/web.enjoyersworld.com\/#\/schema\/logo\/image\/"},"sameAs":["https:\/\/www.facebook.com\/EnjoyersWorld\/","https:\/\/x.com\/enjoyersworld_"]}]}},"_links":{"self":[{"href":"https:\/\/web.enjoyersworld.com\/fr\/wp-json\/wp\/v2\/pages\/5414","targetHints":{"allow":["GET"]}}],"collection":[{"href":"https:\/\/web.enjoyersworld.com\/fr\/wp-json\/wp\/v2\/pages"}],"about":[{"href":"https:\/\/web.enjoyersworld.com\/fr\/wp-json\/wp\/v2\/types\/page"}],"author":[{"embeddable":true,"href":"https:\/\/web.enjoyersworld.com\/fr\/wp-json\/wp\/v2\/users\/1"}],"replies":[{"embeddable":true,"href":"https:\/\/web.enjoyersworld.com\/fr\/wp-json\/wp\/v2\/comments?post=5414"}],"version-history":[{"count":4,"href":"https:\/\/web.enjoyersworld.com\/fr\/wp-json\/wp\/v2\/pages\/5414\/revisions"}],"predecessor-version":[{"id":5431,"href":"https:\/\/web.enjoyersworld.com\/fr\/wp-json\/wp\/v2\/pages\/5414\/revisions\/5431"}],"wp:attachment":[{"href":"https:\/\/web.enjoyersworld.com\/fr\/wp-json\/wp\/v2\/media?parent=5414"}],"curies":[{"name":"wp","href":"https:\/\/api.w.org\/{rel}","templated":true}]}}