{"id":9832,"date":"2025-11-05T15:26:55","date_gmt":"2025-11-05T14:26:55","guid":{"rendered":"https:\/\/web.enjoyersworld.com\/?page_id=9832"},"modified":"2025-11-05T18:33:23","modified_gmt":"2025-11-05T17:33:23","slug":"en-construccion","status":"publish","type":"page","link":"https:\/\/web.enjoyersworld.com\/fr\/en-construccion\/","title":{"rendered":"En construcci\u00f3n"},"content":{"rendered":"<div data-elementor-type=\"wp-page\" data-elementor-id=\"9832\" class=\"elementor elementor-9832\" data-elementor-post-type=\"page\">\n\t\t\t\t<div class=\"elementor-element elementor-element-230ddbe e-flex e-con-boxed e-con e-parent\" data-id=\"230ddbe\" data-element_type=\"container\" data-e-type=\"container\" data-settings=\"{&quot;background_background&quot;:&quot;classic&quot;}\">\n\t\t\t\t\t<div class=\"e-con-inner\">\n\t\t<div class=\"elementor-element elementor-element-46f73d4 e-con-full elementor-hidden-mobile e-flex e-con e-child\" data-id=\"46f73d4\" data-element_type=\"container\" data-e-type=\"container\">\n\t\t\t\t<div class=\"elementor-element elementor-element-62c43bd elementor-widget elementor-widget-ucaddon_video_on_hover\" data-id=\"62c43bd\" data-element_type=\"widget\" data-e-type=\"widget\" data-widget_type=\"ucaddon_video_on_hover.default\">\n\t\t\t\t<div class=\"elementor-widget-container\">\n\t\t\t\t\t\n<!-- start Video on Hover -->\n\t\t<link id='font-awesome-css' href='https:\/\/web.enjoyersworld.com\/wp-content\/plugins\/unlimited-elements-for-elementor\/assets_libraries\/font-awesome6\/fontawesome-all.min.css' type='text\/css' rel='stylesheet' >\n\t\t<link id='font-awesome-4-shim-css' href='https:\/\/web.enjoyersworld.com\/wp-content\/plugins\/unlimited-elements-for-elementor\/assets_libraries\/font-awesome6\/fontawesome-v4-shims.min.css' type='text\/css' rel='stylesheet' >\n\t\t<link id='lity-css' href='https:\/\/web.enjoyersworld.com\/wp-content\/plugins\/unlimited-elements-for-elementor\/assets_libraries\/lity\/lity.min.css' type='text\/css' rel='stylesheet' >\n\n<style>\/* widget: Video on Hover *\/\n\n#uc_video_on_hover_elementor_62c43bd {\n  position: relative;\n  display: block;\n  overflow:hidden;\n  width:100%;\n}\n#uc_video_on_hover_elementor_62c43bd .ue-hover-image-video{\n  position: relative;\n  overflow:hidden;\n  background:url(\"https:\/\/web.enjoyersworld.com\/wp-content\/uploads\/2025\/10\/subst_dreta_4_v2-768x799.webp\");\n  background-size:cover;\n}\n\n#uc_video_on_hover_elementor_62c43bd .ue-image{\n  display: block;\n  width:100%;\n  position: relative;\n  z-index: 2;\n}\n#uc_video_on_hover_elementor_62c43bd .ue-video{\n  display: block;\n  object-fit: cover;\n  width:100%;\n  position: absolute;\n  top: 0;\n  left: 0;\n  z-index: 1;\n}\n\n\n\n\n<\/style>\n\n<div id=\"uc_video_on_hover_elementor_62c43bd\" class=\"ue-hover-image-video\"\n          data-mode=\"play-on-hover\"\n     data-play-sound=\"false\"\n          tabindex=\"0\"\n     role=\"button\" aria-label=\"Lire la vid\u00e9o sur le vol stationnaire\"\n          >\n      <img fetchpriority=\"high\" decoding=\"async\" class=\"ue-image\" src=\"https:\/\/web.enjoyersworld.com\/wp-content\/uploads\/2025\/10\/subst_dreta_4_v2-768x799.webp\" alt=\"subst_dreta_4_v2\" width=\"768\" height=\"799\">\n              <video class=\"ue-video\" preload=\"metadata\" muted playsinline loop>\n          <source src=\"https:\/\/web.enjoyersworld.com\/wp-content\/uploads\/2025\/10\/boat_1.mp4\" type=\"video\/mp4\" \/>\n        <\/video>\n                        <\/div>\n<!-- end Video on Hover -->\t\t\t\t<\/div>\n\t\t\t\t<\/div>\n\t\t\t\t<\/div>\n\t\t<div class=\"elementor-element elementor-element-2ecba9c e-con-full elementor-hidden-mobile e-flex e-con e-child\" data-id=\"2ecba9c\" data-element_type=\"container\" data-e-type=\"container\">\n\t\t\t\t<div class=\"elementor-element elementor-element-3558081 elementor-widget elementor-widget-ucaddon_video_on_hover\" data-id=\"3558081\" data-element_type=\"widget\" data-e-type=\"widget\" data-widget_type=\"ucaddon_video_on_hover.default\">\n\t\t\t\t<div class=\"elementor-widget-container\">\n\t\t\t\t\t\n<!-- start Video on Hover -->\n\n<style>\/* widget: Video on Hover *\/\n\n#uc_video_on_hover_elementor_3558081 {\n  position: relative;\n  display: block;\n  overflow:hidden;\n  width:100%;\n}\n#uc_video_on_hover_elementor_3558081 .ue-hover-image-video{\n  position: relative;\n  overflow:hidden;\n  background:url(\"https:\/\/web.enjoyersworld.com\/wp-content\/uploads\/2025\/10\/0_Calatrava_La_Nueva-768x477.webp\");\n  background-size:cover;\n}\n\n#uc_video_on_hover_elementor_3558081 .ue-image{\n  display: block;\n  width:100%;\n  position: relative;\n  z-index: 2;\n}\n#uc_video_on_hover_elementor_3558081 .ue-video{\n  display: block;\n  object-fit: cover;\n  width:100%;\n  position: absolute;\n  top: 0;\n  left: 0;\n  z-index: 1;\n}\n\n\n\n\n<\/style>\n\n<div id=\"uc_video_on_hover_elementor_3558081\" class=\"ue-hover-image-video\"\n          data-mode=\"play-on-hover\"\n     data-play-sound=\"false\"\n          tabindex=\"0\"\n     role=\"button\" aria-label=\"Lire la vid\u00e9o sur le vol stationnaire\"\n          >\n      <img decoding=\"async\" class=\"ue-image\" src=\"https:\/\/web.enjoyersworld.com\/wp-content\/uploads\/2025\/10\/0_Calatrava_La_Nueva-768x477.webp\" alt=\"0_Calatrava_La_Nueva\" width=\"768\" height=\"477\">\n              <video class=\"ue-video\" preload=\"metadata\" muted playsinline loop>\n          <source src=\"https:\/\/web.enjoyersworld.com\/wp-content\/uploads\/2025\/10\/video_Calatrava.mp4\" type=\"video\/mp4\" \/>\n        <\/video>\n                        <\/div>\n<!-- end Video on Hover -->\t\t\t\t<\/div>\n\t\t\t\t<\/div>\n\t\t\t\t<\/div>\n\t\t<div class=\"elementor-element elementor-element-e0a52ed e-con-full e-flex e-con e-child\" data-id=\"e0a52ed\" data-element_type=\"container\" data-e-type=\"container\">\n\t\t\t\t<div class=\"elementor-element elementor-element-f6aae57 elementor-widget elementor-widget-ucaddon_video_on_hover\" data-id=\"f6aae57\" data-element_type=\"widget\" data-e-type=\"widget\" data-widget_type=\"ucaddon_video_on_hover.default\">\n\t\t\t\t<div class=\"elementor-widget-container\">\n\t\t\t\t\t\n<!-- start Video on Hover -->\n\n<style>\/* widget: Video on Hover *\/\n\n#uc_video_on_hover_elementor_f6aae57 {\n  position: relative;\n  display: block;\n  overflow:hidden;\n  width:100%;\n}\n#uc_video_on_hover_elementor_f6aae57 .ue-hover-image-video{\n  position: relative;\n  overflow:hidden;\n  background:url(\"https:\/\/web.enjoyersworld.com\/wp-content\/uploads\/2025\/10\/subst_dreta_2-768x294.webp\");\n  background-size:cover;\n}\n\n#uc_video_on_hover_elementor_f6aae57 .ue-image{\n  display: block;\n  width:100%;\n  position: relative;\n  z-index: 2;\n}\n#uc_video_on_hover_elementor_f6aae57 .ue-video{\n  display: block;\n  object-fit: cover;\n  width:100%;\n  position: absolute;\n  top: 0;\n  left: 0;\n  z-index: 1;\n}\n\n\n\n\n<\/style>\n\n<div id=\"uc_video_on_hover_elementor_f6aae57\" class=\"ue-hover-image-video\"\n          data-mode=\"play-on-hover\"\n     data-play-sound=\"false\"\n          tabindex=\"0\"\n     role=\"button\" aria-label=\"Lire la vid\u00e9o sur le vol stationnaire\"\n          >\n      <img decoding=\"async\" class=\"ue-image\" src=\"https:\/\/web.enjoyersworld.com\/wp-content\/uploads\/2025\/10\/subst_dreta_2-768x294.webp\" alt=\"subst_dreta_2\" width=\"768\" height=\"294\">\n              <video class=\"ue-video\" preload=\"metadata\" muted playsinline loop>\n          <source src=\"https:\/\/web.enjoyersworld.com\/wp-content\/uploads\/2025\/10\/dinos.mp4\" type=\"video\/mp4\" \/>\n        <\/video>\n                        <\/div>\n<!-- end Video on Hover -->\t\t\t\t<\/div>\n\t\t\t\t<\/div>\n\t\t\t\t<\/div>\n\t\t\t\t\t<\/div>\n\t\t\t\t<\/div>\n\t\t<div class=\"elementor-element elementor-element-6ee6067 e-flex e-con-boxed e-con e-parent\" data-id=\"6ee6067\" data-element_type=\"container\" data-e-type=\"container\">\n\t\t\t\t\t<div class=\"e-con-inner\">\n\t\t\t\t<div class=\"elementor-element elementor-element-7a7eb7d elementor-widget elementor-widget-image\" data-id=\"7a7eb7d\" data-element_type=\"widget\" data-e-type=\"widget\" data-widget_type=\"image.default\">\n\t\t\t\t<div class=\"elementor-widget-container\">\n\t\t\t\t\t\t\t\t\t\t\t\t\t\t\t<img loading=\"lazy\" decoding=\"async\" width=\"447\" height=\"139\" src=\"https:\/\/web.enjoyersworld.com\/wp-content\/uploads\/2025\/11\/Logo-vertical.svg\" class=\"attachment-large size-large wp-image-9719\" alt=\"\" \/>\t\t\t\t\t\t\t\t\t\t\t\t\t\t\t<\/div>\n\t\t\t\t<\/div>\n\t\t\t\t<div class=\"elementor-element elementor-element-f18de8f elementor-widget elementor-widget-heading\" data-id=\"f18de8f\" data-element_type=\"widget\" data-e-type=\"widget\" data-widget_type=\"heading.default\">\n\t\t\t\t<div class=\"elementor-widget-container\">\n\t\t\t\t\t<h2 class=\"elementor-heading-title elementor-size-default\">Estamos actualizando nuestro sitio web para ofrecerte una mejor experiencia en el metaverso.<\/h2>\t\t\t\t<\/div>\n\t\t\t\t<\/div>\n\t\t\t\t<div class=\"elementor-element elementor-element-d7348a6 elementor-widget elementor-widget-heading\" data-id=\"d7348a6\" data-element_type=\"widget\" data-e-type=\"widget\" data-widget_type=\"heading.default\">\n\t\t\t\t<div class=\"elementor-widget-container\">\n\t\t\t\t\t<h2 class=\"elementor-heading-title elementor-size-default\">NEW WEB SOON COMING<\/h2>\t\t\t\t<\/div>\n\t\t\t\t<\/div>\n\t\t\t\t\t<\/div>\n\t\t\t\t<\/div>\n\t\t\t\t<\/div>","protected":false},"excerpt":{"rendered":"<p>Estamos actualizando nuestro sitio web para ofrecerte una mejor experiencia en el metaverso. NEW WEB SOON COMING<\/p>","protected":false},"author":19,"featured_media":0,"parent":0,"menu_order":0,"comment_status":"closed","ping_status":"closed","template":"","meta":{"footnotes":""},"class_list":["post-9832","page","type-page","status-publish","hentry"],"yoast_head":"<!-- This site is optimized with the Yoast SEO plugin v27.5 - https:\/\/yoast.com\/product\/yoast-seo-wordpress\/ -->\n<title>En construcci\u00f3n - EnjoyersWorld la Plataforma del Metaverso<\/title>\n<meta name=\"robots\" content=\"index, follow, max-snippet:-1, max-image-preview:large, max-video-preview:-1\" \/>\n<link rel=\"canonical\" href=\"https:\/\/web.enjoyersworld.com\/fr\/en-construccion\/\" \/>\n<meta property=\"og:locale\" content=\"fr_FR\" \/>\n<meta property=\"og:type\" content=\"article\" \/>\n<meta property=\"og:title\" content=\"En construcci\u00f3n - EnjoyersWorld la Plataforma del Metaverso\" \/>\n<meta property=\"og:description\" content=\"Estamos actualizando nuestro sitio web para ofrecerte una mejor experiencia en el metaverso. NEW WEB SOON COMING\" \/>\n<meta property=\"og:url\" content=\"https:\/\/web.enjoyersworld.com\/fr\/en-construccion\/\" \/>\n<meta property=\"og:site_name\" content=\"EnjoyersWorld la Plataforma del Metaverso\" \/>\n<meta property=\"article:publisher\" content=\"https:\/\/www.facebook.com\/EnjoyersWorld\/\" \/>\n<meta property=\"article:modified_time\" content=\"2025-11-05T17:33:23+00:00\" \/>\n<meta property=\"og:image\" content=\"https:\/\/web.enjoyersworld.com\/wp-content\/uploads\/2025\/10\/subst_dreta_4_v2-768x799.webp\" \/>\n<meta name=\"twitter:card\" content=\"summary_large_image\" \/>\n<meta name=\"twitter:site\" content=\"@enjoyersworld_\" \/>\n<script type=\"application\/ld+json\" class=\"yoast-schema-graph\">{\"@context\":\"https:\\\/\\\/schema.org\",\"@graph\":[{\"@type\":\"WebPage\",\"@id\":\"https:\\\/\\\/web.enjoyersworld.com\\\/tr\\\/en-construccion\\\/\",\"url\":\"https:\\\/\\\/web.enjoyersworld.com\\\/tr\\\/en-construccion\\\/\",\"name\":\"En construcci\u00f3n - EnjoyersWorld la Plataforma del Metaverso\",\"isPartOf\":{\"@id\":\"https:\\\/\\\/web.enjoyersworld.com\\\/#website\"},\"primaryImageOfPage\":{\"@id\":\"https:\\\/\\\/web.enjoyersworld.com\\\/tr\\\/en-construccion\\\/#primaryimage\"},\"image\":{\"@id\":\"https:\\\/\\\/web.enjoyersworld.com\\\/tr\\\/en-construccion\\\/#primaryimage\"},\"thumbnailUrl\":\"https:\\\/\\\/web.enjoyersworld.com\\\/wp-content\\\/uploads\\\/2025\\\/10\\\/subst_dreta_4_v2-768x799.webp\",\"datePublished\":\"2025-11-05T14:26:55+00:00\",\"dateModified\":\"2025-11-05T17:33:23+00:00\",\"breadcrumb\":{\"@id\":\"https:\\\/\\\/web.enjoyersworld.com\\\/tr\\\/en-construccion\\\/#breadcrumb\"},\"inLanguage\":\"fr-FR\",\"potentialAction\":[{\"@type\":\"ReadAction\",\"target\":[\"https:\\\/\\\/web.enjoyersworld.com\\\/tr\\\/en-construccion\\\/\"]}]},{\"@type\":\"ImageObject\",\"inLanguage\":\"fr-FR\",\"@id\":\"https:\\\/\\\/web.enjoyersworld.com\\\/tr\\\/en-construccion\\\/#primaryimage\",\"url\":\"https:\\\/\\\/web.enjoyersworld.com\\\/wp-content\\\/uploads\\\/2025\\\/10\\\/subst_dreta_4_v2-768x799.webp\",\"contentUrl\":\"https:\\\/\\\/web.enjoyersworld.com\\\/wp-content\\\/uploads\\\/2025\\\/10\\\/subst_dreta_4_v2-768x799.webp\"},{\"@type\":\"BreadcrumbList\",\"@id\":\"https:\\\/\\\/web.enjoyersworld.com\\\/tr\\\/en-construccion\\\/#breadcrumb\",\"itemListElement\":[{\"@type\":\"ListItem\",\"position\":1,\"name\":\"Portada\",\"item\":\"https:\\\/\\\/web.enjoyersworld.com\\\/\"},{\"@type\":\"ListItem\",\"position\":2,\"name\":\"En construcci\u00f3n\"}]},{\"@type\":\"WebSite\",\"@id\":\"https:\\\/\\\/web.enjoyersworld.com\\\/#website\",\"url\":\"https:\\\/\\\/web.enjoyersworld.com\\\/\",\"name\":\"EnjoyersWorld la Plataforma del Metaverso\",\"description\":\"Plataforma de Metaversos, gestiona tu propio Metaverso\",\"publisher\":{\"@id\":\"https:\\\/\\\/web.enjoyersworld.com\\\/#organization\"},\"potentialAction\":[{\"@type\":\"SearchAction\",\"target\":{\"@type\":\"EntryPoint\",\"urlTemplate\":\"https:\\\/\\\/web.enjoyersworld.com\\\/?s={search_term_string}\"},\"query-input\":{\"@type\":\"PropertyValueSpecification\",\"valueRequired\":true,\"valueName\":\"search_term_string\"}}],\"inLanguage\":\"fr-FR\"},{\"@type\":\"Organization\",\"@id\":\"https:\\\/\\\/web.enjoyersworld.com\\\/#organization\",\"name\":\"EnjoyersWorld la Plataforma del Metaverso\",\"url\":\"https:\\\/\\\/web.enjoyersworld.com\\\/\",\"logo\":{\"@type\":\"ImageObject\",\"inLanguage\":\"fr-FR\",\"@id\":\"https:\\\/\\\/web.enjoyersworld.com\\\/#\\\/schema\\\/logo\\\/image\\\/\",\"url\":\"https:\\\/\\\/web.enjoyersworld.com\\\/wp-content\\\/uploads\\\/2025\\\/11\\\/Logo-vertical.svg\",\"contentUrl\":\"https:\\\/\\\/web.enjoyersworld.com\\\/wp-content\\\/uploads\\\/2025\\\/11\\\/Logo-vertical.svg\",\"width\":447,\"height\":139,\"caption\":\"EnjoyersWorld la Plataforma del Metaverso\"},\"image\":{\"@id\":\"https:\\\/\\\/web.enjoyersworld.com\\\/#\\\/schema\\\/logo\\\/image\\\/\"},\"sameAs\":[\"https:\\\/\\\/www.facebook.com\\\/EnjoyersWorld\\\/\",\"https:\\\/\\\/x.com\\\/enjoyersworld_\"]}]}<\/script>\n<!-- \/ Yoast SEO plugin. -->","yoast_head_json":{"title":"En construcci\u00f3n - EnjoyersWorld la Plataforma del Metaverso","robots":{"index":"index","follow":"follow","max-snippet":"max-snippet:-1","max-image-preview":"max-image-preview:large","max-video-preview":"max-video-preview:-1"},"canonical":"https:\/\/web.enjoyersworld.com\/fr\/en-construccion\/","og_locale":"fr_FR","og_type":"article","og_title":"En construcci\u00f3n - EnjoyersWorld la Plataforma del Metaverso","og_description":"Estamos actualizando nuestro sitio web para ofrecerte una mejor experiencia en el metaverso. NEW WEB SOON COMING","og_url":"https:\/\/web.enjoyersworld.com\/fr\/en-construccion\/","og_site_name":"EnjoyersWorld la Plataforma del Metaverso","article_publisher":"https:\/\/www.facebook.com\/EnjoyersWorld\/","article_modified_time":"2025-11-05T17:33:23+00:00","og_image":[{"url":"https:\/\/web.enjoyersworld.com\/wp-content\/uploads\/2025\/10\/subst_dreta_4_v2-768x799.webp","type":"","width":"","height":""}],"twitter_card":"summary_large_image","twitter_site":"@enjoyersworld_","schema":{"@context":"https:\/\/schema.org","@graph":[{"@type":"WebPage","@id":"https:\/\/web.enjoyersworld.com\/tr\/en-construccion\/","url":"https:\/\/web.enjoyersworld.com\/tr\/en-construccion\/","name":"En construcci\u00f3n - EnjoyersWorld la Plataforma del Metaverso","isPartOf":{"@id":"https:\/\/web.enjoyersworld.com\/#website"},"primaryImageOfPage":{"@id":"https:\/\/web.enjoyersworld.com\/tr\/en-construccion\/#primaryimage"},"image":{"@id":"https:\/\/web.enjoyersworld.com\/tr\/en-construccion\/#primaryimage"},"thumbnailUrl":"https:\/\/web.enjoyersworld.com\/wp-content\/uploads\/2025\/10\/subst_dreta_4_v2-768x799.webp","datePublished":"2025-11-05T14:26:55+00:00","dateModified":"2025-11-05T17:33:23+00:00","breadcrumb":{"@id":"https:\/\/web.enjoyersworld.com\/tr\/en-construccion\/#breadcrumb"},"inLanguage":"fr-FR","potentialAction":[{"@type":"ReadAction","target":["https:\/\/web.enjoyersworld.com\/tr\/en-construccion\/"]}]},{"@type":"ImageObject","inLanguage":"fr-FR","@id":"https:\/\/web.enjoyersworld.com\/tr\/en-construccion\/#primaryimage","url":"https:\/\/web.enjoyersworld.com\/wp-content\/uploads\/2025\/10\/subst_dreta_4_v2-768x799.webp","contentUrl":"https:\/\/web.enjoyersworld.com\/wp-content\/uploads\/2025\/10\/subst_dreta_4_v2-768x799.webp"},{"@type":"BreadcrumbList","@id":"https:\/\/web.enjoyersworld.com\/tr\/en-construccion\/#breadcrumb","itemListElement":[{"@type":"ListItem","position":1,"name":"Portada","item":"https:\/\/web.enjoyersworld.com\/"},{"@type":"ListItem","position":2,"name":"En construcci\u00f3n"}]},{"@type":"WebSite","@id":"https:\/\/web.enjoyersworld.com\/#website","url":"https:\/\/web.enjoyersworld.com\/","name":"EnjoyersWorld la Plate-forme de l'M\u00e9taverse","description":"Plate-forme Metaversos, de g\u00e9rer votre propre M\u00e9taverse","publisher":{"@id":"https:\/\/web.enjoyersworld.com\/#organization"},"potentialAction":[{"@type":"SearchAction","target":{"@type":"EntryPoint","urlTemplate":"https:\/\/web.enjoyersworld.com\/?s={search_term_string}"},"query-input":{"@type":"PropertyValueSpecification","valueRequired":true,"valueName":"search_term_string"}}],"inLanguage":"fr-FR"},{"@type":"Organization","@id":"https:\/\/web.enjoyersworld.com\/#organization","name":"EnjoyersWorld la Plate-forme de l'M\u00e9taverse","url":"https:\/\/web.enjoyersworld.com\/","logo":{"@type":"ImageObject","inLanguage":"fr-FR","@id":"https:\/\/web.enjoyersworld.com\/#\/schema\/logo\/image\/","url":"https:\/\/web.enjoyersworld.com\/wp-content\/uploads\/2025\/11\/Logo-vertical.svg","contentUrl":"https:\/\/web.enjoyersworld.com\/wp-content\/uploads\/2025\/11\/Logo-vertical.svg","width":447,"height":139,"caption":"EnjoyersWorld la Plataforma del Metaverso"},"image":{"@id":"https:\/\/web.enjoyersworld.com\/#\/schema\/logo\/image\/"},"sameAs":["https:\/\/www.facebook.com\/EnjoyersWorld\/","https:\/\/x.com\/enjoyersworld_"]}]}},"_links":{"self":[{"href":"https:\/\/web.enjoyersworld.com\/fr\/wp-json\/wp\/v2\/pages\/9832","targetHints":{"allow":["GET"]}}],"collection":[{"href":"https:\/\/web.enjoyersworld.com\/fr\/wp-json\/wp\/v2\/pages"}],"about":[{"href":"https:\/\/web.enjoyersworld.com\/fr\/wp-json\/wp\/v2\/types\/page"}],"author":[{"embeddable":true,"href":"https:\/\/web.enjoyersworld.com\/fr\/wp-json\/wp\/v2\/users\/19"}],"replies":[{"embeddable":true,"href":"https:\/\/web.enjoyersworld.com\/fr\/wp-json\/wp\/v2\/comments?post=9832"}],"version-history":[{"count":22,"href":"https:\/\/web.enjoyersworld.com\/fr\/wp-json\/wp\/v2\/pages\/9832\/revisions"}],"predecessor-version":[{"id":9862,"href":"https:\/\/web.enjoyersworld.com\/fr\/wp-json\/wp\/v2\/pages\/9832\/revisions\/9862"}],"wp:attachment":[{"href":"https:\/\/web.enjoyersworld.com\/fr\/wp-json\/wp\/v2\/media?parent=9832"}],"curies":[{"name":"wp","href":"https:\/\/api.w.org\/{rel}","templated":true}]}}