{"id":10789,"date":"2025-11-30T19:07:04","date_gmt":"2025-11-30T18:07:04","guid":{"rendered":"https:\/\/web.enjoyersworld.com\/?page_id=10789"},"modified":"2025-12-23T16:36:51","modified_gmt":"2025-12-23T15:36:51","slug":"blog-ew","status":"publish","type":"page","link":"https:\/\/web.enjoyersworld.com\/pt\/blog-ew\/","title":{"rendered":"Blog \u2013 EW"},"content":{"rendered":"<div data-elementor-type=\"page\" data-elementor-id=\"10789\" class=\"elementor elementor-10789\" data-elementor-post-type=\"page\">\n\t\t\t\t<div class=\"elementor-element elementor-element-98ae5e7 e-flex e-con-boxed e-con e-parent\" data-id=\"98ae5e7\" data-element_type=\"container\" data-e-type=\"container\">\n\t\t\t\t\t<div class=\"e-con-inner\">\n\t\t<div class=\"elementor-element elementor-element-f02f1f5 e-con-full e-flex e-con e-child\" data-id=\"f02f1f5\" data-element_type=\"container\" data-e-type=\"container\">\n\t\t\t\t<div class=\"elementor-element elementor-element-2aafb33 elementor-widget elementor-widget-heading\" data-id=\"2aafb33\" data-element_type=\"widget\" data-e-type=\"widget\" data-widget_type=\"heading.default\">\n\t\t\t\t<div class=\"elementor-widget-container\">\n\t\t\t\t\t<h2 class=\"elementor-heading-title elementor-size-default\">Todas as not\u00edcias<\/h2>\t\t\t\t<\/div>\n\t\t\t\t<\/div>\n\t\t\t\t<\/div>\n\t\t<div class=\"elementor-element elementor-element-c37651a e-con-full e-flex e-con e-child\" data-id=\"c37651a\" data-element_type=\"container\" data-e-type=\"container\">\n\t\t\t\t<div class=\"elementor-element elementor-element-c15b7b3 elementor-widget__width-initial elementor-widget elementor-widget-search\" data-id=\"c15b7b3\" data-element_type=\"widget\" data-e-type=\"widget\" data-settings=\"{&quot;submit_trigger&quot;:&quot;key_enter&quot;,&quot;pagination_type_options&quot;:&quot;none&quot;}\" data-widget_type=\"search.default\">\n\t\t\t\t<div class=\"elementor-widget-container\">\n\t\t\t\t\t\t\t<search class=\"e-search hidden\" role=\"search\">\n\t\t\t<form class=\"e-search-form\" action=\"https:\/\/web.enjoyersworld.com\/pt\/\" method=\"get\" data-trp-original-action=\"https:\/\/web.enjoyersworld.com\/pt\">\n\n\t\t\t\t\n\t\t\t\t<label class=\"e-search-label\" for=\"search-c15b7b3\">\n\t\t\t\t\t<span class=\"elementor-screen-only\">\n\t\t\t\t\t\tProcurar\t\t\t\t\t<\/span>\n\t\t\t\t\t\t\t\t\t<\/label>\n\n\t\t\t\t<div class=\"e-search-input-wrapper\">\n\t\t\t\t\t<input id=\"search-c15b7b3\" placeholder=\"Encontre uma not\u00edcia\" class=\"e-search-input\" type=\"search\" name=\"s\" value=\"\" autocomplete=\"off\" role=\"combobox\" aria-autocomplete=\"list\" aria-expanded=\"false\" aria-controls=\"results-c15b7b3\" aria-haspopup=\"listbox\">\n\t\t\t\t\t<i aria-hidden=\"true\" class=\"fas fa-times\"><\/i>\t\t\t\t\t\t\t\t\t\t<output id=\"results-c15b7b3\" class=\"e-search-results-container hide-loader\" aria-live=\"polite\" aria-atomic=\"true\" aria-label=\"Results for search\" tabindex=\"0\">\n\t\t\t\t\t\t<div class=\"e-search-results\"><\/div>\n\t\t\t\t\t\t\t\t\t\t\t<\/output>\n\t\t\t\t\t\t\t\t\t<\/div>\n\t\t\t\t\n\t\t\t\t\n\t\t\t\t<button class=\"e-search-submit elementor-screen-only\" type=\"submit\" aria-label=\"Procurar\">\n\t\t\t\t\t\n\t\t\t\t\t\t\t\t\t<\/button>\n\t\t\t\t<input type=\"hidden\" name=\"e_search_props\" value=\"c15b7b3-10789\">\n\t\t\t<input type=\"hidden\" name=\"trp-form-language\" value=\"pt\"\/><\/form>\n\t\t<\/search>\n\t\t\t\t\t\t<\/div>\n\t\t\t\t<\/div>\n\t\t\t\t<\/div>\n\t\t\t\t\t<\/div>\n\t\t\t\t<\/div>\n\t\t<div class=\"elementor-element elementor-element-4313847 e-flex e-con-boxed e-con e-parent\" data-id=\"4313847\" data-element_type=\"container\" data-e-type=\"container\">\n\t\t\t\t\t<div class=\"e-con-inner\">\n\t\t\t\t<div class=\"elementor-element elementor-element-e735b22 elementor-widget elementor-widget-wp-widget-tag_cloud\" data-id=\"e735b22\" data-element_type=\"widget\" data-e-type=\"widget\" data-widget_type=\"wp-widget-tag_cloud.default\">\n\t\t\t\t<div class=\"elementor-widget-container\">\n\t\t\t\t\t<h5>Etiquetas<\/h5><nav aria-label=\"Etiquetas\"><div class=\"tagcloud\"><a href=\"https:\/\/web.enjoyersworld.com\/pt\/tag\/editorial-y-libros\/\" class=\"tag-cloud-link tag-link-28 tag-link-position-1\" style=\"font-size: 8pt;\" aria-label=\"Editorial y Libros (2 itens)\">Editorial e Livros<\/a>\n<a href=\"https:\/\/web.enjoyersworld.com\/pt\/tag\/hogar-y-decoracion\/\" class=\"tag-cloud-link tag-link-23 tag-link-position-2\" style=\"font-size: 8pt;\" aria-label=\"Hogar y Decoraci\u00f3n (2 itens)\">Casa e Decora\u00e7\u00e3o<\/a>\n<a href=\"https:\/\/web.enjoyersworld.com\/pt\/tag\/musica\/\" class=\"tag-cloud-link tag-link-31 tag-link-position-3\" style=\"font-size: 8pt;\" aria-label=\"M\u00fasica (2 itens)\">M\u00fasica<\/a><\/div>\n<\/nav>\t\t\t\t<\/div>\n\t\t\t\t<\/div>\n\t\t\t\t<div class=\"elementor-element elementor-element-ea16bca elementor-grid-3 elementor-grid-tablet-2 elementor-grid-mobile-1 elementor-posts--thumbnail-top elementor-posts__hover-gradient elementor-widget elementor-widget-posts\" data-id=\"ea16bca\" data-element_type=\"widget\" data-e-type=\"widget\" data-settings=\"{&quot;cards_masonry&quot;:&quot;yes&quot;,&quot;cards_row_gap&quot;:{&quot;unit&quot;:&quot;px&quot;,&quot;size&quot;:22,&quot;sizes&quot;:[]},&quot;cards_columns&quot;:&quot;3&quot;,&quot;cards_columns_tablet&quot;:&quot;2&quot;,&quot;cards_columns_mobile&quot;:&quot;1&quot;,&quot;cards_row_gap_tablet&quot;:{&quot;unit&quot;:&quot;px&quot;,&quot;size&quot;:&quot;&quot;,&quot;sizes&quot;:[]},&quot;cards_row_gap_mobile&quot;:{&quot;unit&quot;:&quot;px&quot;,&quot;size&quot;:&quot;&quot;,&quot;sizes&quot;:[]}}\" data-widget_type=\"posts.cards\">\n\t\t\t\t<div class=\"elementor-widget-container\">\n\t\t\t\t\t\t\t<div class=\"elementor-posts-container elementor-posts elementor-posts--skin-cards elementor-grid\" role=\"list\">\n\t\t\t\t<article class=\"elementor-post elementor-grid-item post-11293 post type-post status-publish format-standard has-post-thumbnail hentry category-blog category-comercio tag-editorial-y-libros tag-hogar-y-decoracion tag-musica\" role=\"listitem\">\n\t\t\t<div class=\"elementor-post__card\">\n\t\t\t\t<a class=\"elementor-post__thumbnail__link\" href=\"https:\/\/web.enjoyersworld.com\/pt\/turismo-madrid\/\" tabindex=\"-1\" ><div class=\"elementor-post__thumbnail\"><img fetchpriority=\"high\" decoding=\"async\" width=\"300\" height=\"224\" src=\"https:\/\/web.enjoyersworld.com\/wp-content\/uploads\/2025\/12\/Metaverso_Turismo_Madrid-300x224.webp\" class=\"attachment-medium size-medium wp-image-11299\" alt=\"\" srcset=\"https:\/\/web.enjoyersworld.com\/wp-content\/uploads\/2025\/12\/Metaverso_Turismo_Madrid-300x224.webp 300w, https:\/\/web.enjoyersworld.com\/wp-content\/uploads\/2025\/12\/Metaverso_Turismo_Madrid-1024x764.webp 1024w, https:\/\/web.enjoyersworld.com\/wp-content\/uploads\/2025\/12\/Metaverso_Turismo_Madrid-768x573.webp 768w, https:\/\/web.enjoyersworld.com\/wp-content\/uploads\/2025\/12\/Metaverso_Turismo_Madrid-1536x1146.webp 1536w, https:\/\/web.enjoyersworld.com\/wp-content\/uploads\/2025\/12\/Metaverso_Turismo_Madrid-600x448.webp 600w, https:\/\/web.enjoyersworld.com\/wp-content\/uploads\/2025\/12\/Metaverso_Turismo_Madrid.webp 1600w\" sizes=\"(max-width: 300px) 100vw, 300px\" \/><\/div><\/a>\n\t\t\t\t<div class=\"elementor-post__text\">\n\t\t\t\t<h3 class=\"elementor-post__title\">\n\t\t\t<a href=\"https:\/\/web.enjoyersworld.com\/pt\/turismo-madrid\/\" >\n\t\t\t\tTurismo De Madrid\t\t\t<\/a>\n\t\t<\/h3>\n\t\t\t\t<div class=\"elementor-post__excerpt\">\n\t\t\t<p>Metaverse tur\u00edstico de Madrid, Este \u00e9 o Metaverse desenvolvido para promover o turismo de Madrid. Compartilhe este artigo: Facebook Twitter, Pinterest Ler mais<\/p>\n\t\t<\/div>\n\t\t\t\t<\/div>\n\t\t\t\t\t<\/div>\n\t\t<\/article>\n\t\t\t\t<article class=\"elementor-post elementor-grid-item post-29 post type-post status-publish format-standard has-post-thumbnail hentry category-blog category-comercio tag-editorial-y-libros tag-hogar-y-decoracion tag-musica\" role=\"listitem\">\n\t\t\t<div class=\"elementor-post__card\">\n\t\t\t\t<a class=\"elementor-post__thumbnail__link\" href=\"https:\/\/web.enjoyersworld.com\/pt\/que-es-diferente\/\" tabindex=\"-1\" ><div class=\"elementor-post__thumbnail\"><img decoding=\"async\" width=\"300\" height=\"224\" src=\"https:\/\/web.enjoyersworld.com\/wp-content\/uploads\/2022\/08\/Proyecto-Calatrava-La-Nueva-300x224.webp\" class=\"attachment-medium size-medium wp-image-11288\" alt=\"\" srcset=\"https:\/\/web.enjoyersworld.com\/wp-content\/uploads\/2022\/08\/Proyecto-Calatrava-La-Nueva-300x224.webp 300w, https:\/\/web.enjoyersworld.com\/wp-content\/uploads\/2022\/08\/Proyecto-Calatrava-La-Nueva-1024x764.webp 1024w, https:\/\/web.enjoyersworld.com\/wp-content\/uploads\/2022\/08\/Proyecto-Calatrava-La-Nueva-768x573.webp 768w, https:\/\/web.enjoyersworld.com\/wp-content\/uploads\/2022\/08\/Proyecto-Calatrava-La-Nueva-1536x1146.webp 1536w, https:\/\/web.enjoyersworld.com\/wp-content\/uploads\/2022\/08\/Proyecto-Calatrava-La-Nueva-600x448.webp 600w, https:\/\/web.enjoyersworld.com\/wp-content\/uploads\/2022\/08\/Proyecto-Calatrava-La-Nueva.webp 1600w\" sizes=\"(max-width: 300px) 100vw, 300px\" \/><\/div><\/a>\n\t\t\t\t<div class=\"elementor-post__text\">\n\t\t\t\t<h3 class=\"elementor-post__title\">\n\t\t\t<a href=\"https:\/\/web.enjoyersworld.com\/pt\/que-es-diferente\/\" >\n\t\t\t\tProjeto de Calatrava a Nova\t\t\t<\/a>\n\t\t<\/h3>\n\t\t\t\t<div class=\"elementor-post__excerpt\">\n\t\t\t<p>Projeto de Calatrava A Nova Descubra Calatrava Nova no Metaverse de Castilla-La Mancha: uma experi\u00eancia \u00fanica que une turismo, hist\u00f3ria e tecnologia no<\/p>\n\t\t<\/div>\n\t\t\t\t<\/div>\n\t\t\t\t\t<\/div>\n\t\t<\/article>\n\t\t\t\t<\/div>\n\t\t\n\t\t\t\t\t\t<\/div>\n\t\t\t\t<\/div>\n\t\t\t\t\t<\/div>\n\t\t\t\t<\/div>\n\t\t\t\t<\/div>","protected":false},"excerpt":{"rendered":"<p>Todas las noticias Buscar<\/p>","protected":false},"author":1,"featured_media":0,"parent":0,"menu_order":0,"comment_status":"closed","ping_status":"closed","template":"","meta":{"footnotes":""},"class_list":["post-10789","page","type-page","status-publish","hentry"],"yoast_head":"<!-- This site is optimized with the Yoast SEO plugin v27.3 - https:\/\/yoast.com\/product\/yoast-seo-wordpress\/ -->\n<title>Blog - EW - EnjoyersWorld la Plataforma del Metaverso<\/title>\n<meta name=\"description\" content=\"Conoce en nuestro blog del metaverso las \u00faltimas novedades sobre esta revolucionaria tecnolog\u00eda, realidad aumentada, IA y mucho m\u00e1s.\" \/>\n<meta name=\"robots\" content=\"index, follow, max-snippet:-1, max-image-preview:large, max-video-preview:-1\" \/>\n<link rel=\"canonical\" href=\"https:\/\/web.enjoyersworld.com\/pt\/blog-ew\/\" \/>\n<meta property=\"og:locale\" content=\"pt_PT\" \/>\n<meta property=\"og:type\" content=\"article\" \/>\n<meta property=\"og:title\" content=\"Blog - EW - EnjoyersWorld la Plataforma del Metaverso\" \/>\n<meta property=\"og:description\" content=\"Conoce en nuestro blog del metaverso las \u00faltimas novedades sobre esta revolucionaria tecnolog\u00eda, realidad aumentada, IA y mucho m\u00e1s.\" \/>\n<meta property=\"og:url\" content=\"https:\/\/web.enjoyersworld.com\/pt\/blog-ew\/\" \/>\n<meta property=\"og:site_name\" content=\"EnjoyersWorld la Plataforma del Metaverso\" \/>\n<meta property=\"article:publisher\" content=\"https:\/\/www.facebook.com\/EnjoyersWorld\/\" \/>\n<meta property=\"article:modified_time\" content=\"2025-12-23T15:36:51+00:00\" \/>\n<meta name=\"twitter:card\" content=\"summary_large_image\" \/>\n<meta name=\"twitter:site\" content=\"@enjoyersworld_\" \/>\n<meta name=\"twitter:label1\" content=\"Tempo estimado de leitura\" \/>\n\t<meta name=\"twitter:data1\" content=\"1 minuto\" \/>\n<script type=\"application\/ld+json\" class=\"yoast-schema-graph\">{\"@context\":\"https:\\\/\\\/schema.org\",\"@graph\":[{\"@type\":\"WebPage\",\"@id\":\"https:\\\/\\\/web.enjoyersworld.com\\\/blog-ew\\\/\",\"url\":\"https:\\\/\\\/web.enjoyersworld.com\\\/blog-ew\\\/\",\"name\":\"Blog - EW - EnjoyersWorld la Plataforma del Metaverso\",\"isPartOf\":{\"@id\":\"https:\\\/\\\/web.enjoyersworld.com\\\/#website\"},\"datePublished\":\"2025-11-30T18:07:04+00:00\",\"dateModified\":\"2025-12-23T15:36:51+00:00\",\"description\":\"Conoce en nuestro blog del metaverso las \u00faltimas novedades sobre esta revolucionaria tecnolog\u00eda, realidad aumentada, IA y mucho m\u00e1s.\",\"breadcrumb\":{\"@id\":\"https:\\\/\\\/web.enjoyersworld.com\\\/blog-ew\\\/#breadcrumb\"},\"inLanguage\":\"pt-PT\",\"potentialAction\":[{\"@type\":\"ReadAction\",\"target\":[\"https:\\\/\\\/web.enjoyersworld.com\\\/blog-ew\\\/\"]}]},{\"@type\":\"BreadcrumbList\",\"@id\":\"https:\\\/\\\/web.enjoyersworld.com\\\/blog-ew\\\/#breadcrumb\",\"itemListElement\":[{\"@type\":\"ListItem\",\"position\":1,\"name\":\"Portada\",\"item\":\"https:\\\/\\\/web.enjoyersworld.com\\\/\"},{\"@type\":\"ListItem\",\"position\":2,\"name\":\"Blog &#8211; EW\"}]},{\"@type\":\"WebSite\",\"@id\":\"https:\\\/\\\/web.enjoyersworld.com\\\/#website\",\"url\":\"https:\\\/\\\/web.enjoyersworld.com\\\/\",\"name\":\"EnjoyersWorld la Plataforma del Metaverso\",\"description\":\"Plataforma de Metaversos, gestiona tu propio Metaverso\",\"publisher\":{\"@id\":\"https:\\\/\\\/web.enjoyersworld.com\\\/#organization\"},\"potentialAction\":[{\"@type\":\"SearchAction\",\"target\":{\"@type\":\"EntryPoint\",\"urlTemplate\":\"https:\\\/\\\/web.enjoyersworld.com\\\/?s={search_term_string}\"},\"query-input\":{\"@type\":\"PropertyValueSpecification\",\"valueRequired\":true,\"valueName\":\"search_term_string\"}}],\"inLanguage\":\"pt-PT\"},{\"@type\":\"Organization\",\"@id\":\"https:\\\/\\\/web.enjoyersworld.com\\\/#organization\",\"name\":\"EnjoyersWorld la Plataforma del Metaverso\",\"url\":\"https:\\\/\\\/web.enjoyersworld.com\\\/\",\"logo\":{\"@type\":\"ImageObject\",\"inLanguage\":\"pt-PT\",\"@id\":\"https:\\\/\\\/web.enjoyersworld.com\\\/#\\\/schema\\\/logo\\\/image\\\/\",\"url\":\"https:\\\/\\\/web.enjoyersworld.com\\\/wp-content\\\/uploads\\\/2025\\\/11\\\/Logo-vertical.svg\",\"contentUrl\":\"https:\\\/\\\/web.enjoyersworld.com\\\/wp-content\\\/uploads\\\/2025\\\/11\\\/Logo-vertical.svg\",\"width\":447,\"height\":139,\"caption\":\"EnjoyersWorld la Plataforma del Metaverso\"},\"image\":{\"@id\":\"https:\\\/\\\/web.enjoyersworld.com\\\/#\\\/schema\\\/logo\\\/image\\\/\"},\"sameAs\":[\"https:\\\/\\\/www.facebook.com\\\/EnjoyersWorld\\\/\",\"https:\\\/\\\/x.com\\\/enjoyersworld_\"]}]}<\/script>\n<!-- \/ Yoast SEO plugin. -->","yoast_head_json":{"title":"Blog - EW - EnjoyersWorld a Plataforma do Metaverse","description":"Conhe\u00e7a no nosso blog do metaverse as \u00faltimas novidades sobre esta revolucion\u00e1ria tecnologia, realidade aumentada, IA e muito mais.","robots":{"index":"index","follow":"follow","max-snippet":"max-snippet:-1","max-image-preview":"max-image-preview:large","max-video-preview":"max-video-preview:-1"},"canonical":"https:\/\/web.enjoyersworld.com\/pt\/blog-ew\/","og_locale":"pt_PT","og_type":"article","og_title":"Blog - EW - EnjoyersWorld la Plataforma del Metaverso","og_description":"Conoce en nuestro blog del metaverso las \u00faltimas novedades sobre esta revolucionaria tecnolog\u00eda, realidad aumentada, IA y mucho m\u00e1s.","og_url":"https:\/\/web.enjoyersworld.com\/pt\/blog-ew\/","og_site_name":"EnjoyersWorld la Plataforma del Metaverso","article_publisher":"https:\/\/www.facebook.com\/EnjoyersWorld\/","article_modified_time":"2025-12-23T15:36:51+00:00","twitter_card":"summary_large_image","twitter_site":"@enjoyersworld_","twitter_misc":{"Tempo estimado de leitura":"1 minuto"},"schema":{"@context":"https:\/\/schema.org","@graph":[{"@type":"WebPage","@id":"https:\/\/web.enjoyersworld.com\/blog-ew\/","url":"https:\/\/web.enjoyersworld.com\/blog-ew\/","name":"Blog - EW - EnjoyersWorld a Plataforma do Metaverse","isPartOf":{"@id":"https:\/\/web.enjoyersworld.com\/#website"},"datePublished":"2025-11-30T18:07:04+00:00","dateModified":"2025-12-23T15:36:51+00:00","description":"Conhe\u00e7a no nosso blog do metaverse as \u00faltimas novidades sobre esta revolucion\u00e1ria tecnologia, realidade aumentada, IA e muito mais.","breadcrumb":{"@id":"https:\/\/web.enjoyersworld.com\/blog-ew\/#breadcrumb"},"inLanguage":"pt-PT","potentialAction":[{"@type":"ReadAction","target":["https:\/\/web.enjoyersworld.com\/blog-ew\/"]}]},{"@type":"BreadcrumbList","@id":"https:\/\/web.enjoyersworld.com\/blog-ew\/#breadcrumb","itemListElement":[{"@type":"ListItem","position":1,"name":"Portada","item":"https:\/\/web.enjoyersworld.com\/"},{"@type":"ListItem","position":2,"name":"Blog &#8211; EW"}]},{"@type":"WebSite","@id":"https:\/\/web.enjoyersworld.com\/#website","url":"https:\/\/web.enjoyersworld.com\/","name":"EnjoyersWorld a Plataforma do Metaverse","description":"Plataforma de Metaversos, administra o teu pr\u00f3prio Metaverse","publisher":{"@id":"https:\/\/web.enjoyersworld.com\/#organization"},"potentialAction":[{"@type":"SearchAction","target":{"@type":"EntryPoint","urlTemplate":"https:\/\/web.enjoyersworld.com\/?s={search_term_string}"},"query-input":{"@type":"PropertyValueSpecification","valueRequired":true,"valueName":"search_term_string"}}],"inLanguage":"pt-PT"},{"@type":"Organization","@id":"https:\/\/web.enjoyersworld.com\/#organization","name":"EnjoyersWorld a Plataforma do Metaverse","url":"https:\/\/web.enjoyersworld.com\/","logo":{"@type":"ImageObject","inLanguage":"pt-PT","@id":"https:\/\/web.enjoyersworld.com\/#\/schema\/logo\/image\/","url":"https:\/\/web.enjoyersworld.com\/wp-content\/uploads\/2025\/11\/Logo-vertical.svg","contentUrl":"https:\/\/web.enjoyersworld.com\/wp-content\/uploads\/2025\/11\/Logo-vertical.svg","width":447,"height":139,"caption":"EnjoyersWorld la Plataforma del Metaverso"},"image":{"@id":"https:\/\/web.enjoyersworld.com\/#\/schema\/logo\/image\/"},"sameAs":["https:\/\/www.facebook.com\/EnjoyersWorld\/","https:\/\/x.com\/enjoyersworld_"]}]}},"_links":{"self":[{"href":"https:\/\/web.enjoyersworld.com\/pt\/wp-json\/wp\/v2\/pages\/10789","targetHints":{"allow":["GET"]}}],"collection":[{"href":"https:\/\/web.enjoyersworld.com\/pt\/wp-json\/wp\/v2\/pages"}],"about":[{"href":"https:\/\/web.enjoyersworld.com\/pt\/wp-json\/wp\/v2\/types\/page"}],"author":[{"embeddable":true,"href":"https:\/\/web.enjoyersworld.com\/pt\/wp-json\/wp\/v2\/users\/1"}],"replies":[{"embeddable":true,"href":"https:\/\/web.enjoyersworld.com\/pt\/wp-json\/wp\/v2\/comments?post=10789"}],"version-history":[{"count":4,"href":"https:\/\/web.enjoyersworld.com\/pt\/wp-json\/wp\/v2\/pages\/10789\/revisions"}],"predecessor-version":[{"id":10917,"href":"https:\/\/web.enjoyersworld.com\/pt\/wp-json\/wp\/v2\/pages\/10789\/revisions\/10917"}],"wp:attachment":[{"href":"https:\/\/web.enjoyersworld.com\/pt\/wp-json\/wp\/v2\/media?parent=10789"}],"curies":[{"name":"wp","href":"https:\/\/api.w.org\/{rel}","templated":true}]}}