{"id":3747,"date":"2023-11-28T17:50:58","date_gmt":"2023-11-28T16:50:58","guid":{"rendered":"https:\/\/enjoyersworld.com\/?post_type=product&#038;p=3747"},"modified":"2024-04-08T17:40:37","modified_gmt":"2024-04-08T15:40:37","slug":"metaverso-ew-9","status":"publish","type":"product","link":"https:\/\/web.enjoyersworld.com\/pt\/shop\/metaverse-pack-win-victory-epic\/metaverso-ew-9\/","title":{"rendered":"Metaverso EW 9"},"content":{"rendered":"<p>Entra en el Metaverso donde la elegancia se une a la innovaci\u00f3n. Descubre un universo lleno de potencial y oportunidades dise\u00f1adas para cubrir necesidades reales.\u00a1Bienvenido a EnjoyersWorld!<\/p>\n<p>EW9 \u00e9 o cen\u00e1rio que encanta. Sua combina\u00e7\u00e3o de cores e materiais s\u00e3o um exemplo de bom gosto e harmonia para que todos os usu\u00e1rios possam desfrutar de um ambiente amig\u00e1vel, pr\u00f3ximo e extremamente acolhedor. Todos os detalhes deste ambiente foram cuidados para que a experi\u00eancia de navega\u00e7\u00e3o seja inesquec\u00edvel.<\/p>\n<p style=\"text-decoration: underline;\">Caracter\u00edsticas de los pack:<\/p>\n<p><strong>Win<\/strong>:<br \/>\n<img decoding=\"async\" class=\"alignnone wp-image-4534 size-full\" src=\"https:\/\/enjoyersworld.com\/wp-content\/uploads\/2023\/12\/circulo_icon_white.png\" alt=\"\" width=\"28\" height=\"28\" \/> Elecci\u00f3n entre 20 entornos, <img decoding=\"async\" class=\"alignnone wp-image-4534 size-full\" src=\"https:\/\/enjoyersworld.com\/wp-content\/uploads\/2023\/12\/circulo_icon_white.png\" alt=\"\" width=\"28\" height=\"28\" \/> 15 puntos interactivos, <img decoding=\"async\" class=\"alignnone wp-image-4534 size-full\" src=\"https:\/\/enjoyersworld.com\/wp-content\/uploads\/2023\/12\/circulo_icon_white.png\" alt=\"\" width=\"28\" height=\"28\" \/> Gesti\u00f3n desde panel de control , <img decoding=\"async\" class=\"alignnone wp-image-4534 size-full\" src=\"https:\/\/enjoyersworld.com\/wp-content\/uploads\/2023\/12\/circulo_icon_white.png\" alt=\"\" width=\"28\" height=\"28\" \/> Posicionamiento SEO, <img decoding=\"async\" class=\"alignnone wp-image-4534 size-full\" src=\"https:\/\/enjoyersworld.com\/wp-content\/uploads\/2023\/12\/circulo_icon_white.png\" alt=\"\" width=\"28\" height=\"28\" \/> Presencia en la MetaCiudad*, <img decoding=\"async\" class=\"alignnone wp-image-4534 size-full\" src=\"https:\/\/enjoyersworld.com\/wp-content\/uploads\/2023\/12\/circulo_icon_white.png\" alt=\"\" width=\"28\" height=\"28\" \/> Zona Win en la MetaCiudad , <img decoding=\"async\" class=\"alignnone wp-image-4534 size-full\" src=\"https:\/\/enjoyersworld.com\/wp-content\/uploads\/2023\/12\/circulo_icon_white.png\" alt=\"\" width=\"28\" height=\"28\" \/>\u00a0 1 Idioma, <img decoding=\"async\" class=\"alignnone wp-image-4534 size-full\" src=\"https:\/\/enjoyersworld.com\/wp-content\/uploads\/2023\/12\/circulo_icon_white.png\" alt=\"\" width=\"28\" height=\"28\" \/> Logotipo en la MetaCiudad, <img decoding=\"async\" class=\"alignnone wp-image-4534 size-full\" src=\"https:\/\/enjoyersworld.com\/wp-content\/uploads\/2023\/12\/circulo_icon_white.png\" alt=\"\" width=\"28\" height=\"28\" \/> Nombre y 10 palabras clave en el buscador de la MetaCiudad<\/p>\n<p><strong>Victory<\/strong>:<br \/>\n<img decoding=\"async\" class=\"alignnone wp-image-4534 size-full\" src=\"https:\/\/enjoyersworld.com\/wp-content\/uploads\/2023\/12\/circulo_icon_white.png\" alt=\"\" width=\"28\" height=\"28\" \/> Elecci\u00f3n entre 26 entornos, <img decoding=\"async\" class=\"alignnone wp-image-4534 size-full\" src=\"https:\/\/enjoyersworld.com\/wp-content\/uploads\/2023\/12\/circulo_icon_white.png\" alt=\"\" width=\"28\" height=\"28\" \/> 35 puntos interactivos, <img decoding=\"async\" class=\"alignnone wp-image-4534 size-full\" src=\"https:\/\/enjoyersworld.com\/wp-content\/uploads\/2023\/12\/circulo_icon_white.png\" alt=\"\" width=\"28\" height=\"28\" \/> Gesti\u00f3n desde panel de control , <img decoding=\"async\" class=\"alignnone wp-image-4534 size-full\" src=\"https:\/\/enjoyersworld.com\/wp-content\/uploads\/2023\/12\/circulo_icon_white.png\" alt=\"\" width=\"28\" height=\"28\" \/> Posicionamiento SEO, <img decoding=\"async\" class=\"alignnone wp-image-4534 size-full\" src=\"https:\/\/enjoyersworld.com\/wp-content\/uploads\/2023\/12\/circulo_icon_white.png\" alt=\"\" width=\"28\" height=\"28\" \/> Presencia en la MetaCiudad*, <img decoding=\"async\" class=\"alignnone wp-image-4534 size-full\" src=\"https:\/\/enjoyersworld.com\/wp-content\/uploads\/2023\/12\/circulo_icon_white.png\" alt=\"\" width=\"28\" height=\"28\" \/> Zona Victory en la MetaCiudad , <img decoding=\"async\" class=\"alignnone wp-image-4534 size-full\" src=\"https:\/\/enjoyersworld.com\/wp-content\/uploads\/2023\/12\/circulo_icon_white.png\" alt=\"\" width=\"28\" height=\"28\" \/>\u00a0 2 Idiomas, <img decoding=\"async\" class=\"alignnone wp-image-4534 size-full\" src=\"https:\/\/enjoyersworld.com\/wp-content\/uploads\/2023\/12\/circulo_icon_white.png\" alt=\"\" width=\"28\" height=\"28\" \/> Logotipo en la MetaCiudad, <img decoding=\"async\" class=\"alignnone wp-image-4534 size-full\" src=\"https:\/\/enjoyersworld.com\/wp-content\/uploads\/2023\/12\/circulo_icon_white.png\" alt=\"\" width=\"28\" height=\"28\" \/> Estad\u00edsticas Google Analytics, <img decoding=\"async\" class=\"alignnone wp-image-4534 size-full\" src=\"https:\/\/enjoyersworld.com\/wp-content\/uploads\/2023\/12\/circulo_icon_white.png\" alt=\"\" width=\"28\" height=\"28\" \/> Nombre y 20 palabras clave en el buscador de la MetaCiudad<\/p>\n<p><strong>Epic<\/strong>:<br \/>\n<img decoding=\"async\" class=\"alignnone wp-image-4534 size-full\" src=\"https:\/\/enjoyersworld.com\/wp-content\/uploads\/2023\/12\/circulo_icon_white.png\" alt=\"\" width=\"28\" height=\"28\" \/> Elecci\u00f3n entre 26 entornos, <img decoding=\"async\" class=\"alignnone wp-image-4534 size-full\" src=\"https:\/\/enjoyersworld.com\/wp-content\/uploads\/2023\/12\/circulo_icon_white.png\" alt=\"\" width=\"28\" height=\"28\" \/> 80 puntos interactivos, <img decoding=\"async\" class=\"alignnone wp-image-4534 size-full\" src=\"https:\/\/enjoyersworld.com\/wp-content\/uploads\/2023\/12\/circulo_icon_white.png\" alt=\"\" width=\"28\" height=\"28\" \/> Gesti\u00f3n desde panel de control , <img decoding=\"async\" class=\"alignnone wp-image-4534 size-full\" src=\"https:\/\/enjoyersworld.com\/wp-content\/uploads\/2023\/12\/circulo_icon_white.png\" alt=\"\" width=\"28\" height=\"28\" \/> Posicionamiento SEO, <img decoding=\"async\" class=\"alignnone wp-image-4534 size-full\" src=\"https:\/\/enjoyersworld.com\/wp-content\/uploads\/2023\/12\/circulo_icon_white.png\" alt=\"\" width=\"28\" height=\"28\" \/> Presencia en la MetaCiudad*, <img decoding=\"async\" class=\"alignnone wp-image-4534 size-full\" src=\"https:\/\/enjoyersworld.com\/wp-content\/uploads\/2023\/12\/circulo_icon_white.png\" alt=\"\" width=\"28\" height=\"28\" \/> Zona Victory en la MetaCiudad , <img decoding=\"async\" class=\"alignnone wp-image-4534 size-full\" src=\"https:\/\/enjoyersworld.com\/wp-content\/uploads\/2023\/12\/circulo_icon_white.png\" alt=\"\" width=\"28\" height=\"28\" \/>\u00a0 3 Idiomas, <img decoding=\"async\" class=\"alignnone wp-image-4534 size-full\" src=\"https:\/\/enjoyersworld.com\/wp-content\/uploads\/2023\/12\/circulo_icon_white.png\" alt=\"\" width=\"28\" height=\"28\" \/> Logotipo en la MetaCiudad, <img decoding=\"async\" class=\"alignnone wp-image-4534 size-full\" src=\"https:\/\/enjoyersworld.com\/wp-content\/uploads\/2023\/12\/circulo_icon_white.png\" alt=\"\" width=\"28\" height=\"28\" \/> Estad\u00edsticas Google Analytics, <img decoding=\"async\" class=\"alignnone wp-image-4534 size-full\" src=\"https:\/\/enjoyersworld.com\/wp-content\/uploads\/2023\/12\/circulo_icon_white.png\" alt=\"\" width=\"28\" height=\"28\" \/> Nombre y 60 palabras clave en el buscador de la MetaCiudad, <img decoding=\"async\" class=\"alignnone wp-image-4534 size-full\" src=\"https:\/\/enjoyersworld.com\/wp-content\/uploads\/2023\/12\/circulo_icon_white.png\" alt=\"\" width=\"28\" height=\"28\" \/> 1 Mes de Publicidad en un Mupi de la MetaCiudad<\/p>\n<p>Adquiere tu espacio ahora y comienza a transformar tu forma de interactuar con el mundo digital. Eleva tus presentaciones, conecta con tu audiencia de manera inolvidable y da vida a tus proyectos con un entorno que refleja tu visi\u00f3n.<\/p>\n<p>\u00a1Bienvenido al Metaverso EnjoyersWorld!<\/p>\n<p>Enjoying the Future Together<\/p>","protected":false},"excerpt":{"rendered":"<p>EW9 \u00e9 o cen\u00e1rio que encanta. Sua combina\u00e7\u00e3o de cores e materiais s\u00e3o um exemplo de bom gosto e harmonia para que todos os usu\u00e1rios possam desfrutar de um ambiente amig\u00e1vel, pr\u00f3ximo e extremamente acolhedor. Todos os detalhes deste ambiente foram cuidados para que a experi\u00eancia de navega\u00e7\u00e3o seja inesquec\u00edvel.<\/p>","protected":false},"featured_media":6226,"template":"","meta":[],"product_brand":[],"product_cat":[48],"product_tag":[],"class_list":{"0":"post-3747","1":"product","2":"type-product","3":"status-publish","4":"has-post-thumbnail","6":"product_cat-metaverse-pack-win-victory-epic","8":"first","9":"instock","10":"shipping-taxable","11":"purchasable","12":"product-type-variable"},"yoast_head":"<!-- This site is optimized with the Yoast SEO plugin v27.5 - https:\/\/yoast.com\/product\/yoast-seo-wordpress\/ -->\n<title>Metaverso EW 9 - EnjoyersWorld la Plataforma del Metaverso<\/title>\n<meta name=\"robots\" content=\"index, follow, max-snippet:-1, max-image-preview:large, max-video-preview:-1\" \/>\n<link rel=\"canonical\" href=\"https:\/\/web.enjoyersworld.com\/pt\/shop\/metaverse-pack-win-victory-epic\/metaverso-ew-9\/\" \/>\n<meta property=\"og:locale\" content=\"pt_PT\" \/>\n<meta property=\"og:type\" content=\"article\" \/>\n<meta property=\"og:title\" content=\"Metaverso EW 9 - EnjoyersWorld la Plataforma del Metaverso\" \/>\n<meta property=\"og:description\" content=\"EW9 es el entorno que enamora. Su combinaci\u00f3n de colores y materiales son un ejemplo de buen gusto y de armon\u00eda para que todos tus usuarios disfruten de un entorno f\u00e1cil, cercano y extremadamente acogedor. Todos los detalles de este entorno han sido cuidados para que la experiencia de navegaci\u00f3n sea inolvidable.\" \/>\n<meta property=\"og:url\" content=\"https:\/\/web.enjoyersworld.com\/pt\/shop\/metaverse-pack-win-victory-epic\/metaverso-ew-9\/\" \/>\n<meta property=\"og:site_name\" content=\"EnjoyersWorld la Plataforma del Metaverso\" \/>\n<meta property=\"article:publisher\" content=\"https:\/\/www.facebook.com\/EnjoyersWorld\/\" \/>\n<meta property=\"article:modified_time\" content=\"2024-04-08T15:40:37+00:00\" \/>\n<meta property=\"og:image\" content=\"https:\/\/web.enjoyersworld.com\/wp-content\/uploads\/2024\/04\/metaverso-ew9victory-enjoyersworld.webp\" \/>\n\t<meta property=\"og:image:width\" content=\"700\" \/>\n\t<meta property=\"og:image:height\" content=\"700\" \/>\n\t<meta property=\"og:image:type\" content=\"image\/webp\" \/>\n<meta name=\"twitter:card\" content=\"summary_large_image\" \/>\n<meta name=\"twitter:site\" content=\"@enjoyersworld_\" \/>\n<meta name=\"twitter:label1\" content=\"Tempo estimado de leitura\" \/>\n\t<meta name=\"twitter:data1\" content=\"8 minutos\" \/>\n<script type=\"application\/ld+json\" class=\"yoast-schema-graph\">{\"@context\":\"https:\\\/\\\/schema.org\",\"@graph\":[{\"@type\":\"WebPage\",\"@id\":\"https:\\\/\\\/web.enjoyersworld.com\\\/shop\\\/metaverse-pack-win-victory-epic\\\/metaverso-ew-9\\\/\",\"url\":\"https:\\\/\\\/web.enjoyersworld.com\\\/shop\\\/metaverse-pack-win-victory-epic\\\/metaverso-ew-9\\\/\",\"name\":\"Metaverso EW 9 - EnjoyersWorld la Plataforma del Metaverso\",\"isPartOf\":{\"@id\":\"https:\\\/\\\/web.enjoyersworld.com\\\/#website\"},\"primaryImageOfPage\":{\"@id\":\"https:\\\/\\\/web.enjoyersworld.com\\\/shop\\\/metaverse-pack-win-victory-epic\\\/metaverso-ew-9\\\/#primaryimage\"},\"image\":{\"@id\":\"https:\\\/\\\/web.enjoyersworld.com\\\/shop\\\/metaverse-pack-win-victory-epic\\\/metaverso-ew-9\\\/#primaryimage\"},\"thumbnailUrl\":\"https:\\\/\\\/web.enjoyersworld.com\\\/wp-content\\\/uploads\\\/2024\\\/04\\\/metaverso-ew9victory-enjoyersworld.webp\",\"datePublished\":\"2023-11-28T16:50:58+00:00\",\"dateModified\":\"2024-04-08T15:40:37+00:00\",\"breadcrumb\":{\"@id\":\"https:\\\/\\\/web.enjoyersworld.com\\\/shop\\\/metaverse-pack-win-victory-epic\\\/metaverso-ew-9\\\/#breadcrumb\"},\"inLanguage\":\"pt-PT\",\"potentialAction\":[{\"@type\":\"ReadAction\",\"target\":[\"https:\\\/\\\/web.enjoyersworld.com\\\/shop\\\/metaverse-pack-win-victory-epic\\\/metaverso-ew-9\\\/\"]}]},{\"@type\":\"ImageObject\",\"inLanguage\":\"pt-PT\",\"@id\":\"https:\\\/\\\/web.enjoyersworld.com\\\/shop\\\/metaverse-pack-win-victory-epic\\\/metaverso-ew-9\\\/#primaryimage\",\"url\":\"https:\\\/\\\/web.enjoyersworld.com\\\/wp-content\\\/uploads\\\/2024\\\/04\\\/metaverso-ew9victory-enjoyersworld.webp\",\"contentUrl\":\"https:\\\/\\\/web.enjoyersworld.com\\\/wp-content\\\/uploads\\\/2024\\\/04\\\/metaverso-ew9victory-enjoyersworld.webp\",\"width\":700,\"height\":700},{\"@type\":\"BreadcrumbList\",\"@id\":\"https:\\\/\\\/web.enjoyersworld.com\\\/shop\\\/metaverse-pack-win-victory-epic\\\/metaverso-ew-9\\\/#breadcrumb\",\"itemListElement\":[{\"@type\":\"ListItem\",\"position\":1,\"name\":\"Portada\",\"item\":\"https:\\\/\\\/web.enjoyersworld.com\\\/\"},{\"@type\":\"ListItem\",\"position\":2,\"name\":\"Shop\",\"item\":\"https:\\\/\\\/web.enjoyersworld.com\\\/shop-old\\\/\"},{\"@type\":\"ListItem\",\"position\":3,\"name\":\"Metaverso EW 9\"}]},{\"@type\":\"WebSite\",\"@id\":\"https:\\\/\\\/web.enjoyersworld.com\\\/#website\",\"url\":\"https:\\\/\\\/web.enjoyersworld.com\\\/\",\"name\":\"EnjoyersWorld la Plataforma del Metaverso\",\"description\":\"Plataforma de Metaversos, gestiona tu propio Metaverso\",\"publisher\":{\"@id\":\"https:\\\/\\\/web.enjoyersworld.com\\\/#organization\"},\"potentialAction\":[{\"@type\":\"SearchAction\",\"target\":{\"@type\":\"EntryPoint\",\"urlTemplate\":\"https:\\\/\\\/web.enjoyersworld.com\\\/?s={search_term_string}\"},\"query-input\":{\"@type\":\"PropertyValueSpecification\",\"valueRequired\":true,\"valueName\":\"search_term_string\"}}],\"inLanguage\":\"pt-PT\"},{\"@type\":\"Organization\",\"@id\":\"https:\\\/\\\/web.enjoyersworld.com\\\/#organization\",\"name\":\"EnjoyersWorld la Plataforma del Metaverso\",\"url\":\"https:\\\/\\\/web.enjoyersworld.com\\\/\",\"logo\":{\"@type\":\"ImageObject\",\"inLanguage\":\"pt-PT\",\"@id\":\"https:\\\/\\\/web.enjoyersworld.com\\\/#\\\/schema\\\/logo\\\/image\\\/\",\"url\":\"https:\\\/\\\/web.enjoyersworld.com\\\/wp-content\\\/uploads\\\/2025\\\/11\\\/Logo-vertical.svg\",\"contentUrl\":\"https:\\\/\\\/web.enjoyersworld.com\\\/wp-content\\\/uploads\\\/2025\\\/11\\\/Logo-vertical.svg\",\"width\":447,\"height\":139,\"caption\":\"EnjoyersWorld la Plataforma del Metaverso\"},\"image\":{\"@id\":\"https:\\\/\\\/web.enjoyersworld.com\\\/#\\\/schema\\\/logo\\\/image\\\/\"},\"sameAs\":[\"https:\\\/\\\/www.facebook.com\\\/EnjoyersWorld\\\/\",\"https:\\\/\\\/x.com\\\/enjoyersworld_\"]}]}<\/script>\n<!-- \/ Yoast SEO plugin. -->","yoast_head_json":{"title":"Metaverso EW 9 - EnjoyersWorld la Plataforma del Metaverso","robots":{"index":"index","follow":"follow","max-snippet":"max-snippet:-1","max-image-preview":"max-image-preview:large","max-video-preview":"max-video-preview:-1"},"canonical":"https:\/\/web.enjoyersworld.com\/pt\/shop\/metaverse-pack-win-victory-epic\/metaverso-ew-9\/","og_locale":"pt_PT","og_type":"article","og_title":"Metaverso EW 9 - EnjoyersWorld la Plataforma del Metaverso","og_description":"EW9 es el entorno que enamora. Su combinaci\u00f3n de colores y materiales son un ejemplo de buen gusto y de armon\u00eda para que todos tus usuarios disfruten de un entorno f\u00e1cil, cercano y extremadamente acogedor. Todos los detalles de este entorno han sido cuidados para que la experiencia de navegaci\u00f3n sea inolvidable.","og_url":"https:\/\/web.enjoyersworld.com\/pt\/shop\/metaverse-pack-win-victory-epic\/metaverso-ew-9\/","og_site_name":"EnjoyersWorld la Plataforma del Metaverso","article_publisher":"https:\/\/www.facebook.com\/EnjoyersWorld\/","article_modified_time":"2024-04-08T15:40:37+00:00","og_image":[{"width":700,"height":700,"url":"https:\/\/web.enjoyersworld.com\/wp-content\/uploads\/2024\/04\/metaverso-ew9victory-enjoyersworld.webp","type":"image\/webp"}],"twitter_card":"summary_large_image","twitter_site":"@enjoyersworld_","twitter_misc":{"Tempo estimado de leitura":"8 minutos"},"schema":{"@context":"https:\/\/schema.org","@graph":[{"@type":"WebPage","@id":"https:\/\/web.enjoyersworld.com\/shop\/metaverse-pack-win-victory-epic\/metaverso-ew-9\/","url":"https:\/\/web.enjoyersworld.com\/shop\/metaverse-pack-win-victory-epic\/metaverso-ew-9\/","name":"Metaverso EW 9 - EnjoyersWorld la Plataforma del Metaverso","isPartOf":{"@id":"https:\/\/web.enjoyersworld.com\/#website"},"primaryImageOfPage":{"@id":"https:\/\/web.enjoyersworld.com\/shop\/metaverse-pack-win-victory-epic\/metaverso-ew-9\/#primaryimage"},"image":{"@id":"https:\/\/web.enjoyersworld.com\/shop\/metaverse-pack-win-victory-epic\/metaverso-ew-9\/#primaryimage"},"thumbnailUrl":"https:\/\/web.enjoyersworld.com\/wp-content\/uploads\/2024\/04\/metaverso-ew9victory-enjoyersworld.webp","datePublished":"2023-11-28T16:50:58+00:00","dateModified":"2024-04-08T15:40:37+00:00","breadcrumb":{"@id":"https:\/\/web.enjoyersworld.com\/shop\/metaverse-pack-win-victory-epic\/metaverso-ew-9\/#breadcrumb"},"inLanguage":"pt-PT","potentialAction":[{"@type":"ReadAction","target":["https:\/\/web.enjoyersworld.com\/shop\/metaverse-pack-win-victory-epic\/metaverso-ew-9\/"]}]},{"@type":"ImageObject","inLanguage":"pt-PT","@id":"https:\/\/web.enjoyersworld.com\/shop\/metaverse-pack-win-victory-epic\/metaverso-ew-9\/#primaryimage","url":"https:\/\/web.enjoyersworld.com\/wp-content\/uploads\/2024\/04\/metaverso-ew9victory-enjoyersworld.webp","contentUrl":"https:\/\/web.enjoyersworld.com\/wp-content\/uploads\/2024\/04\/metaverso-ew9victory-enjoyersworld.webp","width":700,"height":700},{"@type":"BreadcrumbList","@id":"https:\/\/web.enjoyersworld.com\/shop\/metaverse-pack-win-victory-epic\/metaverso-ew-9\/#breadcrumb","itemListElement":[{"@type":"ListItem","position":1,"name":"Portada","item":"https:\/\/web.enjoyersworld.com\/"},{"@type":"ListItem","position":2,"name":"Shop","item":"https:\/\/web.enjoyersworld.com\/shop-old\/"},{"@type":"ListItem","position":3,"name":"Metaverso EW 9"}]},{"@type":"WebSite","@id":"https:\/\/web.enjoyersworld.com\/#website","url":"https:\/\/web.enjoyersworld.com\/","name":"EnjoyersWorld a Plataforma do Metaverse","description":"Plataforma de Metaversos, administra o teu pr\u00f3prio Metaverse","publisher":{"@id":"https:\/\/web.enjoyersworld.com\/#organization"},"potentialAction":[{"@type":"SearchAction","target":{"@type":"EntryPoint","urlTemplate":"https:\/\/web.enjoyersworld.com\/?s={search_term_string}"},"query-input":{"@type":"PropertyValueSpecification","valueRequired":true,"valueName":"search_term_string"}}],"inLanguage":"pt-PT"},{"@type":"Organization","@id":"https:\/\/web.enjoyersworld.com\/#organization","name":"EnjoyersWorld a Plataforma do Metaverse","url":"https:\/\/web.enjoyersworld.com\/","logo":{"@type":"ImageObject","inLanguage":"pt-PT","@id":"https:\/\/web.enjoyersworld.com\/#\/schema\/logo\/image\/","url":"https:\/\/web.enjoyersworld.com\/wp-content\/uploads\/2025\/11\/Logo-vertical.svg","contentUrl":"https:\/\/web.enjoyersworld.com\/wp-content\/uploads\/2025\/11\/Logo-vertical.svg","width":447,"height":139,"caption":"EnjoyersWorld la Plataforma del Metaverso"},"image":{"@id":"https:\/\/web.enjoyersworld.com\/#\/schema\/logo\/image\/"},"sameAs":["https:\/\/www.facebook.com\/EnjoyersWorld\/","https:\/\/x.com\/enjoyersworld_"]}]}},"_links":{"self":[{"href":"https:\/\/web.enjoyersworld.com\/pt\/wp-json\/wp\/v2\/product\/3747","targetHints":{"allow":["GET"]}}],"collection":[{"href":"https:\/\/web.enjoyersworld.com\/pt\/wp-json\/wp\/v2\/product"}],"about":[{"href":"https:\/\/web.enjoyersworld.com\/pt\/wp-json\/wp\/v2\/types\/product"}],"wp:featuredmedia":[{"embeddable":true,"href":"https:\/\/web.enjoyersworld.com\/pt\/wp-json\/wp\/v2\/media\/6226"}],"wp:attachment":[{"href":"https:\/\/web.enjoyersworld.com\/pt\/wp-json\/wp\/v2\/media?parent=3747"}],"wp:term":[{"taxonomy":"product_brand","embeddable":true,"href":"https:\/\/web.enjoyersworld.com\/pt\/wp-json\/wp\/v2\/product_brand?post=3747"},{"taxonomy":"product_cat","embeddable":true,"href":"https:\/\/web.enjoyersworld.com\/pt\/wp-json\/wp\/v2\/product_cat?post=3747"},{"taxonomy":"product_tag","embeddable":true,"href":"https:\/\/web.enjoyersworld.com\/pt\/wp-json\/wp\/v2\/product_tag?post=3747"}],"curies":[{"name":"wp","href":"https:\/\/api.w.org\/{rel}","templated":true}]}}