{"id":4304,"date":"2023-11-29T15:37:12","date_gmt":"2023-11-29T14:37:12","guid":{"rendered":"https:\/\/enjoyersworld.com\/?post_type=product&#038;p=4304"},"modified":"2024-04-08T12:09:06","modified_gmt":"2024-04-08T10:09:06","slug":"metaverso-ew-ve4","status":"publish","type":"product","link":"https:\/\/web.enjoyersworld.com\/pt\/shop\/metaverse-pack-win-victory-epic\/metaverso-ew-ve4\/","title":{"rendered":"Metaverso EW VE4"},"content":{"rendered":"<p>Da un paso m\u00e1s y accede a los nuevos y exclusivos entornos de Victory y Epic. Una oportunidad para llevar tu experiencia en el Metaverso a una nueva dimensi\u00f3n. Sus texturas y acabados no dejar\u00e1n indiferente a nadie captando la atenci\u00f3n de tus usuarios de modo que la experiencia sea inigualable.<\/p>\n<p>EW VE4 es el entorno m\u00e1s modernista. Este entorno perfectamente trabajado proporciona un estilo universal donde conviven los colores claros con un toque colorido que no dejar\u00e1 indiferente a tus usuarios. Un espacio que se caracteriza por una ambigua rebeld\u00eda creativa con una profunda renovaci\u00f3n est\u00e9tica.<\/p>\n<p style=\"text-decoration: underline;\">Caracter\u00edsticas de los pack:<\/p>\n<p><strong>Victory<\/strong>:<br \/>\n<img decoding=\"async\" class=\"alignnone wp-image-4534 size-full\" src=\"https:\/\/enjoyersworld.com\/wp-content\/uploads\/2023\/12\/circulo_icon_white.png\" alt=\"\" width=\"28\" height=\"28\" \/> Elecci\u00f3n entre 26 entornos, <img decoding=\"async\" class=\"alignnone wp-image-4534 size-full\" src=\"https:\/\/enjoyersworld.com\/wp-content\/uploads\/2023\/12\/circulo_icon_white.png\" alt=\"\" width=\"28\" height=\"28\" \/> 35 puntos interactivos, <img decoding=\"async\" class=\"alignnone wp-image-4534 size-full\" src=\"https:\/\/enjoyersworld.com\/wp-content\/uploads\/2023\/12\/circulo_icon_white.png\" alt=\"\" width=\"28\" height=\"28\" \/> Gesti\u00f3n desde panel de control , <img decoding=\"async\" class=\"alignnone wp-image-4534 size-full\" src=\"https:\/\/enjoyersworld.com\/wp-content\/uploads\/2023\/12\/circulo_icon_white.png\" alt=\"\" width=\"28\" height=\"28\" \/> Posicionamiento SEO, <img decoding=\"async\" class=\"alignnone wp-image-4534 size-full\" src=\"https:\/\/enjoyersworld.com\/wp-content\/uploads\/2023\/12\/circulo_icon_white.png\" alt=\"\" width=\"28\" height=\"28\" \/> Presencia en la MetaCiudad*, <img decoding=\"async\" class=\"alignnone wp-image-4534 size-full\" src=\"https:\/\/enjoyersworld.com\/wp-content\/uploads\/2023\/12\/circulo_icon_white.png\" alt=\"\" width=\"28\" height=\"28\" \/> Zona Victory en la MetaCiudad , <img decoding=\"async\" class=\"alignnone wp-image-4534 size-full\" src=\"https:\/\/enjoyersworld.com\/wp-content\/uploads\/2023\/12\/circulo_icon_white.png\" alt=\"\" width=\"28\" height=\"28\" \/>\u00a0 2 Idiomas, <img decoding=\"async\" class=\"alignnone wp-image-4534 size-full\" src=\"https:\/\/enjoyersworld.com\/wp-content\/uploads\/2023\/12\/circulo_icon_white.png\" alt=\"\" width=\"28\" height=\"28\" \/> Logotipo en la MetaCiudad, <img decoding=\"async\" class=\"alignnone wp-image-4534 size-full\" src=\"https:\/\/enjoyersworld.com\/wp-content\/uploads\/2023\/12\/circulo_icon_white.png\" alt=\"\" width=\"28\" height=\"28\" \/> Estad\u00edsticas Google Analytics, <img decoding=\"async\" class=\"alignnone wp-image-4534 size-full\" src=\"https:\/\/enjoyersworld.com\/wp-content\/uploads\/2023\/12\/circulo_icon_white.png\" alt=\"\" width=\"28\" height=\"28\" \/> Nombre y 20 palabras clave en el buscador de la MetaCiudad<\/p>\n<p><strong>Epic<\/strong>:<br \/>\n<img decoding=\"async\" class=\"alignnone wp-image-4534 size-full\" src=\"https:\/\/enjoyersworld.com\/wp-content\/uploads\/2023\/12\/circulo_icon_white.png\" alt=\"\" width=\"28\" height=\"28\" \/> Elecci\u00f3n entre 26 entornos, <img decoding=\"async\" class=\"alignnone wp-image-4534 size-full\" src=\"https:\/\/enjoyersworld.com\/wp-content\/uploads\/2023\/12\/circulo_icon_white.png\" alt=\"\" width=\"28\" height=\"28\" \/> 80 puntos interactivos, <img decoding=\"async\" class=\"alignnone wp-image-4534 size-full\" src=\"https:\/\/enjoyersworld.com\/wp-content\/uploads\/2023\/12\/circulo_icon_white.png\" alt=\"\" width=\"28\" height=\"28\" \/> Gesti\u00f3n desde panel de control , <img decoding=\"async\" class=\"alignnone wp-image-4534 size-full\" src=\"https:\/\/enjoyersworld.com\/wp-content\/uploads\/2023\/12\/circulo_icon_white.png\" alt=\"\" width=\"28\" height=\"28\" \/> Posicionamiento SEO, <img decoding=\"async\" class=\"alignnone wp-image-4534 size-full\" src=\"https:\/\/enjoyersworld.com\/wp-content\/uploads\/2023\/12\/circulo_icon_white.png\" alt=\"\" width=\"28\" height=\"28\" \/> Presencia en la MetaCiudad*, <img decoding=\"async\" class=\"alignnone wp-image-4534 size-full\" src=\"https:\/\/enjoyersworld.com\/wp-content\/uploads\/2023\/12\/circulo_icon_white.png\" alt=\"\" width=\"28\" height=\"28\" \/> Zona Victory en la MetaCiudad , <img decoding=\"async\" class=\"alignnone wp-image-4534 size-full\" src=\"https:\/\/enjoyersworld.com\/wp-content\/uploads\/2023\/12\/circulo_icon_white.png\" alt=\"\" width=\"28\" height=\"28\" \/>\u00a0 3 Idiomas, <img decoding=\"async\" class=\"alignnone wp-image-4534 size-full\" src=\"https:\/\/enjoyersworld.com\/wp-content\/uploads\/2023\/12\/circulo_icon_white.png\" alt=\"\" width=\"28\" height=\"28\" \/> Logotipo en la MetaCiudad, <img decoding=\"async\" class=\"alignnone wp-image-4534 size-full\" src=\"https:\/\/enjoyersworld.com\/wp-content\/uploads\/2023\/12\/circulo_icon_white.png\" alt=\"\" width=\"28\" height=\"28\" \/> Estad\u00edsticas Google Analytics, <img decoding=\"async\" class=\"alignnone wp-image-4534 size-full\" src=\"https:\/\/enjoyersworld.com\/wp-content\/uploads\/2023\/12\/circulo_icon_white.png\" alt=\"\" width=\"28\" height=\"28\" \/> Nombre y 60 palabras clave en el buscador de la MetaCiudad, <img decoding=\"async\" class=\"alignnone wp-image-4534 size-full\" src=\"https:\/\/enjoyersworld.com\/wp-content\/uploads\/2023\/12\/circulo_icon_white.png\" alt=\"\" width=\"28\" height=\"28\" \/> 1 Mes de Publicidad en un Mupi de la MetaCiudad<\/p>\n<p>Adquiere tu espacio ahora y comienza a transformar tu forma de interactuar con el mundo digital. Eleva tus presentaciones, conecta con tu audiencia de manera inolvidable y da vida a tus proyectos con un entorno que refleja tu visi\u00f3n.<\/p>\n<p>\u00a1Bienvenido al Metaverso EnjoyersWorld!<\/p>\n<p>Enjoying the Future Together<\/p>","protected":false},"excerpt":{"rendered":"<p>EW VE4 es el entorno m\u00e1s modernista. Este entorno perfectamente trabajado proporciona un estilo universal donde conviven los colores claros con un toque colorido que no dejar\u00e1 indiferente a tus usuarios. Un espacio que se caracteriza por una ambigua rebeld\u00eda creativa con una profunda renovaci\u00f3n est\u00e9tica.<\/p>","protected":false},"featured_media":6238,"template":"","meta":[],"product_brand":[],"product_cat":[48],"product_tag":[],"class_list":{"0":"post-4304","1":"product","2":"type-product","3":"status-publish","4":"has-post-thumbnail","6":"product_cat-metaverse-pack-win-victory-epic","8":"first","9":"instock","10":"shipping-taxable","11":"purchasable","12":"product-type-variable"},"yoast_head":"<!-- This site is optimized with the Yoast SEO plugin v27.5 - https:\/\/yoast.com\/product\/yoast-seo-wordpress\/ -->\n<title>Metaverso EW VE4 - EnjoyersWorld la Plataforma del Metaverso<\/title>\n<meta name=\"robots\" content=\"index, follow, max-snippet:-1, max-image-preview:large, max-video-preview:-1\" \/>\n<link rel=\"canonical\" href=\"https:\/\/web.enjoyersworld.com\/pt\/shop\/metaverse-pack-win-victory-epic\/metaverso-ew-ve4\/\" \/>\n<meta property=\"og:locale\" content=\"pt_PT\" \/>\n<meta property=\"og:type\" content=\"article\" \/>\n<meta property=\"og:title\" content=\"Metaverso EW VE4 - EnjoyersWorld la Plataforma del Metaverso\" \/>\n<meta property=\"og:description\" content=\"EW VE4 es el entorno m\u00e1s modernista. Este entorno perfectamente trabajado proporciona un estilo universal donde conviven los colores claros con un toque colorido que no dejar\u00e1 indiferente a tus usuarios. Un espacio que se caracteriza por una ambigua rebeld\u00eda creativa con una profunda renovaci\u00f3n est\u00e9tica.\" \/>\n<meta property=\"og:url\" content=\"https:\/\/web.enjoyersworld.com\/pt\/shop\/metaverse-pack-win-victory-epic\/metaverso-ew-ve4\/\" \/>\n<meta property=\"og:site_name\" content=\"EnjoyersWorld la Plataforma del Metaverso\" \/>\n<meta property=\"article:publisher\" content=\"https:\/\/www.facebook.com\/EnjoyersWorld\/\" \/>\n<meta property=\"article:modified_time\" content=\"2024-04-08T10:09:06+00:00\" \/>\n<meta property=\"og:image\" content=\"https:\/\/web.enjoyersworld.com\/wp-content\/uploads\/2024\/04\/metaverso-ve4-enjoyersworld.webp\" \/>\n\t<meta property=\"og:image:width\" content=\"700\" \/>\n\t<meta property=\"og:image:height\" content=\"700\" \/>\n\t<meta property=\"og:image:type\" content=\"image\/webp\" \/>\n<meta name=\"twitter:card\" content=\"summary_large_image\" \/>\n<meta name=\"twitter:site\" content=\"@enjoyersworld_\" \/>\n<meta name=\"twitter:label1\" content=\"Tempo estimado de leitura\" \/>\n\t<meta name=\"twitter:data1\" content=\"6 minutos\" \/>\n<script type=\"application\/ld+json\" class=\"yoast-schema-graph\">{\"@context\":\"https:\\\/\\\/schema.org\",\"@graph\":[{\"@type\":\"WebPage\",\"@id\":\"https:\\\/\\\/web.enjoyersworld.com\\\/shop\\\/metaverse-pack-win-victory-epic\\\/metaverso-ew-ve4\\\/\",\"url\":\"https:\\\/\\\/web.enjoyersworld.com\\\/shop\\\/metaverse-pack-win-victory-epic\\\/metaverso-ew-ve4\\\/\",\"name\":\"Metaverso EW VE4 - EnjoyersWorld la Plataforma del Metaverso\",\"isPartOf\":{\"@id\":\"https:\\\/\\\/web.enjoyersworld.com\\\/#website\"},\"primaryImageOfPage\":{\"@id\":\"https:\\\/\\\/web.enjoyersworld.com\\\/shop\\\/metaverse-pack-win-victory-epic\\\/metaverso-ew-ve4\\\/#primaryimage\"},\"image\":{\"@id\":\"https:\\\/\\\/web.enjoyersworld.com\\\/shop\\\/metaverse-pack-win-victory-epic\\\/metaverso-ew-ve4\\\/#primaryimage\"},\"thumbnailUrl\":\"https:\\\/\\\/web.enjoyersworld.com\\\/wp-content\\\/uploads\\\/2024\\\/04\\\/metaverso-ve4-enjoyersworld.webp\",\"datePublished\":\"2023-11-29T14:37:12+00:00\",\"dateModified\":\"2024-04-08T10:09:06+00:00\",\"breadcrumb\":{\"@id\":\"https:\\\/\\\/web.enjoyersworld.com\\\/shop\\\/metaverse-pack-win-victory-epic\\\/metaverso-ew-ve4\\\/#breadcrumb\"},\"inLanguage\":\"pt-PT\",\"potentialAction\":[{\"@type\":\"ReadAction\",\"target\":[\"https:\\\/\\\/web.enjoyersworld.com\\\/shop\\\/metaverse-pack-win-victory-epic\\\/metaverso-ew-ve4\\\/\"]}]},{\"@type\":\"ImageObject\",\"inLanguage\":\"pt-PT\",\"@id\":\"https:\\\/\\\/web.enjoyersworld.com\\\/shop\\\/metaverse-pack-win-victory-epic\\\/metaverso-ew-ve4\\\/#primaryimage\",\"url\":\"https:\\\/\\\/web.enjoyersworld.com\\\/wp-content\\\/uploads\\\/2024\\\/04\\\/metaverso-ve4-enjoyersworld.webp\",\"contentUrl\":\"https:\\\/\\\/web.enjoyersworld.com\\\/wp-content\\\/uploads\\\/2024\\\/04\\\/metaverso-ve4-enjoyersworld.webp\",\"width\":700,\"height\":700},{\"@type\":\"BreadcrumbList\",\"@id\":\"https:\\\/\\\/web.enjoyersworld.com\\\/shop\\\/metaverse-pack-win-victory-epic\\\/metaverso-ew-ve4\\\/#breadcrumb\",\"itemListElement\":[{\"@type\":\"ListItem\",\"position\":1,\"name\":\"Portada\",\"item\":\"https:\\\/\\\/web.enjoyersworld.com\\\/\"},{\"@type\":\"ListItem\",\"position\":2,\"name\":\"Shop\",\"item\":\"https:\\\/\\\/web.enjoyersworld.com\\\/shop-old\\\/\"},{\"@type\":\"ListItem\",\"position\":3,\"name\":\"Metaverso EW VE4\"}]},{\"@type\":\"WebSite\",\"@id\":\"https:\\\/\\\/web.enjoyersworld.com\\\/#website\",\"url\":\"https:\\\/\\\/web.enjoyersworld.com\\\/\",\"name\":\"EnjoyersWorld la Plataforma del Metaverso\",\"description\":\"Plataforma de Metaversos, gestiona tu propio Metaverso\",\"publisher\":{\"@id\":\"https:\\\/\\\/web.enjoyersworld.com\\\/#organization\"},\"potentialAction\":[{\"@type\":\"SearchAction\",\"target\":{\"@type\":\"EntryPoint\",\"urlTemplate\":\"https:\\\/\\\/web.enjoyersworld.com\\\/?s={search_term_string}\"},\"query-input\":{\"@type\":\"PropertyValueSpecification\",\"valueRequired\":true,\"valueName\":\"search_term_string\"}}],\"inLanguage\":\"pt-PT\"},{\"@type\":\"Organization\",\"@id\":\"https:\\\/\\\/web.enjoyersworld.com\\\/#organization\",\"name\":\"EnjoyersWorld la Plataforma del Metaverso\",\"url\":\"https:\\\/\\\/web.enjoyersworld.com\\\/\",\"logo\":{\"@type\":\"ImageObject\",\"inLanguage\":\"pt-PT\",\"@id\":\"https:\\\/\\\/web.enjoyersworld.com\\\/#\\\/schema\\\/logo\\\/image\\\/\",\"url\":\"https:\\\/\\\/web.enjoyersworld.com\\\/wp-content\\\/uploads\\\/2025\\\/11\\\/Logo-vertical.svg\",\"contentUrl\":\"https:\\\/\\\/web.enjoyersworld.com\\\/wp-content\\\/uploads\\\/2025\\\/11\\\/Logo-vertical.svg\",\"width\":447,\"height\":139,\"caption\":\"EnjoyersWorld la Plataforma del Metaverso\"},\"image\":{\"@id\":\"https:\\\/\\\/web.enjoyersworld.com\\\/#\\\/schema\\\/logo\\\/image\\\/\"},\"sameAs\":[\"https:\\\/\\\/www.facebook.com\\\/EnjoyersWorld\\\/\",\"https:\\\/\\\/x.com\\\/enjoyersworld_\"]}]}<\/script>\n<!-- \/ Yoast SEO plugin. -->","yoast_head_json":{"title":"Metaverso EW VE4 - EnjoyersWorld la Plataforma del Metaverso","robots":{"index":"index","follow":"follow","max-snippet":"max-snippet:-1","max-image-preview":"max-image-preview:large","max-video-preview":"max-video-preview:-1"},"canonical":"https:\/\/web.enjoyersworld.com\/pt\/shop\/metaverse-pack-win-victory-epic\/metaverso-ew-ve4\/","og_locale":"pt_PT","og_type":"article","og_title":"Metaverso EW VE4 - EnjoyersWorld la Plataforma del Metaverso","og_description":"EW VE4 es el entorno m\u00e1s modernista. Este entorno perfectamente trabajado proporciona un estilo universal donde conviven los colores claros con un toque colorido que no dejar\u00e1 indiferente a tus usuarios. Un espacio que se caracteriza por una ambigua rebeld\u00eda creativa con una profunda renovaci\u00f3n est\u00e9tica.","og_url":"https:\/\/web.enjoyersworld.com\/pt\/shop\/metaverse-pack-win-victory-epic\/metaverso-ew-ve4\/","og_site_name":"EnjoyersWorld la Plataforma del Metaverso","article_publisher":"https:\/\/www.facebook.com\/EnjoyersWorld\/","article_modified_time":"2024-04-08T10:09:06+00:00","og_image":[{"width":700,"height":700,"url":"https:\/\/web.enjoyersworld.com\/wp-content\/uploads\/2024\/04\/metaverso-ve4-enjoyersworld.webp","type":"image\/webp"}],"twitter_card":"summary_large_image","twitter_site":"@enjoyersworld_","twitter_misc":{"Tempo estimado de leitura":"6 minutos"},"schema":{"@context":"https:\/\/schema.org","@graph":[{"@type":"WebPage","@id":"https:\/\/web.enjoyersworld.com\/shop\/metaverse-pack-win-victory-epic\/metaverso-ew-ve4\/","url":"https:\/\/web.enjoyersworld.com\/shop\/metaverse-pack-win-victory-epic\/metaverso-ew-ve4\/","name":"Metaverso EW VE4 - EnjoyersWorld la Plataforma del Metaverso","isPartOf":{"@id":"https:\/\/web.enjoyersworld.com\/#website"},"primaryImageOfPage":{"@id":"https:\/\/web.enjoyersworld.com\/shop\/metaverse-pack-win-victory-epic\/metaverso-ew-ve4\/#primaryimage"},"image":{"@id":"https:\/\/web.enjoyersworld.com\/shop\/metaverse-pack-win-victory-epic\/metaverso-ew-ve4\/#primaryimage"},"thumbnailUrl":"https:\/\/web.enjoyersworld.com\/wp-content\/uploads\/2024\/04\/metaverso-ve4-enjoyersworld.webp","datePublished":"2023-11-29T14:37:12+00:00","dateModified":"2024-04-08T10:09:06+00:00","breadcrumb":{"@id":"https:\/\/web.enjoyersworld.com\/shop\/metaverse-pack-win-victory-epic\/metaverso-ew-ve4\/#breadcrumb"},"inLanguage":"pt-PT","potentialAction":[{"@type":"ReadAction","target":["https:\/\/web.enjoyersworld.com\/shop\/metaverse-pack-win-victory-epic\/metaverso-ew-ve4\/"]}]},{"@type":"ImageObject","inLanguage":"pt-PT","@id":"https:\/\/web.enjoyersworld.com\/shop\/metaverse-pack-win-victory-epic\/metaverso-ew-ve4\/#primaryimage","url":"https:\/\/web.enjoyersworld.com\/wp-content\/uploads\/2024\/04\/metaverso-ve4-enjoyersworld.webp","contentUrl":"https:\/\/web.enjoyersworld.com\/wp-content\/uploads\/2024\/04\/metaverso-ve4-enjoyersworld.webp","width":700,"height":700},{"@type":"BreadcrumbList","@id":"https:\/\/web.enjoyersworld.com\/shop\/metaverse-pack-win-victory-epic\/metaverso-ew-ve4\/#breadcrumb","itemListElement":[{"@type":"ListItem","position":1,"name":"Portada","item":"https:\/\/web.enjoyersworld.com\/"},{"@type":"ListItem","position":2,"name":"Shop","item":"https:\/\/web.enjoyersworld.com\/shop-old\/"},{"@type":"ListItem","position":3,"name":"Metaverso EW VE4"}]},{"@type":"WebSite","@id":"https:\/\/web.enjoyersworld.com\/#website","url":"https:\/\/web.enjoyersworld.com\/","name":"EnjoyersWorld a Plataforma do Metaverse","description":"Plataforma de Metaversos, administra o teu pr\u00f3prio Metaverse","publisher":{"@id":"https:\/\/web.enjoyersworld.com\/#organization"},"potentialAction":[{"@type":"SearchAction","target":{"@type":"EntryPoint","urlTemplate":"https:\/\/web.enjoyersworld.com\/?s={search_term_string}"},"query-input":{"@type":"PropertyValueSpecification","valueRequired":true,"valueName":"search_term_string"}}],"inLanguage":"pt-PT"},{"@type":"Organization","@id":"https:\/\/web.enjoyersworld.com\/#organization","name":"EnjoyersWorld a Plataforma do Metaverse","url":"https:\/\/web.enjoyersworld.com\/","logo":{"@type":"ImageObject","inLanguage":"pt-PT","@id":"https:\/\/web.enjoyersworld.com\/#\/schema\/logo\/image\/","url":"https:\/\/web.enjoyersworld.com\/wp-content\/uploads\/2025\/11\/Logo-vertical.svg","contentUrl":"https:\/\/web.enjoyersworld.com\/wp-content\/uploads\/2025\/11\/Logo-vertical.svg","width":447,"height":139,"caption":"EnjoyersWorld la Plataforma del Metaverso"},"image":{"@id":"https:\/\/web.enjoyersworld.com\/#\/schema\/logo\/image\/"},"sameAs":["https:\/\/www.facebook.com\/EnjoyersWorld\/","https:\/\/x.com\/enjoyersworld_"]}]}},"_links":{"self":[{"href":"https:\/\/web.enjoyersworld.com\/pt\/wp-json\/wp\/v2\/product\/4304","targetHints":{"allow":["GET"]}}],"collection":[{"href":"https:\/\/web.enjoyersworld.com\/pt\/wp-json\/wp\/v2\/product"}],"about":[{"href":"https:\/\/web.enjoyersworld.com\/pt\/wp-json\/wp\/v2\/types\/product"}],"wp:featuredmedia":[{"embeddable":true,"href":"https:\/\/web.enjoyersworld.com\/pt\/wp-json\/wp\/v2\/media\/6238"}],"wp:attachment":[{"href":"https:\/\/web.enjoyersworld.com\/pt\/wp-json\/wp\/v2\/media?parent=4304"}],"wp:term":[{"taxonomy":"product_brand","embeddable":true,"href":"https:\/\/web.enjoyersworld.com\/pt\/wp-json\/wp\/v2\/product_brand?post=4304"},{"taxonomy":"product_cat","embeddable":true,"href":"https:\/\/web.enjoyersworld.com\/pt\/wp-json\/wp\/v2\/product_cat?post=4304"},{"taxonomy":"product_tag","embeddable":true,"href":"https:\/\/web.enjoyersworld.com\/pt\/wp-json\/wp\/v2\/product_tag?post=4304"}],"curies":[{"name":"wp","href":"https:\/\/api.w.org\/{rel}","templated":true}]}}