{"id":4063,"date":"2023-11-29T15:25:39","date_gmt":"2023-11-29T14:25:39","guid":{"rendered":"https:\/\/enjoyersworld.com\/?post_type=product&#038;p=4063"},"modified":"2024-04-08T17:01:43","modified_gmt":"2024-04-08T15:01:43","slug":"metaverso-ew-11-win","status":"publish","type":"product","link":"https:\/\/web.enjoyersworld.com\/tr\/shop\/metaverse-pack-win\/metaverso-ew-11-win\/","title":{"rendered":"Metaverso EW 11 Win"},"content":{"rendered":"<p>Explora en un nuevo entorno lleno de nuevas experiencias y oportunidades exclusivas para satisfacer tus necesidades reales en el Metaverso. \u00a1Bienvenido a EnjoyersWorld!<\/p>\n<p>EW11 ikili ortamd\u0131r. Bir yandan, birinde farkl\u0131 alanlar olu\u015fturman\u0131za izin veren s\u00fctunlu geni\u015f bir oda. Arka planda, a\u00e7\u0131l\u0131p kapanan bir kap\u0131 a\u00e7ar ve bu, ihtiyac\u0131n\u0131z olan her \u015feyi ayr\u0131 bir alan\u0131n takdirine g\u00f6re a\u00e7\u0131\u011fa \u00e7\u0131kard\u0131\u011f\u0131n\u0131z \u00f6zel bir odaya yol a\u00e7ar. Ve hepsi e\u015fsiz kalitede renk ve malzeme kombinasyonu ile.<\/p>\n<p style=\"text-decoration: underline;\">Caracter\u00edsticas de los pack:<\/p>\n<p><strong>Win<\/strong>:<br \/>\n<img decoding=\"async\" class=\"alignnone wp-image-4534 size-full\" src=\"https:\/\/enjoyersworld.com\/wp-content\/uploads\/2023\/12\/circulo_icon_white.png\" alt=\"\" width=\"28\" height=\"28\" \/> Elecci\u00f3n entre 20 entornos, <img decoding=\"async\" class=\"alignnone wp-image-4534 size-full\" src=\"https:\/\/enjoyersworld.com\/wp-content\/uploads\/2023\/12\/circulo_icon_white.png\" alt=\"\" width=\"28\" height=\"28\" \/> 15 puntos interactivos, <img decoding=\"async\" class=\"alignnone wp-image-4534 size-full\" src=\"https:\/\/enjoyersworld.com\/wp-content\/uploads\/2023\/12\/circulo_icon_white.png\" alt=\"\" width=\"28\" height=\"28\" \/> Gesti\u00f3n desde panel de control , <img decoding=\"async\" class=\"alignnone wp-image-4534 size-full\" src=\"https:\/\/enjoyersworld.com\/wp-content\/uploads\/2023\/12\/circulo_icon_white.png\" alt=\"\" width=\"28\" height=\"28\" \/> Posicionamiento SEO, <img decoding=\"async\" class=\"alignnone wp-image-4534 size-full\" src=\"https:\/\/enjoyersworld.com\/wp-content\/uploads\/2023\/12\/circulo_icon_white.png\" alt=\"\" width=\"28\" height=\"28\" \/> Presencia en la MetaCiudad*, <img decoding=\"async\" class=\"alignnone wp-image-4534 size-full\" src=\"https:\/\/enjoyersworld.com\/wp-content\/uploads\/2023\/12\/circulo_icon_white.png\" alt=\"\" width=\"28\" height=\"28\" \/> Zona Win en la MetaCiudad , <img decoding=\"async\" class=\"alignnone wp-image-4534 size-full\" src=\"https:\/\/enjoyersworld.com\/wp-content\/uploads\/2023\/12\/circulo_icon_white.png\" alt=\"\" width=\"28\" height=\"28\" \/>\u00a0 1 Idioma, <img decoding=\"async\" class=\"alignnone wp-image-4534 size-full\" src=\"https:\/\/enjoyersworld.com\/wp-content\/uploads\/2023\/12\/circulo_icon_white.png\" alt=\"\" width=\"28\" height=\"28\" \/> Logotipo en la MetaCiudad, <img decoding=\"async\" class=\"alignnone wp-image-4534 size-full\" src=\"https:\/\/enjoyersworld.com\/wp-content\/uploads\/2023\/12\/circulo_icon_white.png\" alt=\"\" width=\"28\" height=\"28\" \/> Nombre y 10 palabras clave en el buscador de la MetaCiudad<\/p>\n<p>Adquiere tu espacio ahora y comienza a transformar tu forma de interactuar con el mundo digital. Eleva tus presentaciones, conecta con tu audiencia de manera inolvidable y da vida a tus proyectos con un entorno que refleja tu visi\u00f3n.<\/p>\n<p>\u00a1Bienvenido al Metaverso EnjoyersWorld!<\/p>\n<p>Enjoying the Future Together<\/p>","protected":false},"excerpt":{"rendered":"<p>EW11 ikili ortamd\u0131r. Bir yandan, birinde farkl\u0131 alanlar olu\u015fturman\u0131za izin veren s\u00fctunlu geni\u015f bir oda. Arka planda, a\u00e7\u0131l\u0131p kapanan bir kap\u0131 a\u00e7ar ve bu, ihtiyac\u0131n\u0131z olan her \u015feyi ayr\u0131 bir alan\u0131n takdirine g\u00f6re a\u00e7\u0131\u011fa \u00e7\u0131kard\u0131\u011f\u0131n\u0131z \u00f6zel bir odaya yol a\u00e7ar. Ve hepsi e\u015fsiz kalitede renk ve malzeme kombinasyonu ile.<\/p>","protected":false},"featured_media":6209,"template":"","meta":[],"product_brand":[],"product_cat":[51],"product_tag":[],"class_list":{"0":"post-4063","1":"product","2":"type-product","3":"status-publish","4":"has-post-thumbnail","6":"product_cat-metaverse-pack-win","8":"first","9":"instock","10":"shipping-taxable","11":"purchasable","12":"product-type-variable"},"yoast_head":"<!-- This site is optimized with the Yoast SEO plugin v27.5 - https:\/\/yoast.com\/product\/yoast-seo-wordpress\/ -->\n<title>Metaverso EW 11 Win - EnjoyersWorld la Plataforma del Metaverso<\/title>\n<meta name=\"robots\" content=\"index, follow, max-snippet:-1, max-image-preview:large, max-video-preview:-1\" \/>\n<link rel=\"canonical\" href=\"https:\/\/web.enjoyersworld.com\/tr\/shop\/metaverse-pack-win\/metaverso-ew-11-win\/\" \/>\n<meta property=\"og:locale\" content=\"tr_TR\" \/>\n<meta property=\"og:type\" content=\"article\" \/>\n<meta property=\"og:title\" content=\"Metaverso EW 11 Win - EnjoyersWorld la Plataforma del Metaverso\" \/>\n<meta property=\"og:description\" content=\"EW11 es el entorno dual. Por un lado, una amplia sala con columnas que permiten crear distintos espacios en uno. Al fondo, se abre una puerta que se abre y se cierra y que da paso a una sala privada donde exponer todo aquello que necesita de la discreci\u00f3n de un espacio aparte. Y todo con una combinaci\u00f3n de colores y materiales de una calidad insuperable.\" \/>\n<meta property=\"og:url\" content=\"https:\/\/web.enjoyersworld.com\/tr\/shop\/metaverse-pack-win\/metaverso-ew-11-win\/\" \/>\n<meta property=\"og:site_name\" content=\"EnjoyersWorld la Plataforma del Metaverso\" \/>\n<meta property=\"article:publisher\" content=\"https:\/\/www.facebook.com\/EnjoyersWorld\/\" \/>\n<meta property=\"article:modified_time\" content=\"2024-04-08T15:01:43+00:00\" \/>\n<meta property=\"og:image\" content=\"https:\/\/web.enjoyersworld.com\/wp-content\/uploads\/2024\/04\/metaverso-ew11win-enjoyersworld.webp\" \/>\n\t<meta property=\"og:image:width\" content=\"700\" \/>\n\t<meta property=\"og:image:height\" content=\"700\" \/>\n\t<meta property=\"og:image:type\" content=\"image\/webp\" \/>\n<meta name=\"twitter:card\" content=\"summary_large_image\" \/>\n<meta name=\"twitter:site\" content=\"@enjoyersworld_\" \/>\n<meta name=\"twitter:label1\" content=\"Tahmini okuma s\u00fcresi\" \/>\n\t<meta name=\"twitter:data1\" content=\"3 dakika\" \/>\n<script type=\"application\/ld+json\" class=\"yoast-schema-graph\">{\"@context\":\"https:\\\/\\\/schema.org\",\"@graph\":[{\"@type\":\"WebPage\",\"@id\":\"https:\\\/\\\/web.enjoyersworld.com\\\/tr\\\/shop\\\/metaverse-pack-win\\\/metaverso-ew-11-win\\\/\",\"url\":\"https:\\\/\\\/web.enjoyersworld.com\\\/tr\\\/shop\\\/metaverse-pack-win\\\/metaverso-ew-11-win\\\/\",\"name\":\"Metaverso EW 11 Win - EnjoyersWorld la Plataforma del Metaverso\",\"isPartOf\":{\"@id\":\"https:\\\/\\\/web.enjoyersworld.com\\\/#website\"},\"primaryImageOfPage\":{\"@id\":\"https:\\\/\\\/web.enjoyersworld.com\\\/tr\\\/shop\\\/metaverse-pack-win\\\/metaverso-ew-11-win\\\/#primaryimage\"},\"image\":{\"@id\":\"https:\\\/\\\/web.enjoyersworld.com\\\/tr\\\/shop\\\/metaverse-pack-win\\\/metaverso-ew-11-win\\\/#primaryimage\"},\"thumbnailUrl\":\"https:\\\/\\\/web.enjoyersworld.com\\\/wp-content\\\/uploads\\\/2024\\\/04\\\/metaverso-ew11win-enjoyersworld.webp\",\"datePublished\":\"2023-11-29T14:25:39+00:00\",\"dateModified\":\"2024-04-08T15:01:43+00:00\",\"breadcrumb\":{\"@id\":\"https:\\\/\\\/web.enjoyersworld.com\\\/tr\\\/shop\\\/metaverse-pack-win\\\/metaverso-ew-11-win\\\/#breadcrumb\"},\"inLanguage\":\"tr\",\"potentialAction\":[{\"@type\":\"ReadAction\",\"target\":[\"https:\\\/\\\/web.enjoyersworld.com\\\/tr\\\/shop\\\/metaverse-pack-win\\\/metaverso-ew-11-win\\\/\"]}]},{\"@type\":\"ImageObject\",\"inLanguage\":\"tr\",\"@id\":\"https:\\\/\\\/web.enjoyersworld.com\\\/tr\\\/shop\\\/metaverse-pack-win\\\/metaverso-ew-11-win\\\/#primaryimage\",\"url\":\"https:\\\/\\\/web.enjoyersworld.com\\\/wp-content\\\/uploads\\\/2024\\\/04\\\/metaverso-ew11win-enjoyersworld.webp\",\"contentUrl\":\"https:\\\/\\\/web.enjoyersworld.com\\\/wp-content\\\/uploads\\\/2024\\\/04\\\/metaverso-ew11win-enjoyersworld.webp\",\"width\":700,\"height\":700},{\"@type\":\"BreadcrumbList\",\"@id\":\"https:\\\/\\\/web.enjoyersworld.com\\\/tr\\\/shop\\\/metaverse-pack-win\\\/metaverso-ew-11-win\\\/#breadcrumb\",\"itemListElement\":[{\"@type\":\"ListItem\",\"position\":1,\"name\":\"Portada\",\"item\":\"https:\\\/\\\/web.enjoyersworld.com\\\/\"},{\"@type\":\"ListItem\",\"position\":2,\"name\":\"Shop\",\"item\":\"https:\\\/\\\/web.enjoyersworld.com\\\/shop-old\\\/\"},{\"@type\":\"ListItem\",\"position\":3,\"name\":\"Metaverso EW 11 Win\"}]},{\"@type\":\"WebSite\",\"@id\":\"https:\\\/\\\/web.enjoyersworld.com\\\/#website\",\"url\":\"https:\\\/\\\/web.enjoyersworld.com\\\/\",\"name\":\"EnjoyersWorld la Plataforma del Metaverso\",\"description\":\"Plataforma de Metaversos, gestiona tu propio Metaverso\",\"publisher\":{\"@id\":\"https:\\\/\\\/web.enjoyersworld.com\\\/#organization\"},\"potentialAction\":[{\"@type\":\"SearchAction\",\"target\":{\"@type\":\"EntryPoint\",\"urlTemplate\":\"https:\\\/\\\/web.enjoyersworld.com\\\/?s={search_term_string}\"},\"query-input\":{\"@type\":\"PropertyValueSpecification\",\"valueRequired\":true,\"valueName\":\"search_term_string\"}}],\"inLanguage\":\"tr\"},{\"@type\":\"Organization\",\"@id\":\"https:\\\/\\\/web.enjoyersworld.com\\\/#organization\",\"name\":\"EnjoyersWorld la Plataforma del Metaverso\",\"url\":\"https:\\\/\\\/web.enjoyersworld.com\\\/\",\"logo\":{\"@type\":\"ImageObject\",\"inLanguage\":\"tr\",\"@id\":\"https:\\\/\\\/web.enjoyersworld.com\\\/#\\\/schema\\\/logo\\\/image\\\/\",\"url\":\"https:\\\/\\\/web.enjoyersworld.com\\\/wp-content\\\/uploads\\\/2025\\\/11\\\/Logo-vertical.svg\",\"contentUrl\":\"https:\\\/\\\/web.enjoyersworld.com\\\/wp-content\\\/uploads\\\/2025\\\/11\\\/Logo-vertical.svg\",\"width\":447,\"height\":139,\"caption\":\"EnjoyersWorld la Plataforma del Metaverso\"},\"image\":{\"@id\":\"https:\\\/\\\/web.enjoyersworld.com\\\/#\\\/schema\\\/logo\\\/image\\\/\"},\"sameAs\":[\"https:\\\/\\\/www.facebook.com\\\/EnjoyersWorld\\\/\",\"https:\\\/\\\/x.com\\\/enjoyersworld_\"]}]}<\/script>\n<!-- \/ Yoast SEO plugin. -->","yoast_head_json":{"title":"Metaverso EW 11 Win - EnjoyersWorld la Plataforma del Metaverso","robots":{"index":"index","follow":"follow","max-snippet":"max-snippet:-1","max-image-preview":"max-image-preview:large","max-video-preview":"max-video-preview:-1"},"canonical":"https:\/\/web.enjoyersworld.com\/tr\/shop\/metaverse-pack-win\/metaverso-ew-11-win\/","og_locale":"tr_TR","og_type":"article","og_title":"Metaverso EW 11 Win - EnjoyersWorld la Plataforma del Metaverso","og_description":"EW11 es el entorno dual. Por un lado, una amplia sala con columnas que permiten crear distintos espacios en uno. Al fondo, se abre una puerta que se abre y se cierra y que da paso a una sala privada donde exponer todo aquello que necesita de la discreci\u00f3n de un espacio aparte. Y todo con una combinaci\u00f3n de colores y materiales de una calidad insuperable.","og_url":"https:\/\/web.enjoyersworld.com\/tr\/shop\/metaverse-pack-win\/metaverso-ew-11-win\/","og_site_name":"EnjoyersWorld la Plataforma del Metaverso","article_publisher":"https:\/\/www.facebook.com\/EnjoyersWorld\/","article_modified_time":"2024-04-08T15:01:43+00:00","og_image":[{"width":700,"height":700,"url":"https:\/\/web.enjoyersworld.com\/wp-content\/uploads\/2024\/04\/metaverso-ew11win-enjoyersworld.webp","type":"image\/webp"}],"twitter_card":"summary_large_image","twitter_site":"@enjoyersworld_","twitter_misc":{"Tahmini okuma s\u00fcresi":"3 dakika"},"schema":{"@context":"https:\/\/schema.org","@graph":[{"@type":"WebPage","@id":"https:\/\/web.enjoyersworld.com\/tr\/shop\/metaverse-pack-win\/metaverso-ew-11-win\/","url":"https:\/\/web.enjoyersworld.com\/tr\/shop\/metaverse-pack-win\/metaverso-ew-11-win\/","name":"Metaverso EW 11 Win - EnjoyersWorld la Plataforma del Metaverso","isPartOf":{"@id":"https:\/\/web.enjoyersworld.com\/#website"},"primaryImageOfPage":{"@id":"https:\/\/web.enjoyersworld.com\/tr\/shop\/metaverse-pack-win\/metaverso-ew-11-win\/#primaryimage"},"image":{"@id":"https:\/\/web.enjoyersworld.com\/tr\/shop\/metaverse-pack-win\/metaverso-ew-11-win\/#primaryimage"},"thumbnailUrl":"https:\/\/web.enjoyersworld.com\/wp-content\/uploads\/2024\/04\/metaverso-ew11win-enjoyersworld.webp","datePublished":"2023-11-29T14:25:39+00:00","dateModified":"2024-04-08T15:01:43+00:00","breadcrumb":{"@id":"https:\/\/web.enjoyersworld.com\/tr\/shop\/metaverse-pack-win\/metaverso-ew-11-win\/#breadcrumb"},"inLanguage":"tr","potentialAction":[{"@type":"ReadAction","target":["https:\/\/web.enjoyersworld.com\/tr\/shop\/metaverse-pack-win\/metaverso-ew-11-win\/"]}]},{"@type":"ImageObject","inLanguage":"tr","@id":"https:\/\/web.enjoyersworld.com\/tr\/shop\/metaverse-pack-win\/metaverso-ew-11-win\/#primaryimage","url":"https:\/\/web.enjoyersworld.com\/wp-content\/uploads\/2024\/04\/metaverso-ew11win-enjoyersworld.webp","contentUrl":"https:\/\/web.enjoyersworld.com\/wp-content\/uploads\/2024\/04\/metaverso-ew11win-enjoyersworld.webp","width":700,"height":700},{"@type":"BreadcrumbList","@id":"https:\/\/web.enjoyersworld.com\/tr\/shop\/metaverse-pack-win\/metaverso-ew-11-win\/#breadcrumb","itemListElement":[{"@type":"ListItem","position":1,"name":"Portada","item":"https:\/\/web.enjoyersworld.com\/"},{"@type":"ListItem","position":2,"name":"Shop","item":"https:\/\/web.enjoyersworld.com\/shop-old\/"},{"@type":"ListItem","position":3,"name":"Metaverso EW 11 Win"}]},{"@type":"WebSite","@id":"https:\/\/web.enjoyersworld.com\/#website","url":"https:\/\/web.enjoyersworld.com\/","name":"EnjoyersWorld Metaverse Platformu","description":"Platform Metaversos, kendi Metaverse'inizi y\u00f6netin","publisher":{"@id":"https:\/\/web.enjoyersworld.com\/#organization"},"potentialAction":[{"@type":"SearchAction","target":{"@type":"EntryPoint","urlTemplate":"https:\/\/web.enjoyersworld.com\/?s={search_term_string}"},"query-input":{"@type":"PropertyValueSpecification","valueRequired":true,"valueName":"search_term_string"}}],"inLanguage":"tr"},{"@type":"Organization","@id":"https:\/\/web.enjoyersworld.com\/#organization","name":"EnjoyersWorld Metaverse Platformu","url":"https:\/\/web.enjoyersworld.com\/","logo":{"@type":"ImageObject","inLanguage":"tr","@id":"https:\/\/web.enjoyersworld.com\/#\/schema\/logo\/image\/","url":"https:\/\/web.enjoyersworld.com\/wp-content\/uploads\/2025\/11\/Logo-vertical.svg","contentUrl":"https:\/\/web.enjoyersworld.com\/wp-content\/uploads\/2025\/11\/Logo-vertical.svg","width":447,"height":139,"caption":"EnjoyersWorld la Plataforma del Metaverso"},"image":{"@id":"https:\/\/web.enjoyersworld.com\/#\/schema\/logo\/image\/"},"sameAs":["https:\/\/www.facebook.com\/EnjoyersWorld\/","https:\/\/x.com\/enjoyersworld_"]}]}},"_links":{"self":[{"href":"https:\/\/web.enjoyersworld.com\/tr\/wp-json\/wp\/v2\/product\/4063","targetHints":{"allow":["GET"]}}],"collection":[{"href":"https:\/\/web.enjoyersworld.com\/tr\/wp-json\/wp\/v2\/product"}],"about":[{"href":"https:\/\/web.enjoyersworld.com\/tr\/wp-json\/wp\/v2\/types\/product"}],"wp:featuredmedia":[{"embeddable":true,"href":"https:\/\/web.enjoyersworld.com\/tr\/wp-json\/wp\/v2\/media\/6209"}],"wp:attachment":[{"href":"https:\/\/web.enjoyersworld.com\/tr\/wp-json\/wp\/v2\/media?parent=4063"}],"wp:term":[{"taxonomy":"product_brand","embeddable":true,"href":"https:\/\/web.enjoyersworld.com\/tr\/wp-json\/wp\/v2\/product_brand?post=4063"},{"taxonomy":"product_cat","embeddable":true,"href":"https:\/\/web.enjoyersworld.com\/tr\/wp-json\/wp\/v2\/product_cat?post=4063"},{"taxonomy":"product_tag","embeddable":true,"href":"https:\/\/web.enjoyersworld.com\/tr\/wp-json\/wp\/v2\/product_tag?post=4063"}],"curies":[{"name":"wp","href":"https:\/\/api.w.org\/{rel}","templated":true}]}}