{"id":10789,"date":"2025-11-30T19:07:04","date_gmt":"2025-11-30T18:07:04","guid":{"rendered":"https:\/\/web.enjoyersworld.com\/?page_id=10789"},"modified":"2025-12-23T16:36:51","modified_gmt":"2025-12-23T15:36:51","slug":"blog-ew","status":"publish","type":"page","link":"https:\/\/web.enjoyersworld.com\/zh\/blog-ew\/","title":{"rendered":"\u535a\u5ba2\u2013EW"},"content":{"rendered":"<div data-elementor-type=\"page\" data-elementor-id=\"10789\" class=\"elementor elementor-10789\" data-elementor-post-type=\"page\">\n\t\t\t\t<div class=\"elementor-element elementor-element-98ae5e7 e-flex e-con-boxed e-con e-parent\" data-id=\"98ae5e7\" data-element_type=\"container\" data-e-type=\"container\">\n\t\t\t\t\t<div class=\"e-con-inner\">\n\t\t<div class=\"elementor-element elementor-element-f02f1f5 e-con-full e-flex e-con e-child\" data-id=\"f02f1f5\" data-element_type=\"container\" data-e-type=\"container\">\n\t\t\t\t<div class=\"elementor-element elementor-element-2aafb33 elementor-widget elementor-widget-heading\" data-id=\"2aafb33\" data-element_type=\"widget\" data-e-type=\"widget\" data-widget_type=\"heading.default\">\n\t\t\t\t<div class=\"elementor-widget-container\">\n\t\t\t\t\t<h2 class=\"elementor-heading-title elementor-size-default\">\u6240\u6709\u7684\u65b0\u95fb<\/h2>\t\t\t\t<\/div>\n\t\t\t\t<\/div>\n\t\t\t\t<\/div>\n\t\t<div class=\"elementor-element elementor-element-c37651a e-con-full e-flex e-con e-child\" data-id=\"c37651a\" data-element_type=\"container\" data-e-type=\"container\">\n\t\t\t\t<div class=\"elementor-element elementor-element-c15b7b3 elementor-widget__width-initial elementor-widget elementor-widget-search\" data-id=\"c15b7b3\" data-element_type=\"widget\" data-e-type=\"widget\" data-settings=\"{&quot;submit_trigger&quot;:&quot;key_enter&quot;,&quot;pagination_type_options&quot;:&quot;none&quot;}\" data-widget_type=\"search.default\">\n\t\t\t\t<div class=\"elementor-widget-container\">\n\t\t\t\t\t\t\t<search class=\"e-search hidden\" role=\"search\">\n\t\t\t<form class=\"e-search-form\" action=\"https:\/\/web.enjoyersworld.com\/zh\/\" method=\"get\" data-trp-original-action=\"https:\/\/web.enjoyersworld.com\/zh\">\n\n\t\t\t\t\n\t\t\t\t<label class=\"e-search-label\" for=\"search-c15b7b3\">\n\t\t\t\t\t<span class=\"elementor-screen-only\">\n\t\t\t\t\t\tSearch\t\t\t\t\t<\/span>\n\t\t\t\t\t\t\t\t\t<\/label>\n\n\t\t\t\t<div class=\"e-search-input-wrapper\">\n\t\t\t\t\t<input id=\"search-c15b7b3\" placeholder=\"\u641c\u5bfb\u65b0\u95fb\" class=\"e-search-input\" type=\"search\" name=\"s\" value=\"\" autocomplete=\"off\" role=\"combobox\" aria-autocomplete=\"list\" aria-expanded=\"false\" aria-controls=\"results-c15b7b3\" aria-haspopup=\"listbox\">\n\t\t\t\t\t<i aria-hidden=\"true\" class=\"fas fa-times\"><\/i>\t\t\t\t\t\t\t\t\t\t<output id=\"results-c15b7b3\" class=\"e-search-results-container hide-loader\" aria-live=\"polite\" aria-atomic=\"true\" aria-label=\"Results for search\" tabindex=\"0\">\n\t\t\t\t\t\t<div class=\"e-search-results\"><\/div>\n\t\t\t\t\t\t\t\t\t\t\t<\/output>\n\t\t\t\t\t\t\t\t\t<\/div>\n\t\t\t\t\n\t\t\t\t\n\t\t\t\t<button class=\"e-search-submit elementor-screen-only\" type=\"submit\" aria-label=\"Search\">\n\t\t\t\t\t\n\t\t\t\t\t\t\t\t\t<\/button>\n\t\t\t\t<input type=\"hidden\" name=\"e_search_props\" value=\"c15b7b3-10789\">\n\t\t\t<input type=\"hidden\" name=\"trp-form-language\" value=\"zh\"\/><\/form>\n\t\t<\/search>\n\t\t\t\t\t\t<\/div>\n\t\t\t\t<\/div>\n\t\t\t\t<\/div>\n\t\t\t\t\t<\/div>\n\t\t\t\t<\/div>\n\t\t<div class=\"elementor-element elementor-element-4313847 e-flex e-con-boxed e-con e-parent\" data-id=\"4313847\" data-element_type=\"container\" data-e-type=\"container\">\n\t\t\t\t\t<div class=\"e-con-inner\">\n\t\t\t\t<div class=\"elementor-element elementor-element-e735b22 elementor-widget elementor-widget-wp-widget-tag_cloud\" data-id=\"e735b22\" data-element_type=\"widget\" data-e-type=\"widget\" data-widget_type=\"wp-widget-tag_cloud.default\">\n\t\t\t\t<div class=\"elementor-widget-container\">\n\t\t\t\t\t<h5>\u6807\u7b7e<\/h5><nav aria-label=\"\u6807\u7b7e\"><div class=\"tagcloud\"><a href=\"https:\/\/web.enjoyersworld.com\/zh\/tag\/editorial-y-libros\/\" class=\"tag-cloud-link tag-link-28 tag-link-position-1\" style=\"font-size: 8pt;\" aria-label=\"Editorial y Libros (2 \u9879)\">\u548c\u4e66\u7c4d\u7684\u7f16\u8f91<\/a>\n<a href=\"https:\/\/web.enjoyersworld.com\/zh\/tag\/hogar-y-decoracion\/\" class=\"tag-cloud-link tag-link-23 tag-link-position-2\" style=\"font-size: 8pt;\" aria-label=\"Hogar y Decoraci\u00f3n (2 \u9879)\">\u5bb6\u5ead\u548c\u88c5\u9970<\/a>\n<a href=\"https:\/\/web.enjoyersworld.com\/zh\/tag\/musica\/\" class=\"tag-cloud-link tag-link-31 tag-link-position-3\" style=\"font-size: 8pt;\" aria-label=\"M\u00fasica (2 \u9879)\">\u97f3\u4e50<\/a><\/div>\n<\/nav>\t\t\t\t<\/div>\n\t\t\t\t<\/div>\n\t\t\t\t<div class=\"elementor-element elementor-element-ea16bca elementor-grid-3 elementor-grid-tablet-2 elementor-grid-mobile-1 elementor-posts--thumbnail-top elementor-posts__hover-gradient elementor-widget elementor-widget-posts\" data-id=\"ea16bca\" data-element_type=\"widget\" data-e-type=\"widget\" data-settings=\"{&quot;cards_masonry&quot;:&quot;yes&quot;,&quot;cards_row_gap&quot;:{&quot;unit&quot;:&quot;px&quot;,&quot;size&quot;:22,&quot;sizes&quot;:[]},&quot;cards_columns&quot;:&quot;3&quot;,&quot;cards_columns_tablet&quot;:&quot;2&quot;,&quot;cards_columns_mobile&quot;:&quot;1&quot;,&quot;cards_row_gap_tablet&quot;:{&quot;unit&quot;:&quot;px&quot;,&quot;size&quot;:&quot;&quot;,&quot;sizes&quot;:[]},&quot;cards_row_gap_mobile&quot;:{&quot;unit&quot;:&quot;px&quot;,&quot;size&quot;:&quot;&quot;,&quot;sizes&quot;:[]}}\" data-widget_type=\"posts.cards\">\n\t\t\t\t<div class=\"elementor-widget-container\">\n\t\t\t\t\t\t\t<div class=\"elementor-posts-container elementor-posts elementor-posts--skin-cards elementor-grid\" role=\"list\">\n\t\t\t\t<article class=\"elementor-post elementor-grid-item post-11293 post type-post status-publish format-standard has-post-thumbnail hentry category-blog category-comercio tag-editorial-y-libros tag-hogar-y-decoracion tag-musica\" role=\"listitem\">\n\t\t\t<div class=\"elementor-post__card\">\n\t\t\t\t<a class=\"elementor-post__thumbnail__link\" href=\"https:\/\/web.enjoyersworld.com\/zh\/turismo-madrid\/\" tabindex=\"-1\" ><div class=\"elementor-post__thumbnail\"><img fetchpriority=\"high\" decoding=\"async\" width=\"300\" height=\"224\" src=\"https:\/\/web.enjoyersworld.com\/wp-content\/uploads\/2025\/12\/Metaverso_Turismo_Madrid-300x224.webp\" class=\"attachment-medium size-medium wp-image-11299\" alt=\"\" srcset=\"https:\/\/web.enjoyersworld.com\/wp-content\/uploads\/2025\/12\/Metaverso_Turismo_Madrid-300x224.webp 300w, https:\/\/web.enjoyersworld.com\/wp-content\/uploads\/2025\/12\/Metaverso_Turismo_Madrid-1024x764.webp 1024w, https:\/\/web.enjoyersworld.com\/wp-content\/uploads\/2025\/12\/Metaverso_Turismo_Madrid-768x573.webp 768w, https:\/\/web.enjoyersworld.com\/wp-content\/uploads\/2025\/12\/Metaverso_Turismo_Madrid-1536x1146.webp 1536w, https:\/\/web.enjoyersworld.com\/wp-content\/uploads\/2025\/12\/Metaverso_Turismo_Madrid-600x448.webp 600w, https:\/\/web.enjoyersworld.com\/wp-content\/uploads\/2025\/12\/Metaverso_Turismo_Madrid.webp 1600w\" sizes=\"(max-width: 300px) 100vw, 300px\" \/><\/div><\/a>\n\t\t\t\t<div class=\"elementor-post__text\">\n\t\t\t\t<h3 class=\"elementor-post__title\">\n\t\t\t<a href=\"https:\/\/web.enjoyersworld.com\/zh\/turismo-madrid\/\" >\n\t\t\t\t\u65c5\u6e38\u4e1a\u662f\u9a6c\u5fb7\u91cc\t\t\t<\/a>\n\t\t<\/h3>\n\t\t\t\t<div class=\"elementor-post__excerpt\">\n\t\t\t<p>\u865a\u62df\u5b9e\u5883\u65c5\u6e38\u4e1a\u9a6c\u5fb7\u91cc\u8fd9\u662f\u865a\u62df\u5b9e\u5883\u53d1\u5c55\u4fc3\u8fdb\u65c5\u6e38\u4e1a\u7684\u9a6c\u5fb7\u91cc\u3002 \u5206\u4eab\u8fd9\u7bc7\u6587\u7ae0\uff1aFacebook Twitter\u8d77\u9605\u8bfb\u66f4\u591a<\/p>\n\t\t<\/div>\n\t\t\t\t<\/div>\n\t\t\t\t\t<\/div>\n\t\t<\/article>\n\t\t\t\t<article class=\"elementor-post elementor-grid-item post-29 post type-post status-publish format-standard has-post-thumbnail hentry category-blog category-comercio tag-editorial-y-libros tag-hogar-y-decoracion tag-musica\" role=\"listitem\">\n\t\t\t<div class=\"elementor-post__card\">\n\t\t\t\t<a class=\"elementor-post__thumbnail__link\" href=\"https:\/\/web.enjoyersworld.com\/zh\/que-es-diferente\/\" tabindex=\"-1\" ><div class=\"elementor-post__thumbnail\"><img decoding=\"async\" width=\"300\" height=\"224\" src=\"https:\/\/web.enjoyersworld.com\/wp-content\/uploads\/2022\/08\/Proyecto-Calatrava-La-Nueva-300x224.webp\" class=\"attachment-medium size-medium wp-image-11288\" alt=\"\" srcset=\"https:\/\/web.enjoyersworld.com\/wp-content\/uploads\/2022\/08\/Proyecto-Calatrava-La-Nueva-300x224.webp 300w, https:\/\/web.enjoyersworld.com\/wp-content\/uploads\/2022\/08\/Proyecto-Calatrava-La-Nueva-1024x764.webp 1024w, https:\/\/web.enjoyersworld.com\/wp-content\/uploads\/2022\/08\/Proyecto-Calatrava-La-Nueva-768x573.webp 768w, https:\/\/web.enjoyersworld.com\/wp-content\/uploads\/2022\/08\/Proyecto-Calatrava-La-Nueva-1536x1146.webp 1536w, https:\/\/web.enjoyersworld.com\/wp-content\/uploads\/2022\/08\/Proyecto-Calatrava-La-Nueva-600x448.webp 600w, https:\/\/web.enjoyersworld.com\/wp-content\/uploads\/2022\/08\/Proyecto-Calatrava-La-Nueva.webp 1600w\" sizes=\"(max-width: 300px) 100vw, 300px\" \/><\/div><\/a>\n\t\t\t\t<div class=\"elementor-post__text\">\n\t\t\t\t<h3 class=\"elementor-post__title\">\n\t\t\t<a href=\"https:\/\/web.enjoyersworld.com\/zh\/que-es-diferente\/\" >\n\t\t\t\t\u9879\u76ee\u7684\u62c9\u74e6la Nueva\t\t\t<\/a>\n\t\t<\/h3>\n\t\t\t\t<div class=\"elementor-post__excerpt\">\n\t\t\t<p>\u9879\u76ee\u7684\u62c9\u74e6La Nueva\uff0c\u53d1\u73b0\u62c9\u74e6la Nueva\u7684\uff0c\u5728\u865a\u62df\u5b9e\u5883\u7684\u5361\u65af\u8482\u5229\u4e9a-\u62c9\u66fc\u6070\uff1a\u4e00\u4e2a\u72ec\u7279\u7684\u7ecf\u9a8c\uff0c\u56e2\u7ed3\u65c5\u6e38\u4e1a\u3001\u5386\u53f2\u548c\u6280\u672f<\/p>\n\t\t<\/div>\n\t\t\t\t<\/div>\n\t\t\t\t\t<\/div>\n\t\t<\/article>\n\t\t\t\t<\/div>\n\t\t\n\t\t\t\t\t\t<\/div>\n\t\t\t\t<\/div>\n\t\t\t\t\t<\/div>\n\t\t\t\t<\/div>\n\t\t\t\t<\/div>","protected":false},"excerpt":{"rendered":"<p>Todas las noticias Buscar<\/p>","protected":false},"author":1,"featured_media":0,"parent":0,"menu_order":0,"comment_status":"closed","ping_status":"closed","template":"","meta":{"footnotes":""},"class_list":["post-10789","page","type-page","status-publish","hentry"],"yoast_head":"<!-- This site is optimized with the Yoast SEO plugin v27.3 - https:\/\/yoast.com\/product\/yoast-seo-wordpress\/ -->\n<title>Blog - EW - EnjoyersWorld la Plataforma del Metaverso<\/title>\n<meta name=\"description\" content=\"Conoce en nuestro blog del metaverso las \u00faltimas novedades sobre esta revolucionaria tecnolog\u00eda, realidad aumentada, IA y mucho m\u00e1s.\" \/>\n<meta name=\"robots\" content=\"index, follow, max-snippet:-1, max-image-preview:large, max-video-preview:-1\" \/>\n<link rel=\"canonical\" href=\"https:\/\/web.enjoyersworld.com\/zh\/blog-ew\/\" \/>\n<meta property=\"og:locale\" content=\"zh_CN\" \/>\n<meta property=\"og:type\" content=\"article\" \/>\n<meta property=\"og:title\" content=\"Blog - EW - EnjoyersWorld la Plataforma del Metaverso\" \/>\n<meta property=\"og:description\" content=\"Conoce en nuestro blog del metaverso las \u00faltimas novedades sobre esta revolucionaria tecnolog\u00eda, realidad aumentada, IA y mucho m\u00e1s.\" \/>\n<meta property=\"og:url\" content=\"https:\/\/web.enjoyersworld.com\/zh\/blog-ew\/\" \/>\n<meta property=\"og:site_name\" content=\"EnjoyersWorld la Plataforma del Metaverso\" \/>\n<meta property=\"article:publisher\" content=\"https:\/\/www.facebook.com\/EnjoyersWorld\/\" \/>\n<meta property=\"article:modified_time\" content=\"2025-12-23T15:36:51+00:00\" \/>\n<meta name=\"twitter:card\" content=\"summary_large_image\" \/>\n<meta name=\"twitter:site\" content=\"@enjoyersworld_\" \/>\n<meta name=\"twitter:label1\" content=\"\u9884\u8ba1\u9605\u8bfb\u65f6\u95f4\" \/>\n\t<meta name=\"twitter:data1\" content=\"1 \u5206\" \/>\n<script type=\"application\/ld+json\" class=\"yoast-schema-graph\">{\"@context\":\"https:\\\/\\\/schema.org\",\"@graph\":[{\"@type\":\"WebPage\",\"@id\":\"https:\\\/\\\/web.enjoyersworld.com\\\/blog-ew\\\/\",\"url\":\"https:\\\/\\\/web.enjoyersworld.com\\\/blog-ew\\\/\",\"name\":\"Blog - EW - EnjoyersWorld la Plataforma del Metaverso\",\"isPartOf\":{\"@id\":\"https:\\\/\\\/web.enjoyersworld.com\\\/#website\"},\"datePublished\":\"2025-11-30T18:07:04+00:00\",\"dateModified\":\"2025-12-23T15:36:51+00:00\",\"description\":\"Conoce en nuestro blog del metaverso las \u00faltimas novedades sobre esta revolucionaria tecnolog\u00eda, realidad aumentada, IA y mucho m\u00e1s.\",\"breadcrumb\":{\"@id\":\"https:\\\/\\\/web.enjoyersworld.com\\\/blog-ew\\\/#breadcrumb\"},\"inLanguage\":\"zh-Hans\",\"potentialAction\":[{\"@type\":\"ReadAction\",\"target\":[\"https:\\\/\\\/web.enjoyersworld.com\\\/blog-ew\\\/\"]}]},{\"@type\":\"BreadcrumbList\",\"@id\":\"https:\\\/\\\/web.enjoyersworld.com\\\/blog-ew\\\/#breadcrumb\",\"itemListElement\":[{\"@type\":\"ListItem\",\"position\":1,\"name\":\"Portada\",\"item\":\"https:\\\/\\\/web.enjoyersworld.com\\\/\"},{\"@type\":\"ListItem\",\"position\":2,\"name\":\"Blog &#8211; EW\"}]},{\"@type\":\"WebSite\",\"@id\":\"https:\\\/\\\/web.enjoyersworld.com\\\/#website\",\"url\":\"https:\\\/\\\/web.enjoyersworld.com\\\/\",\"name\":\"EnjoyersWorld la Plataforma del Metaverso\",\"description\":\"Plataforma de Metaversos, gestiona tu propio Metaverso\",\"publisher\":{\"@id\":\"https:\\\/\\\/web.enjoyersworld.com\\\/#organization\"},\"potentialAction\":[{\"@type\":\"SearchAction\",\"target\":{\"@type\":\"EntryPoint\",\"urlTemplate\":\"https:\\\/\\\/web.enjoyersworld.com\\\/?s={search_term_string}\"},\"query-input\":{\"@type\":\"PropertyValueSpecification\",\"valueRequired\":true,\"valueName\":\"search_term_string\"}}],\"inLanguage\":\"zh-Hans\"},{\"@type\":\"Organization\",\"@id\":\"https:\\\/\\\/web.enjoyersworld.com\\\/#organization\",\"name\":\"EnjoyersWorld la Plataforma del Metaverso\",\"url\":\"https:\\\/\\\/web.enjoyersworld.com\\\/\",\"logo\":{\"@type\":\"ImageObject\",\"inLanguage\":\"zh-Hans\",\"@id\":\"https:\\\/\\\/web.enjoyersworld.com\\\/#\\\/schema\\\/logo\\\/image\\\/\",\"url\":\"https:\\\/\\\/web.enjoyersworld.com\\\/wp-content\\\/uploads\\\/2025\\\/11\\\/Logo-vertical.svg\",\"contentUrl\":\"https:\\\/\\\/web.enjoyersworld.com\\\/wp-content\\\/uploads\\\/2025\\\/11\\\/Logo-vertical.svg\",\"width\":447,\"height\":139,\"caption\":\"EnjoyersWorld la Plataforma del Metaverso\"},\"image\":{\"@id\":\"https:\\\/\\\/web.enjoyersworld.com\\\/#\\\/schema\\\/logo\\\/image\\\/\"},\"sameAs\":[\"https:\\\/\\\/www.facebook.com\\\/EnjoyersWorld\\\/\",\"https:\\\/\\\/x.com\\\/enjoyersworld_\"]}]}<\/script>\n<!-- \/ Yoast SEO plugin. -->","yoast_head_json":{"title":"\u535a\u5ba2-EW-EnjoyersWorld\u5e73\u53f0\u7684\u865a\u62df\u5b9e\u5883","description":"\u4f60\u77e5\u9053\u5728\u6211\u4eec\u7684\u535a\u5ba2\u865a\u62df\u5b9e\u5883\u7684\u6700\u65b0\u6d88\u606f\uff0c\u5173\u4e8e\u8fd9\u4e2a\u9769\u547d\u6027\u7684\u6280\u672f\uff0c\u589e\u5f3a\u73b0\u5b9e\uff0c\u5927\u8d66\u56fd\u9645\uff0c\u4ee5\u53ca\u66f4\u591a\u3002","robots":{"index":"index","follow":"follow","max-snippet":"max-snippet:-1","max-image-preview":"max-image-preview:large","max-video-preview":"max-video-preview:-1"},"canonical":"https:\/\/web.enjoyersworld.com\/zh\/blog-ew\/","og_locale":"zh_CN","og_type":"article","og_title":"Blog - EW - EnjoyersWorld la Plataforma del Metaverso","og_description":"Conoce en nuestro blog del metaverso las \u00faltimas novedades sobre esta revolucionaria tecnolog\u00eda, realidad aumentada, IA y mucho m\u00e1s.","og_url":"https:\/\/web.enjoyersworld.com\/zh\/blog-ew\/","og_site_name":"EnjoyersWorld la Plataforma del Metaverso","article_publisher":"https:\/\/www.facebook.com\/EnjoyersWorld\/","article_modified_time":"2025-12-23T15:36:51+00:00","twitter_card":"summary_large_image","twitter_site":"@enjoyersworld_","twitter_misc":{"\u9884\u8ba1\u9605\u8bfb\u65f6\u95f4":"1 \u5206"},"schema":{"@context":"https:\/\/schema.org","@graph":[{"@type":"WebPage","@id":"https:\/\/web.enjoyersworld.com\/blog-ew\/","url":"https:\/\/web.enjoyersworld.com\/blog-ew\/","name":"\u535a\u5ba2-EW-EnjoyersWorld\u5e73\u53f0\u7684\u865a\u62df\u5b9e\u5883","isPartOf":{"@id":"https:\/\/web.enjoyersworld.com\/#website"},"datePublished":"2025-11-30T18:07:04+00:00","dateModified":"2025-12-23T15:36:51+00:00","description":"\u4f60\u77e5\u9053\u5728\u6211\u4eec\u7684\u535a\u5ba2\u865a\u62df\u5b9e\u5883\u7684\u6700\u65b0\u6d88\u606f\uff0c\u5173\u4e8e\u8fd9\u4e2a\u9769\u547d\u6027\u7684\u6280\u672f\uff0c\u589e\u5f3a\u73b0\u5b9e\uff0c\u5927\u8d66\u56fd\u9645\uff0c\u4ee5\u53ca\u66f4\u591a\u3002","breadcrumb":{"@id":"https:\/\/web.enjoyersworld.com\/blog-ew\/#breadcrumb"},"inLanguage":"zh-Hans","potentialAction":[{"@type":"ReadAction","target":["https:\/\/web.enjoyersworld.com\/blog-ew\/"]}]},{"@type":"BreadcrumbList","@id":"https:\/\/web.enjoyersworld.com\/blog-ew\/#breadcrumb","itemListElement":[{"@type":"ListItem","position":1,"name":"Portada","item":"https:\/\/web.enjoyersworld.com\/"},{"@type":"ListItem","position":2,"name":"Blog &#8211; EW"}]},{"@type":"WebSite","@id":"https:\/\/web.enjoyersworld.com\/#website","url":"https:\/\/web.enjoyersworld.com\/","name":"EnjoyersWorld\u5e73\u53f0\u7684\u865a\u62df\u5b9e\u5883","description":"\u5e73\u53f0Metaversos\uff0c\u7ba1\u7406\u81ea\u5df1\u7684\u865a\u62df\u5b9e\u5883","publisher":{"@id":"https:\/\/web.enjoyersworld.com\/#organization"},"potentialAction":[{"@type":"SearchAction","target":{"@type":"EntryPoint","urlTemplate":"https:\/\/web.enjoyersworld.com\/?s={search_term_string}"},"query-input":{"@type":"PropertyValueSpecification","valueRequired":true,"valueName":"search_term_string"}}],"inLanguage":"zh-Hans"},{"@type":"Organization","@id":"https:\/\/web.enjoyersworld.com\/#organization","name":"EnjoyersWorld\u5e73\u53f0\u7684\u865a\u62df\u5b9e\u5883","url":"https:\/\/web.enjoyersworld.com\/","logo":{"@type":"ImageObject","inLanguage":"zh-Hans","@id":"https:\/\/web.enjoyersworld.com\/#\/schema\/logo\/image\/","url":"https:\/\/web.enjoyersworld.com\/wp-content\/uploads\/2025\/11\/Logo-vertical.svg","contentUrl":"https:\/\/web.enjoyersworld.com\/wp-content\/uploads\/2025\/11\/Logo-vertical.svg","width":447,"height":139,"caption":"EnjoyersWorld la Plataforma del Metaverso"},"image":{"@id":"https:\/\/web.enjoyersworld.com\/#\/schema\/logo\/image\/"},"sameAs":["https:\/\/www.facebook.com\/EnjoyersWorld\/","https:\/\/x.com\/enjoyersworld_"]}]}},"_links":{"self":[{"href":"https:\/\/web.enjoyersworld.com\/zh\/wp-json\/wp\/v2\/pages\/10789","targetHints":{"allow":["GET"]}}],"collection":[{"href":"https:\/\/web.enjoyersworld.com\/zh\/wp-json\/wp\/v2\/pages"}],"about":[{"href":"https:\/\/web.enjoyersworld.com\/zh\/wp-json\/wp\/v2\/types\/page"}],"author":[{"embeddable":true,"href":"https:\/\/web.enjoyersworld.com\/zh\/wp-json\/wp\/v2\/users\/1"}],"replies":[{"embeddable":true,"href":"https:\/\/web.enjoyersworld.com\/zh\/wp-json\/wp\/v2\/comments?post=10789"}],"version-history":[{"count":4,"href":"https:\/\/web.enjoyersworld.com\/zh\/wp-json\/wp\/v2\/pages\/10789\/revisions"}],"predecessor-version":[{"id":10917,"href":"https:\/\/web.enjoyersworld.com\/zh\/wp-json\/wp\/v2\/pages\/10789\/revisions\/10917"}],"wp:attachment":[{"href":"https:\/\/web.enjoyersworld.com\/zh\/wp-json\/wp\/v2\/media?parent=10789"}],"curies":[{"name":"wp","href":"https:\/\/api.w.org\/{rel}","templated":true}]}}